{"id":92,"date":"2020-01-14T16:52:50","date_gmt":"2020-01-14T15:52:50","guid":{"rendered":"http:\/\/6io.fr\/beta\/?page_id=92"},"modified":"2026-03-22T18:44:34","modified_gmt":"2026-03-22T17:44:34","slug":"tarifs-sessions","status":"publish","type":"page","link":"https:\/\/6io.fr\/index.php\/tarifs-sessions\/","title":{"rendered":"Tarifs SESSIONS 2026"},"content":{"rendered":"\n<p class=\"has-text-align-right has-small-font-size\"><strong><a href=\"https:\/\/6io.fr\/index.php\/les-tarifs-2020\/\">Voir les Tarifs hors sessions<\/a><\/strong><\/p>\n\n\n\n<h2 class=\"wp-block-heading\"><strong>TARIFS SESSIONS 2026<\/strong><br>tarifs s&rsquo;appliquant pour les sessions de l&rsquo;Emmanuel hivers comme \u00e9t\u00e9.<\/h2>\n\n\n\n<div class=\"wp-block-group\"><div class=\"wp-block-group__inner-container is-layout-constrained wp-block-group-is-layout-constrained\">\n<figure class=\"wp-block-table aligncenter\"><table><tbody><tr><td class=\"has-text-align-center\" data-align=\"center\"><em>Tarifs Sessions d&rsquo;\u00e9t\u00e9 <\/em><strong>G\u00eetes<\/strong><\/td><td class=\"has-text-align-center\" data-align=\"center\"><strong>Option M\u00e9nage<\/strong><br>(en plus du forfait)<\/td><td class=\"has-text-align-center\" data-align=\"center\"><strong>Forfait Session <\/strong><br><strong>3<\/strong> nuit\u00e9es<\/td><td class=\"has-text-align-center\" data-align=\"center\"><strong>Forfait Session <\/strong><br><strong>4<\/strong> nuit\u00e9es<\/td><td class=\"has-text-align-center\" data-align=\"center\"><strong>Forfait Session<\/strong><br><strong>5<\/strong> nuit\u00e9es<\/td><\/tr><tr><td class=\"has-text-align-center\" data-align=\"center\"><em>draps, serviettes, acc\u00e8s piscine compris<\/em><\/td><td class=\"has-text-align-center\" data-align=\"center\"><\/td><td class=\"has-text-align-center\" data-align=\"center\"><\/td><td class=\"has-text-align-center\" data-align=\"center\"><\/td><td class=\"has-text-align-center\" data-align=\"center\"><\/td><\/tr><tr><td class=\"has-text-align-center\" data-align=\"center\"><em>G\u00eetes 21m2<\/em> <strong>Loretto<\/strong> <em>(1 \u00e0 3 personnes)<\/em><\/td><td class=\"has-text-align-center\" data-align=\"center\"><strong>25,00\u20ac<\/strong><\/td><td class=\"has-text-align-center\" data-align=\"center\"><strong>275,00\u20ac<\/strong><\/td><td class=\"has-text-align-center\" data-align=\"center\"><strong>365,00\u20ac<\/strong><\/td><td class=\"has-text-align-center\" data-align=\"center\"><strong>455,00\u20ac<\/strong><\/td><\/tr><tr><td class=\"has-text-align-center\" data-align=\"center\"><em>G\u00eetes 37m2<\/em> <strong>Bethl\u00e9em<\/strong> <em>(1 \u00e0 6 personnes)<\/em><\/td><td class=\"has-text-align-center\" data-align=\"center\"><strong>30,00\u20ac<\/strong><\/td><td class=\"has-text-align-center\" data-align=\"center\"><strong>395,00\u20ac<\/strong><\/td><td class=\"has-text-align-center\" data-align=\"center\"><strong>525,00\u20ac<\/strong><\/td><td class=\"has-text-align-center\" data-align=\"center\"><strong>655,00\u20ac<\/strong><\/td><\/tr><tr><td class=\"has-text-align-center\" data-align=\"center\"><em>G\u00eetes 96m2<\/em> <strong>B\u00e9thanie<\/strong> <em>(1 \u00e0 11 personnes<\/em>)<\/td><td class=\"has-text-align-center\" data-align=\"center\"><strong>50,00\u20ac<\/strong><\/td><td class=\"has-text-align-center\" data-align=\"center\"><strong>692,00\u20ac<\/strong><\/td><td class=\"has-text-align-center\" data-align=\"center\"><strong>916,00\u20ac<\/strong><\/td><td class=\"has-text-align-center\" data-align=\"center\"><strong>1145,00\u20ac<\/strong><\/td><\/tr><\/tbody><\/table><figcaption class=\"wp-element-caption\"><strong><mark style=\"background-color:rgba(0, 0, 0, 0)\" class=\"has-inline-color has-vivid-red-color\">Les tarifs ci-dessus sont Hors taxe de s\u00e9jour. Il faut rajouter les \u00e9l\u00e9ments n\u00e9cessaires (nombre d&rsquo;adultes, et d&rsquo;enfants durant votre s\u00e9jour) pour avoir le total<\/mark>. 0,90\u20ac ou 1,50\u20ac par adulte et par nuit<\/strong><br>Les draps, serviettes, sont compris dans le tarif.<br>Il est possible de rallonger vos s\u00e9jours de 1 ou 2 nuit\u00e9es suppl\u00e9mentaires. le tarif est ajust\u00e9 au prorata temporis<\/figcaption><\/figure>\n<\/div><\/div>\n\n\n\n<figure class=\"wp-block-table\"><table class=\"has-fixed-layout\"><tbody><tr><td class=\"has-text-align-center\" data-align=\"center\">Tarifs Sessions d&rsquo;\u00e9t\u00e9 <strong>Chambres meubl\u00e9es de tourisme<\/strong> de 1 \u00e0 3 personnes<\/td><td class=\"has-text-align-center\" data-align=\"center\"><strong>Forfait Session <\/strong><br><strong>3<\/strong> nuit\u00e9es<\/td><td class=\"has-text-align-center\" data-align=\"center\"><strong>Forfait Session <\/strong><br><strong>4<\/strong> nuit\u00e9es<\/td><td class=\"has-text-align-center\" data-align=\"center\"><strong>Forfait Session<\/strong><br><strong>5<\/strong> nuit\u00e9es<\/td><\/tr><tr><td class=\"has-text-align-center\" data-align=\"center\"><em>draps, serviettes, acc\u00e8s piscine compris<\/em><\/td><td class=\"has-text-align-center\" data-align=\"center\"><\/td><td class=\"has-text-align-center\" data-align=\"center\"><\/td><td class=\"has-text-align-center\" data-align=\"center\"><\/td><\/tr><tr><td class=\"has-text-align-center\" data-align=\"center\">1 personne<\/td><td class=\"has-text-align-center\" data-align=\"center\">188,50\u20ac<\/td><td class=\"has-text-align-center\" data-align=\"center\">248,00\u20ac<\/td><td class=\"has-text-align-center\" data-align=\"center\">307,50<\/td><\/tr><tr><td class=\"has-text-align-center\" data-align=\"center\">2 personnes<\/td><td class=\"has-text-align-center\" data-align=\"center\">223,50\u20ac<\/td><td class=\"has-text-align-center\" data-align=\"center\">293,00\u20ac<\/td><td class=\"has-text-align-center\" data-align=\"center\">362,50\u20ac<\/td><\/tr><tr><td class=\"has-text-align-center\" data-align=\"center\">3 personnes<\/td><td class=\"has-text-align-center\" data-align=\"center\">258,50\u20ac<\/td><td class=\"has-text-align-center\" data-align=\"center\">338,00\u20ac<\/td><td class=\"has-text-align-center\" data-align=\"center\">417,50\u20ac<\/td><\/tr><\/tbody><\/table><\/figure>\n\n\n\n<p><strong><mark style=\"background-color:rgba(0, 0, 0, 0)\" class=\"has-inline-color has-vivid-red-color\">Les tarifs ci-dessus sont Hors taxe de s\u00e9jour. Il faut rajouter les \u00e9l\u00e9ments n\u00e9cessaires (nombre d&rsquo;adultes, et d&rsquo;enfants durant votre s\u00e9jour) pour avoir le total<\/mark>. 0,90\u20ac ou 1,50\u20ac par adulte et par nuit<\/strong><br>Les draps, serviettes, sont compris dans le tarif.<br>Il est possible de rallonger vos s\u00e9jours de 1 ou 2 nuit\u00e9es suppl\u00e9mentaires. le tarif est ajust\u00e9 au prorata temporis<\/p>\n\n\n\n<p><strong><span class=\"has-inline-color has-vivid-red-color\">Offrez \u00e0 vos mamans le plaisir de mettre les pieds sous la table<\/span><\/strong><\/p>\n\n\n\n<figure class=\"wp-block-table\"><table><tbody><tr><td class=\"has-text-align-center\" data-align=\"center\"><em>Tarifs Session d&rsquo;\u00e9t\u00e9<\/em> <strong>Chambres <\/strong><span style=\"font-weight: 600;\">d&rsquo;H\u00f4tes<\/span> <br>demi-pension<\/td><td class=\"has-text-align-center\" data-align=\"center\">Forfait Session <br><strong>3 <\/strong>nuit\u00e9es<\/td><td class=\"has-text-align-center\" data-align=\"center\">Forfait Session <br><strong>4 <\/strong>nuit\u00e9es<\/td><td class=\"has-text-align-center\" data-align=\"center\">Forfait session <br><strong>5<\/strong> nuit\u00e9es<\/td><\/tr><tr><td class=\"has-text-align-center\" data-align=\"center\"><em><span class=\"has-inline-color has-luminous-vivid-orange-color\">Draps, m\u00e9nage,  petits d\u00e9jeuner <\/span><\/em><br><em><span class=\"has-inline-color has-luminous-vivid-orange-color\">et <strong>d\u00eener compris<\/strong><\/span><\/em><\/td><td class=\"has-text-align-center\" data-align=\"center\"><\/td><td class=\"has-text-align-center\" data-align=\"center\"><\/td><td class=\"has-text-align-center\" data-align=\"center\"><\/td><\/tr><tr><td class=\"has-text-align-center\" data-align=\"center\">Chambre double confort<br>1 personne<\/td><td class=\"has-text-align-center\" data-align=\"center\"><strong>254,00\u20ac<\/strong><\/td><td class=\"has-text-align-center\" data-align=\"center\"><strong>337,00\u20ac<\/strong><\/td><td class=\"has-text-align-center\" data-align=\"center\"><strong>420,00\u20ac<\/strong><\/td><\/tr><tr><td class=\"has-text-align-center\" data-align=\"center\">Chambre double confort<br>2 personnes<\/td><td class=\"has-text-align-center\" data-align=\"center\"><strong>299,00\u20ac<\/strong><\/td><td class=\"has-text-align-center\" data-align=\"center\"><strong>397,00\u20ac<\/strong><\/td><td class=\"has-text-align-center\" data-align=\"center\"><strong>495,00\u20ac<\/strong><\/td><\/tr><tr><td class=\"has-text-align-center\" data-align=\"center\">Chambre familiale<strong> <\/strong>confort<br>pour 1 \u00e0 4 personnes<\/td><td class=\"has-text-align-center\" data-align=\"center\"><strong>494,00\u20ac<\/strong><\/td><td class=\"has-text-align-center\" data-align=\"center\"><strong>657,00\u20ac<\/strong><\/td><td class=\"has-text-align-center\" data-align=\"center\"><strong>820,00\u20ac<\/strong><\/td><\/tr><tr><td class=\"has-text-align-center\" data-align=\"center\">Un petit couchage confort suppl\u00e9mentaire<\/td><td class=\"has-text-align-center\" data-align=\"center\"><strong>54,00\u20ac<\/strong><\/td><td class=\"has-text-align-center\" data-align=\"center\"><strong>72,00\u20ac<\/strong><\/td><td class=\"has-text-align-center\" data-align=\"center\"><strong>90,00\u20ac<\/strong><\/td><\/tr><tr><td class=\"has-text-align-center\" data-align=\"center\">Chambre double basic<br>1 personne<\/td><td class=\"has-text-align-center\" data-align=\"center\"><strong>212,00\u20ac<\/strong><\/td><td class=\"has-text-align-center\" data-align=\"center\"><strong>281,00\u20ac<\/strong><\/td><td class=\"has-text-align-center\" data-align=\"center\"><strong>350,00\u20ac<\/strong><\/td><\/tr><tr><td class=\"has-text-align-center\" data-align=\"center\">Chambre double basic <br>2 personnes<\/td><td class=\"has-text-align-center\" data-align=\"center\"><strong>257,00\u20ac<\/strong><\/td><td class=\"has-text-align-center\" data-align=\"center\"><strong>341,00\u20ac<\/strong><\/td><td class=\"has-text-align-center\" data-align=\"center\"><strong>425,00\u20ac<\/strong><\/td><\/tr><tr><td class=\"has-text-align-center\" data-align=\"center\">un petit couchage basic suppl\u00e9mentaire<\/td><td class=\"has-text-align-center\" data-align=\"center\"><strong>54,00\u20ac<\/strong><\/td><td class=\"has-text-align-center\" data-align=\"center\"><strong>72,00\u20ac<\/strong><\/td><td class=\"has-text-align-center\" data-align=\"center\"><strong>90,00\u20ac<\/strong><\/td><\/tr><\/tbody><\/table><figcaption class=\"wp-element-caption\"><mark style=\"background-color:rgba(0, 0, 0, 0)\" class=\"has-inline-color has-vivid-red-color\"><mark><strong>Les tarifs ci-dessus sont Hors taxe de s\u00e9jour. Il faut rajouter les \u00e9l\u00e9ments n\u00e9cessaires (nombre d&rsquo;adultes, et d&rsquo;enfants durant votre s\u00e9jour) pour avoir le tota<\/strong><\/mark><strong><mark>l<\/mark>.<\/strong> <strong>0,80\u20ac adultes et par nuit.<\/strong><\/mark><br>Une petit couchage suppl\u00e9mentaire peut \u00eatre un lit parapluie ou un matelas de 120, 140 ou 160 cm de long<br>Chambre confort avec douche et WC privative dans la chambre<br>Chambre basic avec douche et WC partag\u00e9 sur le palier<br><\/figcaption><\/figure>\n\n\n\n<div class=\"wp-block-buttons is-content-justification-center is-layout-flex wp-container-core-buttons-is-layout-16018d1d wp-block-buttons-is-layout-flex\">\n<div class=\"wp-block-button has-custom-width wp-block-button__width-25\"><a class=\"wp-block-button__link has-luminous-vivid-amber-background-color has-background wp-element-button\" href=\"https:\/\/6io.fr\/index.php\/les-tarifs-2020\/\">Tarifs Hors sessions<\/a><\/div>\n<\/div>\n","protected":false},"excerpt":{"rendered":"<p>Voir les Tarifs hors sessions TARIFS SESSIONS 2026tarifs s&rsquo;appliquant pour les sessions de l&rsquo;Emmanuel hivers comme \u00e9t\u00e9. Tarifs Sessions d&rsquo;\u00e9t\u00e9 G\u00eetes Option M\u00e9nage(en plus du forfait) Forfait Session 3 nuit\u00e9es Forfait Session 4 nuit\u00e9es Forfait Session5 nuit\u00e9es draps, serviettes, acc\u00e8s piscine compris G\u00eetes 21m2 Loretto (1 \u00e0 3 personnes) 25,00\u20ac 275,00\u20ac 365,00\u20ac 455,00\u20ac G\u00eetes 37m2 &hellip; <\/p>\n<p class=\"link-more\"><a href=\"https:\/\/6io.fr\/index.php\/tarifs-sessions\/\" class=\"more-link\">Continuer la lecture<span class=\"screen-reader-text\"> de &laquo;&nbsp;Tarifs SESSIONS 2026&nbsp;&raquo;<\/span><\/a><\/p>\n","protected":false},"author":1,"featured_media":0,"parent":0,"menu_order":0,"comment_status":"closed","ping_status":"closed","template":"","meta":{"footnotes":""},"class_list":["post-92","page","type-page","status-publish","hentry"],"_links":{"self":[{"href":"https:\/\/6io.fr\/index.php\/wp-json\/wp\/v2\/pages\/92","targetHints":{"allow":["GET"]}}],"collection":[{"href":"https:\/\/6io.fr\/index.php\/wp-json\/wp\/v2\/pages"}],"about":[{"href":"https:\/\/6io.fr\/index.php\/wp-json\/wp\/v2\/types\/page"}],"author":[{"embeddable":true,"href":"https:\/\/6io.fr\/index.php\/wp-json\/wp\/v2\/users\/1"}],"replies":[{"embeddable":true,"href":"https:\/\/6io.fr\/index.php\/wp-json\/wp\/v2\/comments?post=92"}],"version-history":[{"count":38,"href":"https:\/\/6io.fr\/index.php\/wp-json\/wp\/v2\/pages\/92\/revisions"}],"predecessor-version":[{"id":1127,"href":"https:\/\/6io.fr\/index.php\/wp-json\/wp\/v2\/pages\/92\/revisions\/1127"}],"wp:attachment":[{"href":"https:\/\/6io.fr\/index.php\/wp-json\/wp\/v2\/media?parent=92"}],"curies":[{"name":"wp","href":"https:\/\/api.w.org\/{rel}","templated":true}]}}