{"id":795,"date":"2021-09-16T17:11:03","date_gmt":"2021-09-16T15:11:03","guid":{"rendered":"https:\/\/6io.fr\/?page_id=795"},"modified":"2025-10-23T21:48:08","modified_gmt":"2025-10-23T19:48:08","slug":"chambre-la-creche","status":"publish","type":"page","link":"https:\/\/6io.fr\/index.php\/chambre-la-creche\/","title":{"rendered":"Chambre La Cr\u00e8che"},"content":{"rendered":"\n\n\n\n\n<figure class=\"wp-block-gallery has-nested-images columns-default is-cropped wp-block-gallery-1 is-layout-flex wp-block-gallery-is-layout-flex\">\n<figure class=\"wp-block-image size-large\"><img fetchpriority=\"high\" decoding=\"async\" width=\"480\" height=\"640\" data-id=\"627\" src=\"https:\/\/6io.fr\/wp-content\/uploads\/2021\/09\/IMG_6737-rotated.jpg\" alt=\"\" class=\"wp-image-627\" srcset=\"https:\/\/6io.fr\/wp-content\/uploads\/2021\/09\/IMG_6737-rotated.jpg 480w, https:\/\/6io.fr\/wp-content\/uploads\/2021\/09\/IMG_6737-225x300.jpg 225w\" sizes=\"(max-width: 480px) 100vw, 480px\" \/><figcaption class=\"wp-element-caption\">Chambre du g\u00eete Bethl\u00e9em SITIO \u00e0 Paray-le-Monial<\/figcaption><\/figure>\n\n\n\n<figure class=\"wp-block-image size-large\"><img decoding=\"async\" width=\"640\" height=\"480\" data-id=\"626\" src=\"https:\/\/6io.fr\/wp-content\/uploads\/2021\/09\/IMG_6736.jpg\" alt=\"\" class=\"wp-image-626\" srcset=\"https:\/\/6io.fr\/wp-content\/uploads\/2021\/09\/IMG_6736.jpg 640w, https:\/\/6io.fr\/wp-content\/uploads\/2021\/09\/IMG_6736-300x225.jpg 300w\" sizes=\"(max-width: 640px) 100vw, 640px\" \/><figcaption class=\"wp-element-caption\">Chambre du g\u00eete Bethl\u00e9em SITIO \u00e0 Paray-le-Monial<\/figcaption><\/figure>\n\n\n\n<figure class=\"wp-block-image size-large\"><img decoding=\"async\" width=\"480\" height=\"640\" data-id=\"625\" src=\"https:\/\/6io.fr\/wp-content\/uploads\/2021\/09\/IMG_6735-rotated.jpg\" alt=\"\" class=\"wp-image-625\" srcset=\"https:\/\/6io.fr\/wp-content\/uploads\/2021\/09\/IMG_6735-rotated.jpg 480w, https:\/\/6io.fr\/wp-content\/uploads\/2021\/09\/IMG_6735-225x300.jpg 225w\" sizes=\"(max-width: 480px) 100vw, 480px\" \/><figcaption class=\"wp-element-caption\">Chambre du g\u00eete Bethl\u00e9em SITIO \u00e0 Paray-le-Monial<\/figcaption><\/figure>\n\n\n\n<figure class=\"wp-block-image size-large\"><img loading=\"lazy\" decoding=\"async\" width=\"640\" height=\"480\" data-id=\"623\" src=\"https:\/\/6io.fr\/wp-content\/uploads\/2021\/09\/IMG_6733.jpg\" alt=\"\" class=\"wp-image-623\" srcset=\"https:\/\/6io.fr\/wp-content\/uploads\/2021\/09\/IMG_6733.jpg 640w, https:\/\/6io.fr\/wp-content\/uploads\/2021\/09\/IMG_6733-300x225.jpg 300w\" sizes=\"(max-width: 640px) 100vw, 640px\" \/><figcaption class=\"wp-element-caption\">Chambre du g\u00eete Bethl\u00e9em SITIO \u00e0 Paray-le-Monial<\/figcaption><\/figure>\n\n\n\n<figure class=\"wp-block-image size-large\"><img loading=\"lazy\" decoding=\"async\" width=\"640\" height=\"480\" data-id=\"624\" src=\"https:\/\/6io.fr\/wp-content\/uploads\/2021\/09\/IMG_6734.jpg\" alt=\"\" class=\"wp-image-624\" srcset=\"https:\/\/6io.fr\/wp-content\/uploads\/2021\/09\/IMG_6734.jpg 640w, https:\/\/6io.fr\/wp-content\/uploads\/2021\/09\/IMG_6734-300x225.jpg 300w\" sizes=\"(max-width: 640px) 100vw, 640px\" \/><figcaption class=\"wp-element-caption\">Chambre du g\u00eete Bethl\u00e9em SITIO \u00e0 Paray-le-Monial<\/figcaption><\/figure>\n\n\n\n<figure class=\"wp-block-image size-large\"><img loading=\"lazy\" decoding=\"async\" width=\"480\" height=\"640\" data-id=\"622\" src=\"https:\/\/6io.fr\/wp-content\/uploads\/2021\/09\/IMG_6732-rotated.jpg\" alt=\"\" class=\"wp-image-622\" srcset=\"https:\/\/6io.fr\/wp-content\/uploads\/2021\/09\/IMG_6732-rotated.jpg 480w, https:\/\/6io.fr\/wp-content\/uploads\/2021\/09\/IMG_6732-225x300.jpg 225w\" sizes=\"(max-width: 480px) 100vw, 480px\" \/><figcaption class=\"wp-element-caption\">Chambre du g\u00eete Bethl\u00e9em SITIO \u00e0 Paray-le-Monial<\/figcaption><\/figure>\n\n\n\n<figure class=\"wp-block-image size-large\"><img loading=\"lazy\" decoding=\"async\" width=\"1024\" height=\"683\" data-id=\"572\" src=\"https:\/\/6io.fr\/wp-content\/uploads\/2021\/09\/IMGP6009-1024x683.jpg\" alt=\"\" class=\"wp-image-572\" srcset=\"https:\/\/6io.fr\/wp-content\/uploads\/2021\/09\/IMGP6009-1024x683.jpg 1024w, https:\/\/6io.fr\/wp-content\/uploads\/2021\/09\/IMGP6009-300x200.jpg 300w, https:\/\/6io.fr\/wp-content\/uploads\/2021\/09\/IMGP6009-768x512.jpg 768w, https:\/\/6io.fr\/wp-content\/uploads\/2021\/09\/IMGP6009-1536x1024.jpg 1536w, https:\/\/6io.fr\/wp-content\/uploads\/2021\/09\/IMGP6009-2048x1365.jpg 2048w\" sizes=\"(max-width: 767px) 89vw, (max-width: 1000px) 54vw, (max-width: 1071px) 543px, 580px\" \/><figcaption class=\"wp-element-caption\">Rack \u00e0 v\u00e9lo SITIO Paray-le-Monial<\/figcaption><\/figure>\n<\/figure>\n","protected":false},"excerpt":{"rendered":"","protected":false},"author":1,"featured_media":0,"parent":0,"menu_order":0,"comment_status":"closed","ping_status":"closed","template":"","meta":{"footnotes":""},"class_list":["post-795","page","type-page","status-publish","hentry"],"_links":{"self":[{"href":"https:\/\/6io.fr\/index.php\/wp-json\/wp\/v2\/pages\/795","targetHints":{"allow":["GET"]}}],"collection":[{"href":"https:\/\/6io.fr\/index.php\/wp-json\/wp\/v2\/pages"}],"about":[{"href":"https:\/\/6io.fr\/index.php\/wp-json\/wp\/v2\/types\/page"}],"author":[{"embeddable":true,"href":"https:\/\/6io.fr\/index.php\/wp-json\/wp\/v2\/users\/1"}],"replies":[{"embeddable":true,"href":"https:\/\/6io.fr\/index.php\/wp-json\/wp\/v2\/comments?post=795"}],"version-history":[{"count":7,"href":"https:\/\/6io.fr\/index.php\/wp-json\/wp\/v2\/pages\/795\/revisions"}],"predecessor-version":[{"id":1069,"href":"https:\/\/6io.fr\/index.php\/wp-json\/wp\/v2\/pages\/795\/revisions\/1069"}],"wp:attachment":[{"href":"https:\/\/6io.fr\/index.php\/wp-json\/wp\/v2\/media?parent=795"}],"curies":[{"name":"wp","href":"https:\/\/api.w.org\/{rel}","templated":true}]}}