{"id":786,"date":"2021-09-15T18:45:46","date_gmt":"2021-09-15T16:45:46","guid":{"rendered":"https:\/\/6io.fr\/?page_id=786"},"modified":"2025-10-21T15:24:31","modified_gmt":"2025-10-21T13:24:31","slug":"autours-de-chez-nous","status":"publish","type":"page","link":"https:\/\/6io.fr\/index.php\/autours-de-chez-nous\/","title":{"rendered":"Autour de chez nous :"},"content":{"rendered":"\n<p>Paray-le-Monial est un carrefour culturel et spirituel tr\u00e8s intense qui attire \u00e0 la fois les touristes et les p\u00e8lerins. Par ailleurs, \u00e9tant une \u00e9tape de plusieurs routes de cyclotourisme (EuroVelo6, Route des \u00e9glises Romanes, Tour de Bourgogne,&#8230;), elle dispose d&rsquo;am\u00e9nagements en voie verte permettant au touriste et au p\u00e8lerin long s\u00e9jour de louer facilement des v\u00e9los pour d\u00e9couvrir les circuits entourant la cit\u00e9e du Sacr\u00e9-C\u0153ur, le temps d&rsquo;une journ\u00e9e ou d&rsquo;une apr\u00e8s-midi.<\/p>\n\n\n\n<p>Pour vous aider \u00e0 trouver ces circuits, la Sa\u00f4ne-et-Loire a mis \u00e0 votre disposition un site intitul\u00e9 <a href=\"https:\/\/app.route71.fr\" target=\"_blank\" rel=\"noreferrer noopener\">Route 71<\/a> Bourgogne du Sud. Il suffit d&rsquo;installer l&rsquo;application sur votre smartphone et de t\u00e9l\u00e9charger <a href=\"https:\/\/www.destination-saone-et-loire.fr\/fr\/nos-destinations\/a-velo.html\" target=\"_blank\" rel=\"noreferrer noopener\">la voie verte 71<\/a>.<\/p>\n\n\n\n<p>Pour optimiser votre programme de d\u00e9couverte, vous pouvez adh\u00e9rer pour une journ\u00e9e ou plus \u00e0 TABALISE. Ce site vous aidera \u00e0 organiser votre s\u00e9jour d&rsquo;une mani\u00e8re plus compl\u00e8te en obtenant des r\u00e9ductions cons\u00e9quentes aupr\u00e8s des diff\u00e9rents sites culturels et divertissants.<\/p>\n\n\n\n<p>L&rsquo;office du tourisme de Paray-le-Monial reste votre partenaire privil\u00e9gi\u00e9 pour trouver ce qui vous conviendra le mieux, \u00e0 vous et votre famille, selon votre budget ou votre soif de d\u00e9couverte&#8230;. N&rsquo;h\u00e9sitez pas \u00e0 les contacter en suivant ce <a href=\"https:\/\/www.tourisme-paraylemonial.fr\/decouvrir-visiter.html\" target=\"_blank\" rel=\"noreferrer noopener\">lien<\/a>.<\/p>\n\n\n\n<p><\/p>\n","protected":false},"excerpt":{"rendered":"<p>Paray-le-Monial est un carrefour culturel et spirituel tr\u00e8s intense qui attire \u00e0 la fois les touristes et les p\u00e8lerins. Par ailleurs, \u00e9tant une \u00e9tape de plusieurs routes de cyclotourisme (EuroVelo6, Route des \u00e9glises Romanes, Tour de Bourgogne,&#8230;), elle dispose d&rsquo;am\u00e9nagements en voie verte permettant au touriste et au p\u00e8lerin long s\u00e9jour de louer facilement des &hellip; <\/p>\n<p class=\"link-more\"><a href=\"https:\/\/6io.fr\/index.php\/autours-de-chez-nous\/\" class=\"more-link\">Continuer la lecture<span class=\"screen-reader-text\"> de &laquo;&nbsp;Autour de chez nous :&nbsp;&raquo;<\/span><\/a><\/p>\n","protected":false},"author":1,"featured_media":0,"parent":0,"menu_order":0,"comment_status":"closed","ping_status":"closed","template":"","meta":{"footnotes":""},"class_list":["post-786","page","type-page","status-publish","hentry"],"_links":{"self":[{"href":"https:\/\/6io.fr\/index.php\/wp-json\/wp\/v2\/pages\/786","targetHints":{"allow":["GET"]}}],"collection":[{"href":"https:\/\/6io.fr\/index.php\/wp-json\/wp\/v2\/pages"}],"about":[{"href":"https:\/\/6io.fr\/index.php\/wp-json\/wp\/v2\/types\/page"}],"author":[{"embeddable":true,"href":"https:\/\/6io.fr\/index.php\/wp-json\/wp\/v2\/users\/1"}],"replies":[{"embeddable":true,"href":"https:\/\/6io.fr\/index.php\/wp-json\/wp\/v2\/comments?post=786"}],"version-history":[{"count":5,"href":"https:\/\/6io.fr\/index.php\/wp-json\/wp\/v2\/pages\/786\/revisions"}],"predecessor-version":[{"id":1033,"href":"https:\/\/6io.fr\/index.php\/wp-json\/wp\/v2\/pages\/786\/revisions\/1033"}],"wp:attachment":[{"href":"https:\/\/6io.fr\/index.php\/wp-json\/wp\/v2\/media?parent=786"}],"curies":[{"name":"wp","href":"https:\/\/api.w.org\/{rel}","templated":true}]}}