{"id":767,"date":"2021-09-15T17:50:20","date_gmt":"2021-09-15T15:50:20","guid":{"rendered":"https:\/\/6io.fr\/?page_id=767"},"modified":"2026-03-22T18:14:32","modified_gmt":"2026-03-22T17:14:32","slug":"formule-pour-famille-en-chambre-dhotes-en-demi-pension","status":"publish","type":"page","link":"https:\/\/6io.fr\/index.php\/formule-pour-famille-en-chambre-dhotes-en-demi-pension\/","title":{"rendered":"Formules pour les familles en chambre d&rsquo;h\u00f4tes en demi-pension (hors taxe de s\u00e9jour)"},"content":{"rendered":"\n<h2 class=\"wp-block-heading\">Formule confort 4 ou 5 personnes, 1 chambre :<\/h2>\n\n\n\n<figure class=\"wp-block-table\"><table><tbody><tr><td><\/td><td>4 nuit\u00e9es<\/td><td>5 nuit\u00e9es<\/td><\/tr><tr><td>Forfait 4 personnes <\/td><td>657,00\u20ac<\/td><td>820,00\u20ac<\/td><\/tr><tr><td>Petit couchage suppl\u00e9mentaire<\/td><td>72,00\u20ac<\/td><td>90,00\u20ac<\/td><\/tr><\/tbody><\/table><figcaption class=\"wp-element-caption\">Un \u00ab\u00a0petit couchage\u00a0\u00bb d\u00e9signe soit un lit parapluie, soit un petit matelas de taille ajust\u00e9e selon la personne (120, 140 ou 160 cm).<\/figcaption><\/figure>\n\n\n\n<h2 class=\"wp-block-heading\">Formule confort 6 \u00e0 8 personnes, 2 chambres :<\/h2>\n\n\n\n<figure class=\"wp-block-table\"><table><tbody><tr><td><\/td><td>4 nuit\u00e9es<\/td><td>5 nuit\u00e9es<\/td><\/tr><tr><td>Forfait 6 personnes<\/td><td>1054,00\u20ac<\/td><td>1315,00\u20ac<\/td><\/tr><tr><td>Petit couchage suppl\u00e9mentaire (1 par chambre)<\/td><td>72,00\u20ac<\/td><td>90,00\u20ac<\/td><\/tr><\/tbody><\/table><figcaption class=\"wp-element-caption\">Un \u00ab\u00a0petit couchage\u00a0\u00bb d\u00e9signe soit un lit parapluie, soit un petit matelas de taille ajust\u00e9e selon la personne (120, 140 ou 160 cm).<\/figcaption><\/figure>\n\n\n\n<h2 class=\"wp-block-heading\">Formule basic 4 \u00e0 6 personnes, 2 chambres :<\/h2>\n\n\n\n<figure class=\"wp-block-table\"><table><tbody><tr><td><\/td><td>4 nuit\u00e9es<\/td><td>5 nuit\u00e9es<\/td><\/tr><tr><td>Forfait 4 personnes<\/td><td>682,00\u20ac<\/td><td>850,00\u20ac<\/td><\/tr><tr><td>Petit couchage suppl\u00e9mentaire (1 par chambre)<\/td><td>72,00\u20ac<\/td><td>90,00\u20ac<\/td><\/tr><\/tbody><\/table><figcaption class=\"wp-element-caption\">Un \u00ab\u00a0petit couchage\u00a0\u00bb d\u00e9signe soit un lit parapluie, soit un petit matelas de taille ajust\u00e9e selon la personne (120, 140 ou 160 cm).<\/figcaption><\/figure>\n\n\n\n<h2 class=\"wp-block-heading\">Formule mixte confort\/basic possible (nous consulter).<\/h2>\n","protected":false},"excerpt":{"rendered":"<p>Formule confort 4 ou 5 personnes, 1 chambre : 4 nuit\u00e9es 5 nuit\u00e9es Forfait 4 personnes 657,00\u20ac 820,00\u20ac Petit couchage suppl\u00e9mentaire 72,00\u20ac 90,00\u20ac Un \u00ab\u00a0petit couchage\u00a0\u00bb d\u00e9signe soit un lit parapluie, soit un petit matelas de taille ajust\u00e9e selon la personne (120, 140 ou 160 cm). Formule confort 6 \u00e0 8 personnes, 2 chambres : &hellip; <\/p>\n<p class=\"link-more\"><a href=\"https:\/\/6io.fr\/index.php\/formule-pour-famille-en-chambre-dhotes-en-demi-pension\/\" class=\"more-link\">Continuer la lecture<span class=\"screen-reader-text\"> de &laquo;&nbsp;Formules pour les familles en chambre d&rsquo;h\u00f4tes en demi-pension (hors taxe de s\u00e9jour)&nbsp;&raquo;<\/span><\/a><\/p>\n","protected":false},"author":1,"featured_media":0,"parent":0,"menu_order":0,"comment_status":"closed","ping_status":"closed","template":"","meta":{"footnotes":""},"class_list":["post-767","page","type-page","status-publish","hentry"],"_links":{"self":[{"href":"https:\/\/6io.fr\/index.php\/wp-json\/wp\/v2\/pages\/767","targetHints":{"allow":["GET"]}}],"collection":[{"href":"https:\/\/6io.fr\/index.php\/wp-json\/wp\/v2\/pages"}],"about":[{"href":"https:\/\/6io.fr\/index.php\/wp-json\/wp\/v2\/types\/page"}],"author":[{"embeddable":true,"href":"https:\/\/6io.fr\/index.php\/wp-json\/wp\/v2\/users\/1"}],"replies":[{"embeddable":true,"href":"https:\/\/6io.fr\/index.php\/wp-json\/wp\/v2\/comments?post=767"}],"version-history":[{"count":7,"href":"https:\/\/6io.fr\/index.php\/wp-json\/wp\/v2\/pages\/767\/revisions"}],"predecessor-version":[{"id":1119,"href":"https:\/\/6io.fr\/index.php\/wp-json\/wp\/v2\/pages\/767\/revisions\/1119"}],"wp:attachment":[{"href":"https:\/\/6io.fr\/index.php\/wp-json\/wp\/v2\/media?parent=767"}],"curies":[{"name":"wp","href":"https:\/\/api.w.org\/{rel}","templated":true}]}}