{"id":759,"date":"2021-09-15T17:28:40","date_gmt":"2021-09-15T15:28:40","guid":{"rendered":"https:\/\/6io.fr\/?page_id=759"},"modified":"2021-09-15T17:28:40","modified_gmt":"2021-09-15T15:28:40","slug":"nos-hebergements","status":"publish","type":"page","link":"https:\/\/6io.fr\/index.php\/nos-hebergements\/","title":{"rendered":"Nos H\u00e9bergements"},"content":{"rendered":"\n<p>Selon vos go\u00fbts et vos budgets, nous proposons 3 types d&rsquo;h\u00e9bergements.<br><\/p>\n\n\n\n<p>Les Chambres d&rsquo;h\u00f4tes avec la prestation du petit d\u00e9jeuner inclus et la demi-pension facultative. Nous en avons 5 avec une capacit\u00e9 maximale de 15\u20ac couchages<br>Les G\u00eetes avec la location des draps inclus, ainsi que le forfait m\u00e9nage. Nous en avons 3 avec une capacit\u00e9 maximale de 20 couchages. Vous avez dans chaque g\u00eete tout pour \u00eatre autonome et pr\u00e9parer vos repas.<br>Les meubl\u00e9es de tourisme, lou\u00e9s avec les draps, mais au tarif r\u00e9duit lorsqu&rsquo;on est seul. On peut y faire sa cuisine dans des espaces commun partag\u00e9s avec d&rsquo;autre locataire de 2 autres chambres au maximum. <\/p>\n","protected":false},"excerpt":{"rendered":"<p>Selon vos go\u00fbts et vos budgets, nous proposons 3 types d&rsquo;h\u00e9bergements. Les Chambres d&rsquo;h\u00f4tes avec la prestation du petit d\u00e9jeuner inclus et la demi-pension facultative. Nous en avons 5 avec une capacit\u00e9 maximale de 15\u20ac couchagesLes G\u00eetes avec la location des draps inclus, ainsi que le forfait m\u00e9nage. Nous en avons 3 avec une capacit\u00e9 &hellip; <\/p>\n<p class=\"link-more\"><a href=\"https:\/\/6io.fr\/index.php\/nos-hebergements\/\" class=\"more-link\">Continuer la lecture<span class=\"screen-reader-text\"> de &laquo;&nbsp;Nos H\u00e9bergements&nbsp;&raquo;<\/span><\/a><\/p>\n","protected":false},"author":1,"featured_media":0,"parent":0,"menu_order":0,"comment_status":"closed","ping_status":"closed","template":"","meta":{"footnotes":""},"class_list":["post-759","page","type-page","status-publish","hentry"],"_links":{"self":[{"href":"https:\/\/6io.fr\/index.php\/wp-json\/wp\/v2\/pages\/759","targetHints":{"allow":["GET"]}}],"collection":[{"href":"https:\/\/6io.fr\/index.php\/wp-json\/wp\/v2\/pages"}],"about":[{"href":"https:\/\/6io.fr\/index.php\/wp-json\/wp\/v2\/types\/page"}],"author":[{"embeddable":true,"href":"https:\/\/6io.fr\/index.php\/wp-json\/wp\/v2\/users\/1"}],"replies":[{"embeddable":true,"href":"https:\/\/6io.fr\/index.php\/wp-json\/wp\/v2\/comments?post=759"}],"version-history":[{"count":1,"href":"https:\/\/6io.fr\/index.php\/wp-json\/wp\/v2\/pages\/759\/revisions"}],"predecessor-version":[{"id":762,"href":"https:\/\/6io.fr\/index.php\/wp-json\/wp\/v2\/pages\/759\/revisions\/762"}],"wp:attachment":[{"href":"https:\/\/6io.fr\/index.php\/wp-json\/wp\/v2\/media?parent=759"}],"curies":[{"name":"wp","href":"https:\/\/api.w.org\/{rel}","templated":true}]}}