{"id":7,"date":"2020-01-08T19:06:15","date_gmt":"2020-01-08T18:06:15","guid":{"rendered":"http:\/\/6io.fr\/beta\/?page_id=7"},"modified":"2025-10-21T15:13:56","modified_gmt":"2025-10-21T13:13:56","slug":"sitio-philippe-leconte","status":"publish","type":"page","link":"https:\/\/6io.fr\/","title":{"rendered":"Accueil Sitio &#8211; Philippe LECONTE"},"content":{"rendered":"\n<div class=\"wp-block-media-text alignwide\" style=\"grid-template-columns:38% auto\"><figure class=\"wp-block-media-text__media\"><img fetchpriority=\"high\" decoding=\"async\" width=\"320\" height=\"242\" src=\"https:\/\/6io.fr\/beta\/wp-content\/uploads\/2020\/03\/DD7728A5-EEF4-4142-9A66-6967249CA56F.jpeg\" alt=\"\" class=\"wp-image-353 size-full\" srcset=\"https:\/\/6io.fr\/wp-content\/uploads\/2020\/03\/DD7728A5-EEF4-4142-9A66-6967249CA56F.jpeg 320w, https:\/\/6io.fr\/wp-content\/uploads\/2020\/03\/DD7728A5-EEF4-4142-9A66-6967249CA56F-300x227.jpeg 300w\" sizes=\"(max-width: 320px) 100vw, 320px\" \/><\/figure><div class=\"wp-block-media-text__content\">\n<p class=\"has-drop-cap\" style=\"font-size:15px\">Lors de vos s\u00e9jours \u00e0 PARAY-LE-MONIAL vous disposez, <strong>au domaine SITIO<\/strong> situ\u00e9 au c\u0153ur de la cit\u00e9 du Sacr\u00e9-Coeur de J\u00e9sus, d\u2019un large choix d\u2019h\u00e9bergements de courte dur\u00e9e : <br><br><span class=\"has-inline-color has-luminous-vivid-orange-color\"><sup>Nos amis les animaux ne sont pas admis chez nous.<sub> <\/sub><\/sup><\/span><\/p>\n<\/div><\/div>\n\n\n\n<div class=\"wp-block-media-text alignwide has-media-on-the-right is-stacked-on-mobile is-image-fill-element\" style=\"grid-template-columns:auto 53%\"><div class=\"wp-block-media-text__content\">\n<ul class=\"wp-block-list\">\n<li><em>5 <\/em><strong><em>chambres d\u2019h\u00f4te<\/em><\/strong> <br><em>(de 45 \u20ac \u00e0 120\u20ac la nuit)<\/em><br><\/li>\n<\/ul>\n\n\n\n<ul class=\"wp-block-list\">\n<li>3 <strong>g\u00eetes <\/strong> (T1, T2, T4)<br>(de 82,50\u20ac \u00e0 250\u20ac la nuit)<\/li>\n<\/ul>\n\n\n\n<ul class=\"wp-block-list\">\n<li>3 <strong>chambres meubl\u00e9es de tourisme<\/strong><br>(de 30\u20ac \u00e0  117 \u20ac la nuit)<\/li>\n<\/ul>\n\n\n\n<ul class=\"wp-block-list\">\n<li>petit <strong>jardin<\/strong> commun, <strong>piscine<\/strong> <strong>chauff\u00e9e<\/strong> et <strong>s\u00e9curis\u00e9e<\/strong>, <strong>trampoline<\/strong>, jeux pour enfants&#8230;<\/li>\n<\/ul>\n<\/div><figure class=\"wp-block-media-text__media\"><img decoding=\"async\" width=\"1024\" height=\"683\" src=\"https:\/\/6io.fr\/wp-content\/uploads\/2021\/09\/IMGP5980-1024x683.jpg\" alt=\"\" class=\"wp-image-529 size-full\" style=\"object-position:50% 50%\" srcset=\"https:\/\/6io.fr\/wp-content\/uploads\/2021\/09\/IMGP5980-1024x683.jpg 1024w, https:\/\/6io.fr\/wp-content\/uploads\/2021\/09\/IMGP5980-300x200.jpg 300w, https:\/\/6io.fr\/wp-content\/uploads\/2021\/09\/IMGP5980-768x512.jpg 768w, https:\/\/6io.fr\/wp-content\/uploads\/2021\/09\/IMGP5980-1536x1024.jpg 1536w, https:\/\/6io.fr\/wp-content\/uploads\/2021\/09\/IMGP5980-2048x1365.jpg 2048w\" sizes=\"(max-width: 767px) 89vw, (max-width: 1000px) 54vw, (max-width: 1071px) 543px, 580px\" \/><\/figure><\/div>\n\n\n\n<p class=\"has-text-align-center has-small-font-size\"><em>Tous les h\u00e9bergements sont \u00e0 la m\u00eame adresse, dans le p\u00e9rim\u00e8tre de la basilique et au sein du quartier r\u00e9sidentiel du centre ville <\/em>: <strong>7 rue des Moines 71600 PARAY-LE-MONIAL<\/strong><\/p>\n\n\n\n<div class=\"wp-block-media-text alignwide has-media-on-the-right is-stacked-on-mobile\" style=\"grid-template-columns:auto 22%\"><div class=\"wp-block-media-text__content\">\n<p class=\"has-text-align-center has-small-font-size\"><em>Pour nous joindre vous pouvez<br> nous appeler au<\/em><br><em>  <strong>06 86 17 08 42<\/strong><\/em><\/p>\n\n\n\n<p class=\"has-text-align-center has-small-font-size\"><br>Ou pour faire une simulation pr\u00e9cise avant de r\u00e9server :<\/p>\n\n\n\n<div class=\"wp-block-button aligncenter\"><a class=\"wp-block-button__link has-very-light-gray-color has-vivid-cyan-blue-background-color has-text-color has-background wp-element-button\" href=\"https:\/\/secure.reservit.com\/fo\/booking\/2\/440584?specialMode=default&amp;langcode=FR&amp;__utmz=1.1670502121.1.1.utmcsr=(direct)%7Cutmccn=(direct)%7Cutmcmd=(none)&amp;custid=2&amp;_ga=GA1.3.540559111.1669641790&amp;__utmb=1.6.10.1670502121&amp;hotelid=440584&amp;__utmc=1&amp;m=booking&amp;__utma=1.540559111.1669641790.1670502121.1670502121.1\" target=\"_blank\" rel=\"noreferrer noopener\">Configurez votre s\u00e9jour<\/a><\/div>\n\n\n\n<p>Si vous rencontrez des difficult\u00e9s avec le simulateur, vous pouvez nous appeler afin de nous pr\u00e9ciser vos besoins (h\u00e9bergement de groupe par exemple).<\/p>\n<\/div><figure class=\"wp-block-media-text__media\"><img decoding=\"async\" width=\"1024\" height=\"870\" src=\"https:\/\/6io.fr\/wp-content\/uploads\/2020\/06\/Logo_Sitio_Avec_Image-1024x870.png\" alt=\"\" class=\"wp-image-449 size-full\" srcset=\"https:\/\/6io.fr\/wp-content\/uploads\/2020\/06\/Logo_Sitio_Avec_Image-1024x870.png 1024w, https:\/\/6io.fr\/wp-content\/uploads\/2020\/06\/Logo_Sitio_Avec_Image-300x255.png 300w, https:\/\/6io.fr\/wp-content\/uploads\/2020\/06\/Logo_Sitio_Avec_Image-768x653.png 768w, https:\/\/6io.fr\/wp-content\/uploads\/2020\/06\/Logo_Sitio_Avec_Image-1536x1305.png 1536w, https:\/\/6io.fr\/wp-content\/uploads\/2020\/06\/Logo_Sitio_Avec_Image-2048x1741.png 2048w\" sizes=\"(max-width: 767px) 89vw, (max-width: 1000px) 54vw, (max-width: 1071px) 543px, 580px\" \/><\/figure><\/div>\n","protected":false},"excerpt":{"rendered":"<p>Lors de vos s\u00e9jours \u00e0 PARAY-LE-MONIAL vous disposez, au domaine SITIO situ\u00e9 au c\u0153ur de la cit\u00e9 du Sacr\u00e9-Coeur de J\u00e9sus, d\u2019un large choix d\u2019h\u00e9bergements de courte dur\u00e9e : Nos amis les animaux ne sont pas admis chez nous. Tous les h\u00e9bergements sont \u00e0 la m\u00eame adresse, dans le p\u00e9rim\u00e8tre de la basilique et au &hellip; <\/p>\n<p class=\"link-more\"><a href=\"https:\/\/6io.fr\/\" class=\"more-link\">Continuer la lecture<span class=\"screen-reader-text\"> de &laquo;&nbsp;Accueil Sitio &#8211; Philippe LECONTE&nbsp;&raquo;<\/span><\/a><\/p>\n","protected":false},"author":1,"featured_media":0,"parent":0,"menu_order":0,"comment_status":"closed","ping_status":"closed","template":"","meta":{"footnotes":""},"class_list":["post-7","page","type-page","status-publish","hentry"],"_links":{"self":[{"href":"https:\/\/6io.fr\/index.php\/wp-json\/wp\/v2\/pages\/7","targetHints":{"allow":["GET"]}}],"collection":[{"href":"https:\/\/6io.fr\/index.php\/wp-json\/wp\/v2\/pages"}],"about":[{"href":"https:\/\/6io.fr\/index.php\/wp-json\/wp\/v2\/types\/page"}],"author":[{"embeddable":true,"href":"https:\/\/6io.fr\/index.php\/wp-json\/wp\/v2\/users\/1"}],"replies":[{"embeddable":true,"href":"https:\/\/6io.fr\/index.php\/wp-json\/wp\/v2\/comments?post=7"}],"version-history":[{"count":46,"href":"https:\/\/6io.fr\/index.php\/wp-json\/wp\/v2\/pages\/7\/revisions"}],"predecessor-version":[{"id":1030,"href":"https:\/\/6io.fr\/index.php\/wp-json\/wp\/v2\/pages\/7\/revisions\/1030"}],"wp:attachment":[{"href":"https:\/\/6io.fr\/index.php\/wp-json\/wp\/v2\/media?parent=7"}],"curies":[{"name":"wp","href":"https:\/\/api.w.org\/{rel}","templated":true}]}}