{"id":606,"date":"2021-09-14T17:39:09","date_gmt":"2021-09-14T15:39:09","guid":{"rendered":"https:\/\/6io.fr\/?page_id=606"},"modified":"2021-09-14T19:10:59","modified_gmt":"2021-09-14T17:10:59","slug":"les-chambres-dhotes-2","status":"publish","type":"page","link":"https:\/\/6io.fr\/index.php\/les-chambres-dhotes-2\/","title":{"rendered":"Les Chambres d&rsquo;H\u00f4tes"},"content":{"rendered":"\n<p>Nos 5 chambres d&rsquo;h\u00f4tes sont capables d&rsquo;accueillir au maximum 15 personnes. <br>Selon la p\u00e9riode des remises sont accord\u00e9es. Une remise basse saison en plus d&rsquo;une remise sur la dur\u00e9e de votre s\u00e9jour offre jusqu&rsquo;\u00e0 47,5% de remise au total.<br>Pour la haute saison des tarifs sp\u00e9ciaux pour les salari\u00e9s en d\u00e9placement professionnel, ou des tarifs p\u00e8lerins, tarifs \u00e9v\u00e9nements ou sessions sont consultable sur ce site \u00e0 la section Tarifs. N&rsquo;h\u00e9sitez pas \u00e0 nous appeler pour plus de pr\u00e9cision.<\/p>\n\n\n\n<p><\/p>\n\n\n\n<figure class=\"wp-block-gallery columns-3 is-cropped wp-block-gallery-1 is-layout-flex wp-block-gallery-is-layout-flex\"><ul class=\"blocks-gallery-grid\"><li class=\"blocks-gallery-item\"><figure><img fetchpriority=\"high\" decoding=\"async\" width=\"1024\" height=\"768\" src=\"https:\/\/6io.fr\/wp-content\/uploads\/2020\/01\/9721341F-99B8-4DD0-9580-3A2D2470A573-1024x768.jpeg\" alt=\"\" data-id=\"18\" data-full-url=\"https:\/\/6io.fr\/wp-content\/uploads\/2020\/01\/9721341F-99B8-4DD0-9580-3A2D2470A573.jpeg\" data-link=\"https:\/\/6io.fr\/9721341f-99b8-4dd0-9580-3a2d2470a573\/\" class=\"wp-image-18\" srcset=\"https:\/\/6io.fr\/wp-content\/uploads\/2020\/01\/9721341F-99B8-4DD0-9580-3A2D2470A573-1024x768.jpeg 1024w, https:\/\/6io.fr\/wp-content\/uploads\/2020\/01\/9721341F-99B8-4DD0-9580-3A2D2470A573-300x225.jpeg 300w, https:\/\/6io.fr\/wp-content\/uploads\/2020\/01\/9721341F-99B8-4DD0-9580-3A2D2470A573-768x576.jpeg 768w, https:\/\/6io.fr\/wp-content\/uploads\/2020\/01\/9721341F-99B8-4DD0-9580-3A2D2470A573-1536x1152.jpeg 1536w, https:\/\/6io.fr\/wp-content\/uploads\/2020\/01\/9721341F-99B8-4DD0-9580-3A2D2470A573-1568x1176.jpeg 1568w, https:\/\/6io.fr\/wp-content\/uploads\/2020\/01\/9721341F-99B8-4DD0-9580-3A2D2470A573.jpeg 2048w\" sizes=\"(max-width: 767px) 89vw, (max-width: 1000px) 54vw, (max-width: 1071px) 543px, 580px\" \/><figcaption class=\"blocks-gallery-item__caption\">gites et chambres d\u2019h\u00f4tes Sitio<\/figcaption><\/figure><\/li><li class=\"blocks-gallery-item\"><figure><img decoding=\"async\" width=\"1024\" height=\"768\" src=\"https:\/\/6io.fr\/wp-content\/uploads\/2020\/01\/77831439-2B71-4218-8367-DCF067059C7C-1024x768.jpeg\" alt=\"St Jean-Paul II\" data-id=\"23\" data-full-url=\"https:\/\/6io.fr\/wp-content\/uploads\/2020\/01\/77831439-2B71-4218-8367-DCF067059C7C.jpeg\" data-link=\"https:\/\/6io.fr\/77831439-2b71-4218-8367-dcf067059c7c\/\" class=\"wp-image-23\" srcset=\"https:\/\/6io.fr\/wp-content\/uploads\/2020\/01\/77831439-2B71-4218-8367-DCF067059C7C-1024x768.jpeg 1024w, https:\/\/6io.fr\/wp-content\/uploads\/2020\/01\/77831439-2B71-4218-8367-DCF067059C7C-300x225.jpeg 300w, https:\/\/6io.fr\/wp-content\/uploads\/2020\/01\/77831439-2B71-4218-8367-DCF067059C7C-768x576.jpeg 768w, https:\/\/6io.fr\/wp-content\/uploads\/2020\/01\/77831439-2B71-4218-8367-DCF067059C7C-1536x1152.jpeg 1536w, https:\/\/6io.fr\/wp-content\/uploads\/2020\/01\/77831439-2B71-4218-8367-DCF067059C7C-1568x1176.jpeg 1568w, https:\/\/6io.fr\/wp-content\/uploads\/2020\/01\/77831439-2B71-4218-8367-DCF067059C7C.jpeg 2048w\" sizes=\"(max-width: 767px) 89vw, (max-width: 1000px) 54vw, (max-width: 1071px) 543px, 580px\" \/><\/figure><\/li><li class=\"blocks-gallery-item\"><figure><img decoding=\"async\" width=\"1024\" height=\"768\" src=\"https:\/\/6io.fr\/wp-content\/uploads\/2020\/01\/1FE7EC9E-14B0-4735-A0A2-B0B805B7546A-1024x768.jpeg\" alt=\"\" data-id=\"21\" data-full-url=\"https:\/\/6io.fr\/wp-content\/uploads\/2020\/01\/1FE7EC9E-14B0-4735-A0A2-B0B805B7546A.jpeg\" data-link=\"https:\/\/6io.fr\/1fe7ec9e-14b0-4735-a0a2-b0b805b7546a\/\" class=\"wp-image-21\" srcset=\"https:\/\/6io.fr\/wp-content\/uploads\/2020\/01\/1FE7EC9E-14B0-4735-A0A2-B0B805B7546A-1024x768.jpeg 1024w, https:\/\/6io.fr\/wp-content\/uploads\/2020\/01\/1FE7EC9E-14B0-4735-A0A2-B0B805B7546A-300x225.jpeg 300w, https:\/\/6io.fr\/wp-content\/uploads\/2020\/01\/1FE7EC9E-14B0-4735-A0A2-B0B805B7546A-768x576.jpeg 768w, https:\/\/6io.fr\/wp-content\/uploads\/2020\/01\/1FE7EC9E-14B0-4735-A0A2-B0B805B7546A-1536x1152.jpeg 1536w, https:\/\/6io.fr\/wp-content\/uploads\/2020\/01\/1FE7EC9E-14B0-4735-A0A2-B0B805B7546A-1568x1176.jpeg 1568w, https:\/\/6io.fr\/wp-content\/uploads\/2020\/01\/1FE7EC9E-14B0-4735-A0A2-B0B805B7546A.jpeg 2048w\" sizes=\"(max-width: 767px) 89vw, (max-width: 1000px) 54vw, (max-width: 1071px) 543px, 580px\" \/><\/figure><\/li><li class=\"blocks-gallery-item\"><figure><img loading=\"lazy\" decoding=\"async\" width=\"1024\" height=\"393\" src=\"https:\/\/6io.fr\/wp-content\/uploads\/2020\/01\/BDE34AE8-C2C7-4F42-9DCC-723EFE5CED8B-1024x393.jpeg\" alt=\"\" data-id=\"20\" data-full-url=\"https:\/\/6io.fr\/wp-content\/uploads\/2020\/01\/BDE34AE8-C2C7-4F42-9DCC-723EFE5CED8B-scaled.jpeg\" data-link=\"https:\/\/6io.fr\/bde34ae8-c2c7-4f42-9dcc-723efe5ced8b\/\" class=\"wp-image-20\" srcset=\"https:\/\/6io.fr\/wp-content\/uploads\/2020\/01\/BDE34AE8-C2C7-4F42-9DCC-723EFE5CED8B-1024x393.jpeg 1024w, https:\/\/6io.fr\/wp-content\/uploads\/2020\/01\/BDE34AE8-C2C7-4F42-9DCC-723EFE5CED8B-300x115.jpeg 300w, https:\/\/6io.fr\/wp-content\/uploads\/2020\/01\/BDE34AE8-C2C7-4F42-9DCC-723EFE5CED8B-768x295.jpeg 768w, https:\/\/6io.fr\/wp-content\/uploads\/2020\/01\/BDE34AE8-C2C7-4F42-9DCC-723EFE5CED8B-1536x589.jpeg 1536w, https:\/\/6io.fr\/wp-content\/uploads\/2020\/01\/BDE34AE8-C2C7-4F42-9DCC-723EFE5CED8B-2048x786.jpeg 2048w, https:\/\/6io.fr\/wp-content\/uploads\/2020\/01\/BDE34AE8-C2C7-4F42-9DCC-723EFE5CED8B-1568x602.jpeg 1568w\" sizes=\"(max-width: 767px) 89vw, (max-width: 1000px) 54vw, (max-width: 1071px) 543px, 580px\" \/><\/figure><\/li><li class=\"blocks-gallery-item\"><figure><img loading=\"lazy\" decoding=\"async\" width=\"1024\" height=\"768\" src=\"https:\/\/6io.fr\/wp-content\/uploads\/2020\/01\/28A8555E-962A-4EF6-9919-78D5D4351112-1024x768.jpeg\" alt=\"St Claude\" data-id=\"25\" data-full-url=\"https:\/\/6io.fr\/wp-content\/uploads\/2020\/01\/28A8555E-962A-4EF6-9919-78D5D4351112.jpeg\" data-link=\"https:\/\/6io.fr\/28a8555e-962a-4ef6-9919-78d5d4351112\/\" class=\"wp-image-25\" srcset=\"https:\/\/6io.fr\/wp-content\/uploads\/2020\/01\/28A8555E-962A-4EF6-9919-78D5D4351112-1024x768.jpeg 1024w, https:\/\/6io.fr\/wp-content\/uploads\/2020\/01\/28A8555E-962A-4EF6-9919-78D5D4351112-300x225.jpeg 300w, https:\/\/6io.fr\/wp-content\/uploads\/2020\/01\/28A8555E-962A-4EF6-9919-78D5D4351112-768x576.jpeg 768w, https:\/\/6io.fr\/wp-content\/uploads\/2020\/01\/28A8555E-962A-4EF6-9919-78D5D4351112-1536x1152.jpeg 1536w, https:\/\/6io.fr\/wp-content\/uploads\/2020\/01\/28A8555E-962A-4EF6-9919-78D5D4351112-1568x1176.jpeg 1568w, https:\/\/6io.fr\/wp-content\/uploads\/2020\/01\/28A8555E-962A-4EF6-9919-78D5D4351112.jpeg 2048w\" sizes=\"(max-width: 767px) 89vw, (max-width: 1000px) 54vw, (max-width: 1071px) 543px, 580px\" \/><\/figure><\/li><li class=\"blocks-gallery-item\"><figure><img loading=\"lazy\" decoding=\"async\" width=\"768\" height=\"1024\" src=\"https:\/\/6io.fr\/wp-content\/uploads\/2020\/01\/AF3F7651-3DFA-46C7-B045-B8ED3F305DDA-768x1024.jpeg\" alt=\"\" data-id=\"24\" data-full-url=\"https:\/\/6io.fr\/wp-content\/uploads\/2020\/01\/AF3F7651-3DFA-46C7-B045-B8ED3F305DDA.jpeg\" data-link=\"https:\/\/6io.fr\/af3f7651-3dfa-46c7-b045-b8ed3f305dda\/\" class=\"wp-image-24\" srcset=\"https:\/\/6io.fr\/wp-content\/uploads\/2020\/01\/AF3F7651-3DFA-46C7-B045-B8ED3F305DDA-768x1024.jpeg 768w, https:\/\/6io.fr\/wp-content\/uploads\/2020\/01\/AF3F7651-3DFA-46C7-B045-B8ED3F305DDA-225x300.jpeg 225w, https:\/\/6io.fr\/wp-content\/uploads\/2020\/01\/AF3F7651-3DFA-46C7-B045-B8ED3F305DDA-1152x1536.jpeg 1152w, https:\/\/6io.fr\/wp-content\/uploads\/2020\/01\/AF3F7651-3DFA-46C7-B045-B8ED3F305DDA.jpeg 1536w\" sizes=\"(max-width: 767px) 89vw, (max-width: 1000px) 54vw, (max-width: 1071px) 543px, 580px\" \/><\/figure><\/li><li class=\"blocks-gallery-item\"><figure><img loading=\"lazy\" decoding=\"async\" width=\"1024\" height=\"575\" src=\"https:\/\/6io.fr\/wp-content\/uploads\/2020\/01\/88954DAA-7636-4DB8-9A01-B8C2B39541B8-1024x575.jpeg\" alt=\"\" data-id=\"27\" data-full-url=\"https:\/\/6io.fr\/wp-content\/uploads\/2020\/01\/88954DAA-7636-4DB8-9A01-B8C2B39541B8.jpeg\" data-link=\"https:\/\/6io.fr\/88954daa-7636-4db8-9a01-b8c2b39541b8\/\" class=\"wp-image-27\" srcset=\"https:\/\/6io.fr\/wp-content\/uploads\/2020\/01\/88954DAA-7636-4DB8-9A01-B8C2B39541B8-1024x575.jpeg 1024w, https:\/\/6io.fr\/wp-content\/uploads\/2020\/01\/88954DAA-7636-4DB8-9A01-B8C2B39541B8-300x168.jpeg 300w, https:\/\/6io.fr\/wp-content\/uploads\/2020\/01\/88954DAA-7636-4DB8-9A01-B8C2B39541B8-768x431.jpeg 768w, https:\/\/6io.fr\/wp-content\/uploads\/2020\/01\/88954DAA-7636-4DB8-9A01-B8C2B39541B8.jpeg 1136w\" sizes=\"(max-width: 767px) 89vw, (max-width: 1000px) 54vw, (max-width: 1071px) 543px, 580px\" \/><\/figure><\/li><li class=\"blocks-gallery-item\"><figure><img loading=\"lazy\" decoding=\"async\" width=\"768\" height=\"1024\" src=\"https:\/\/6io.fr\/wp-content\/uploads\/2020\/01\/63895283-6B21-4A1F-9475-3D7872A0DEEA-768x1024.jpeg\" alt=\"\" data-id=\"28\" data-full-url=\"https:\/\/6io.fr\/wp-content\/uploads\/2020\/01\/63895283-6B21-4A1F-9475-3D7872A0DEEA.jpeg\" data-link=\"https:\/\/6io.fr\/63895283-6b21-4a1f-9475-3d7872a0deea\/\" class=\"wp-image-28\" srcset=\"https:\/\/6io.fr\/wp-content\/uploads\/2020\/01\/63895283-6B21-4A1F-9475-3D7872A0DEEA-768x1024.jpeg 768w, https:\/\/6io.fr\/wp-content\/uploads\/2020\/01\/63895283-6B21-4A1F-9475-3D7872A0DEEA-225x300.jpeg 225w, https:\/\/6io.fr\/wp-content\/uploads\/2020\/01\/63895283-6B21-4A1F-9475-3D7872A0DEEA-1152x1536.jpeg 1152w, https:\/\/6io.fr\/wp-content\/uploads\/2020\/01\/63895283-6B21-4A1F-9475-3D7872A0DEEA.jpeg 1536w\" sizes=\"(max-width: 767px) 89vw, (max-width: 1000px) 54vw, (max-width: 1071px) 543px, 580px\" \/><\/figure><\/li><li class=\"blocks-gallery-item\"><figure><img loading=\"lazy\" decoding=\"async\" width=\"1024\" height=\"768\" src=\"https:\/\/6io.fr\/wp-content\/uploads\/2020\/01\/36DD31E2-F4DE-453C-917C-763C7B140289-1024x768.jpeg\" alt=\"\" data-id=\"29\" data-full-url=\"https:\/\/6io.fr\/wp-content\/uploads\/2020\/01\/36DD31E2-F4DE-453C-917C-763C7B140289.jpeg\" data-link=\"https:\/\/6io.fr\/36dd31e2-f4de-453c-917c-763c7b140289\/\" class=\"wp-image-29\" srcset=\"https:\/\/6io.fr\/wp-content\/uploads\/2020\/01\/36DD31E2-F4DE-453C-917C-763C7B140289-1024x768.jpeg 1024w, https:\/\/6io.fr\/wp-content\/uploads\/2020\/01\/36DD31E2-F4DE-453C-917C-763C7B140289-300x225.jpeg 300w, https:\/\/6io.fr\/wp-content\/uploads\/2020\/01\/36DD31E2-F4DE-453C-917C-763C7B140289-768x576.jpeg 768w, https:\/\/6io.fr\/wp-content\/uploads\/2020\/01\/36DD31E2-F4DE-453C-917C-763C7B140289-1536x1152.jpeg 1536w, https:\/\/6io.fr\/wp-content\/uploads\/2020\/01\/36DD31E2-F4DE-453C-917C-763C7B140289-1568x1176.jpeg 1568w, https:\/\/6io.fr\/wp-content\/uploads\/2020\/01\/36DD31E2-F4DE-453C-917C-763C7B140289.jpeg 2048w\" sizes=\"(max-width: 767px) 89vw, (max-width: 1000px) 54vw, (max-width: 1071px) 543px, 580px\" \/><\/figure><\/li><li class=\"blocks-gallery-item\"><figure><img loading=\"lazy\" decoding=\"async\" width=\"1024\" height=\"768\" src=\"https:\/\/6io.fr\/wp-content\/uploads\/2020\/01\/003B55DF-F24A-4C27-8890-1A1AC4E7007D-1024x768.jpeg\" alt=\"\" data-id=\"31\" data-full-url=\"https:\/\/6io.fr\/wp-content\/uploads\/2020\/01\/003B55DF-F24A-4C27-8890-1A1AC4E7007D.jpeg\" data-link=\"https:\/\/6io.fr\/003b55df-f24a-4c27-8890-1a1ac4e7007d\/\" class=\"wp-image-31\" srcset=\"https:\/\/6io.fr\/wp-content\/uploads\/2020\/01\/003B55DF-F24A-4C27-8890-1A1AC4E7007D-1024x768.jpeg 1024w, https:\/\/6io.fr\/wp-content\/uploads\/2020\/01\/003B55DF-F24A-4C27-8890-1A1AC4E7007D-300x225.jpeg 300w, https:\/\/6io.fr\/wp-content\/uploads\/2020\/01\/003B55DF-F24A-4C27-8890-1A1AC4E7007D-768x576.jpeg 768w, https:\/\/6io.fr\/wp-content\/uploads\/2020\/01\/003B55DF-F24A-4C27-8890-1A1AC4E7007D-1536x1152.jpeg 1536w, https:\/\/6io.fr\/wp-content\/uploads\/2020\/01\/003B55DF-F24A-4C27-8890-1A1AC4E7007D-1568x1176.jpeg 1568w, https:\/\/6io.fr\/wp-content\/uploads\/2020\/01\/003B55DF-F24A-4C27-8890-1A1AC4E7007D.jpeg 2048w\" sizes=\"(max-width: 767px) 89vw, (max-width: 1000px) 54vw, (max-width: 1071px) 543px, 580px\" \/><\/figure><\/li><li class=\"blocks-gallery-item\"><figure><img loading=\"lazy\" decoding=\"async\" width=\"765\" height=\"1024\" src=\"https:\/\/6io.fr\/wp-content\/uploads\/2020\/03\/33B070E9-2F07-4B4F-AFDC-3F903A199E81-765x1024.jpeg\" alt=\"\" data-id=\"341\" data-full-url=\"https:\/\/6io.fr\/wp-content\/uploads\/2020\/03\/33B070E9-2F07-4B4F-AFDC-3F903A199E81.jpeg\" data-link=\"https:\/\/6io.fr\/33b070e9-2f07-4b4f-afdc-3f903a199e81\/\" class=\"wp-image-341\" srcset=\"https:\/\/6io.fr\/wp-content\/uploads\/2020\/03\/33B070E9-2F07-4B4F-AFDC-3F903A199E81-765x1024.jpeg 765w, https:\/\/6io.fr\/wp-content\/uploads\/2020\/03\/33B070E9-2F07-4B4F-AFDC-3F903A199E81-224x300.jpeg 224w, https:\/\/6io.fr\/wp-content\/uploads\/2020\/03\/33B070E9-2F07-4B4F-AFDC-3F903A199E81-768x1028.jpeg 768w, https:\/\/6io.fr\/wp-content\/uploads\/2020\/03\/33B070E9-2F07-4B4F-AFDC-3F903A199E81-1148x1536.jpeg 1148w, https:\/\/6io.fr\/wp-content\/uploads\/2020\/03\/33B070E9-2F07-4B4F-AFDC-3F903A199E81-1530x2048.jpeg 1530w, https:\/\/6io.fr\/wp-content\/uploads\/2020\/03\/33B070E9-2F07-4B4F-AFDC-3F903A199E81.jpeg 1536w\" sizes=\"(max-width: 706px) 89vw, (max-width: 767px) 82vw, 740px\" \/><\/figure><\/li><li class=\"blocks-gallery-item\"><figure><img loading=\"lazy\" decoding=\"async\" width=\"768\" height=\"1024\" src=\"https:\/\/6io.fr\/wp-content\/uploads\/2020\/03\/18B997E9-1045-488B-8466-199C67424794-768x1024.jpeg\" alt=\"\" data-id=\"346\" data-full-url=\"https:\/\/6io.fr\/wp-content\/uploads\/2020\/03\/18B997E9-1045-488B-8466-199C67424794.jpeg\" data-link=\"https:\/\/6io.fr\/18b997e9-1045-488b-8466-199c67424794\/\" class=\"wp-image-346\" srcset=\"https:\/\/6io.fr\/wp-content\/uploads\/2020\/03\/18B997E9-1045-488B-8466-199C67424794-768x1024.jpeg 768w, https:\/\/6io.fr\/wp-content\/uploads\/2020\/03\/18B997E9-1045-488B-8466-199C67424794-225x300.jpeg 225w, https:\/\/6io.fr\/wp-content\/uploads\/2020\/03\/18B997E9-1045-488B-8466-199C67424794-1152x1536.jpeg 1152w, https:\/\/6io.fr\/wp-content\/uploads\/2020\/03\/18B997E9-1045-488B-8466-199C67424794.jpeg 1536w\" sizes=\"(max-width: 767px) 89vw, (max-width: 1000px) 54vw, (max-width: 1071px) 543px, 580px\" \/><\/figure><\/li><li class=\"blocks-gallery-item\"><figure><img loading=\"lazy\" decoding=\"async\" width=\"1024\" height=\"768\" src=\"https:\/\/6io.fr\/wp-content\/uploads\/2020\/03\/B5DBA78D-90B3-40B7-9FD9-7AE3B4D7846C-1024x768.jpeg\" alt=\"\" data-id=\"345\" data-full-url=\"https:\/\/6io.fr\/wp-content\/uploads\/2020\/03\/B5DBA78D-90B3-40B7-9FD9-7AE3B4D7846C.jpeg\" data-link=\"https:\/\/6io.fr\/b5dba78d-90b3-40b7-9fd9-7ae3b4d7846c\/\" class=\"wp-image-345\" srcset=\"https:\/\/6io.fr\/wp-content\/uploads\/2020\/03\/B5DBA78D-90B3-40B7-9FD9-7AE3B4D7846C-1024x768.jpeg 1024w, https:\/\/6io.fr\/wp-content\/uploads\/2020\/03\/B5DBA78D-90B3-40B7-9FD9-7AE3B4D7846C-300x225.jpeg 300w, https:\/\/6io.fr\/wp-content\/uploads\/2020\/03\/B5DBA78D-90B3-40B7-9FD9-7AE3B4D7846C-768x576.jpeg 768w, https:\/\/6io.fr\/wp-content\/uploads\/2020\/03\/B5DBA78D-90B3-40B7-9FD9-7AE3B4D7846C-1536x1152.jpeg 1536w, https:\/\/6io.fr\/wp-content\/uploads\/2020\/03\/B5DBA78D-90B3-40B7-9FD9-7AE3B4D7846C.jpeg 2048w\" sizes=\"(max-width: 767px) 89vw, (max-width: 1000px) 54vw, (max-width: 1071px) 543px, 580px\" \/><\/figure><\/li><li class=\"blocks-gallery-item\"><figure><img loading=\"lazy\" decoding=\"async\" width=\"1024\" height=\"683\" src=\"https:\/\/6io.fr\/wp-content\/uploads\/2021\/09\/IMGP5979-1024x683.jpg\" alt=\"\" data-id=\"528\" data-full-url=\"https:\/\/6io.fr\/wp-content\/uploads\/2021\/09\/IMGP5979-scaled.jpg\" data-link=\"https:\/\/6io.fr\/index.php\/sitio-philippe-leconte\/imgp5979\/\" class=\"wp-image-528\" srcset=\"https:\/\/6io.fr\/wp-content\/uploads\/2021\/09\/IMGP5979-1024x683.jpg 1024w, https:\/\/6io.fr\/wp-content\/uploads\/2021\/09\/IMGP5979-300x200.jpg 300w, https:\/\/6io.fr\/wp-content\/uploads\/2021\/09\/IMGP5979-768x512.jpg 768w, https:\/\/6io.fr\/wp-content\/uploads\/2021\/09\/IMGP5979-1536x1024.jpg 1536w, https:\/\/6io.fr\/wp-content\/uploads\/2021\/09\/IMGP5979-2048x1365.jpg 2048w\" sizes=\"(max-width: 767px) 89vw, (max-width: 1000px) 54vw, (max-width: 1071px) 543px, 580px\" \/><\/figure><\/li><li class=\"blocks-gallery-item\"><figure><img loading=\"lazy\" decoding=\"async\" width=\"1024\" height=\"683\" src=\"https:\/\/6io.fr\/wp-content\/uploads\/2021\/09\/DJI_0161-1024x683.jpg\" alt=\"\" data-id=\"533\" data-full-url=\"https:\/\/6io.fr\/wp-content\/uploads\/2021\/09\/DJI_0161-scaled.jpg\" data-link=\"https:\/\/6io.fr\/default\/\" class=\"wp-image-533\" srcset=\"https:\/\/6io.fr\/wp-content\/uploads\/2021\/09\/DJI_0161-1024x683.jpg 1024w, https:\/\/6io.fr\/wp-content\/uploads\/2021\/09\/DJI_0161-300x200.jpg 300w, https:\/\/6io.fr\/wp-content\/uploads\/2021\/09\/DJI_0161-768x512.jpg 768w, https:\/\/6io.fr\/wp-content\/uploads\/2021\/09\/DJI_0161-1536x1024.jpg 1536w, https:\/\/6io.fr\/wp-content\/uploads\/2021\/09\/DJI_0161-2048x1365.jpg 2048w\" sizes=\"(max-width: 767px) 89vw, (max-width: 1000px) 54vw, (max-width: 1071px) 543px, 580px\" \/><figcaption class=\"blocks-gallery-item__caption\">default<\/figcaption><\/figure><\/li><li class=\"blocks-gallery-item\"><figure><img loading=\"lazy\" decoding=\"async\" width=\"1024\" height=\"683\" src=\"https:\/\/6io.fr\/wp-content\/uploads\/2021\/09\/DJI_0173-1024x683.jpg\" alt=\"\" data-id=\"545\" data-full-url=\"https:\/\/6io.fr\/wp-content\/uploads\/2021\/09\/DJI_0173-scaled.jpg\" data-link=\"https:\/\/6io.fr\/default-9\/\" class=\"wp-image-545\" srcset=\"https:\/\/6io.fr\/wp-content\/uploads\/2021\/09\/DJI_0173-1024x683.jpg 1024w, https:\/\/6io.fr\/wp-content\/uploads\/2021\/09\/DJI_0173-300x200.jpg 300w, https:\/\/6io.fr\/wp-content\/uploads\/2021\/09\/DJI_0173-768x512.jpg 768w, https:\/\/6io.fr\/wp-content\/uploads\/2021\/09\/DJI_0173-1536x1024.jpg 1536w, https:\/\/6io.fr\/wp-content\/uploads\/2021\/09\/DJI_0173-2048x1365.jpg 2048w\" sizes=\"(max-width: 767px) 89vw, (max-width: 1000px) 54vw, (max-width: 1071px) 543px, 580px\" \/><figcaption class=\"blocks-gallery-item__caption\">default<\/figcaption><\/figure><\/li><\/ul><\/figure>\n","protected":false},"excerpt":{"rendered":"<p>Nos 5 chambres d&rsquo;h\u00f4tes sont capables d&rsquo;accueillir au maximum 15 personnes. Selon la p\u00e9riode des remises sont accord\u00e9es. Une remise basse saison en plus d&rsquo;une remise sur la dur\u00e9e de votre s\u00e9jour offre jusqu&rsquo;\u00e0 47,5% de remise au total.Pour la haute saison des tarifs sp\u00e9ciaux pour les salari\u00e9s en d\u00e9placement professionnel, ou des tarifs p\u00e8lerins, &hellip; <\/p>\n<p class=\"link-more\"><a href=\"https:\/\/6io.fr\/index.php\/les-chambres-dhotes-2\/\" class=\"more-link\">Continuer la lecture<span class=\"screen-reader-text\"> de &laquo;&nbsp;Les Chambres d&rsquo;H\u00f4tes&nbsp;&raquo;<\/span><\/a><\/p>\n","protected":false},"author":1,"featured_media":0,"parent":0,"menu_order":0,"comment_status":"closed","ping_status":"closed","template":"","meta":{"footnotes":""},"class_list":["post-606","page","type-page","status-publish","hentry"],"_links":{"self":[{"href":"https:\/\/6io.fr\/index.php\/wp-json\/wp\/v2\/pages\/606","targetHints":{"allow":["GET"]}}],"collection":[{"href":"https:\/\/6io.fr\/index.php\/wp-json\/wp\/v2\/pages"}],"about":[{"href":"https:\/\/6io.fr\/index.php\/wp-json\/wp\/v2\/types\/page"}],"author":[{"embeddable":true,"href":"https:\/\/6io.fr\/index.php\/wp-json\/wp\/v2\/users\/1"}],"replies":[{"embeddable":true,"href":"https:\/\/6io.fr\/index.php\/wp-json\/wp\/v2\/comments?post=606"}],"version-history":[{"count":4,"href":"https:\/\/6io.fr\/index.php\/wp-json\/wp\/v2\/pages\/606\/revisions"}],"predecessor-version":[{"id":647,"href":"https:\/\/6io.fr\/index.php\/wp-json\/wp\/v2\/pages\/606\/revisions\/647"}],"wp:attachment":[{"href":"https:\/\/6io.fr\/index.php\/wp-json\/wp\/v2\/media?parent=606"}],"curies":[{"name":"wp","href":"https:\/\/api.w.org\/{rel}","templated":true}]}}