{"id":405,"date":"2020-03-12T17:26:16","date_gmt":"2020-03-12T16:26:16","guid":{"rendered":"http:\/\/6io.fr\/?page_id=405"},"modified":"2021-09-15T12:09:22","modified_gmt":"2021-09-15T10:09:22","slug":"le-trampoline","status":"publish","type":"page","link":"https:\/\/6io.fr\/index.php\/le-trampoline\/","title":{"rendered":"Le Trampoline"},"content":{"rendered":"\n<p>Le trampoline est \u00e0 la disposition de tous les occupants du domaine. <\/p>\n\n\n\n<p><strong>Horaire d&rsquo;utilisation<\/strong> : <br>de <strong>10h00<\/strong> \u00e0 <strong>21h00<\/strong> chaque jour.<br>Afin de ne pas d\u00e9ranger le voisinage ni les occupants du domaine, il est important de respecter les horaires d&rsquo;utilisation du trampoline. <\/p>\n\n\n\n<p><strong>Utilisation du trampoline :<\/strong> <br>Il est recommand\u00e9 par le constructeur de ne pas porter de chaussures sur le trampoline. Afin de ne pas ab\u00eemer le rev\u00eatement, il est interdit de porter des objets coupants, susceptibles de blesser les utilisateurs du trampoline, mais aussi le trampoline en lui-m\u00eame.<br>Il est interdit de marcher sur les ressorts ainsi que sur la protection mise dessus. <br>Chaque utilisateur veillera \u00e0 sauter plut\u00f4t vers le centre du trampoline que dans sa p\u00e9riph\u00e9rie. <br><\/p>\n\n\n\n<p><strong>S\u00e9curit\u00e9 et responsabilit\u00e9<\/strong> : <br>Le trampoline est suffisamment solide pour \u00eatre utilis\u00e9 par un adulte, cependant, chacun doit \u00e9valuer par lui-m\u00eame et sous sa propre responsabilit\u00e9 la dangerosit\u00e9 de son usage. Du fait de la bonne \u00e9lasticit\u00e9 du rev\u00eatement,  un utilisateur d&rsquo;environ 80kg ou plus, peut se faire mal  lors de la retomb\u00e9e d&rsquo;un fort rebond. Il est possible dans ces cas-l\u00e0 de toucher le sol.<br>Les enfants mineurs ne peuvent profiter du trampoline <strong>que sous la surveillance d&rsquo;un  adulte l\u00e9galement responsable,<\/strong> qui restera \u00e0 proximit\u00e9 durant toute la s\u00e9ance de trampoline.<\/p>\n\n\n\n<figure class=\"wp-block-gallery columns-1 is-cropped wp-block-gallery-1 is-layout-flex wp-block-gallery-is-layout-flex\"><ul class=\"blocks-gallery-grid\"><li class=\"blocks-gallery-item\"><figure><img fetchpriority=\"high\" decoding=\"async\" width=\"1024\" height=\"683\" src=\"https:\/\/6io.fr\/wp-content\/uploads\/2021\/09\/IMGP6003-1024x683.jpg\" alt=\"\" data-id=\"566\" data-full-url=\"https:\/\/6io.fr\/wp-content\/uploads\/2021\/09\/IMGP6003-scaled.jpg\" data-link=\"https:\/\/6io.fr\/imgp6003\/\" class=\"wp-image-566\" srcset=\"https:\/\/6io.fr\/wp-content\/uploads\/2021\/09\/IMGP6003-1024x683.jpg 1024w, https:\/\/6io.fr\/wp-content\/uploads\/2021\/09\/IMGP6003-300x200.jpg 300w, https:\/\/6io.fr\/wp-content\/uploads\/2021\/09\/IMGP6003-768x512.jpg 768w, https:\/\/6io.fr\/wp-content\/uploads\/2021\/09\/IMGP6003-1536x1024.jpg 1536w, https:\/\/6io.fr\/wp-content\/uploads\/2021\/09\/IMGP6003-2048x1365.jpg 2048w\" sizes=\"(max-width: 767px) 89vw, (max-width: 1000px) 54vw, (max-width: 1071px) 543px, 580px\" \/><figcaption class=\"blocks-gallery-item__caption\">Trampoline SITIO Paray le Monial<\/figcaption><\/figure><\/li><li class=\"blocks-gallery-item\"><figure><img decoding=\"async\" width=\"1024\" height=\"683\" src=\"https:\/\/6io.fr\/wp-content\/uploads\/2021\/09\/IMGP5998-1024x683.jpg\" alt=\"\" data-id=\"561\" data-full-url=\"https:\/\/6io.fr\/wp-content\/uploads\/2021\/09\/IMGP5998-scaled.jpg\" data-link=\"https:\/\/6io.fr\/imgp5998\/\" class=\"wp-image-561\" srcset=\"https:\/\/6io.fr\/wp-content\/uploads\/2021\/09\/IMGP5998-1024x683.jpg 1024w, https:\/\/6io.fr\/wp-content\/uploads\/2021\/09\/IMGP5998-300x200.jpg 300w, https:\/\/6io.fr\/wp-content\/uploads\/2021\/09\/IMGP5998-768x512.jpg 768w, https:\/\/6io.fr\/wp-content\/uploads\/2021\/09\/IMGP5998-1536x1024.jpg 1536w, https:\/\/6io.fr\/wp-content\/uploads\/2021\/09\/IMGP5998-2048x1365.jpg 2048w\" sizes=\"(max-width: 767px) 89vw, (max-width: 1000px) 54vw, (max-width: 1071px) 543px, 580px\" \/><figcaption class=\"blocks-gallery-item__caption\">Trampoline SITIO Paray le Monial<\/figcaption><\/figure><\/li><\/ul><\/figure>\n","protected":false},"excerpt":{"rendered":"<p>Le trampoline est \u00e0 la disposition de tous les occupants du domaine. Horaire d&rsquo;utilisation : de 10h00 \u00e0 21h00 chaque jour.Afin de ne pas d\u00e9ranger le voisinage ni les occupants du domaine, il est important de respecter les horaires d&rsquo;utilisation du trampoline. Utilisation du trampoline : Il est recommand\u00e9 par le constructeur de ne pas &hellip; <\/p>\n<p class=\"link-more\"><a href=\"https:\/\/6io.fr\/index.php\/le-trampoline\/\" class=\"more-link\">Continuer la lecture<span class=\"screen-reader-text\"> de &laquo;&nbsp;Le Trampoline&nbsp;&raquo;<\/span><\/a><\/p>\n","protected":false},"author":1,"featured_media":0,"parent":0,"menu_order":0,"comment_status":"closed","ping_status":"closed","template":"","meta":{"footnotes":""},"class_list":["post-405","page","type-page","status-publish","hentry"],"_links":{"self":[{"href":"https:\/\/6io.fr\/index.php\/wp-json\/wp\/v2\/pages\/405","targetHints":{"allow":["GET"]}}],"collection":[{"href":"https:\/\/6io.fr\/index.php\/wp-json\/wp\/v2\/pages"}],"about":[{"href":"https:\/\/6io.fr\/index.php\/wp-json\/wp\/v2\/types\/page"}],"author":[{"embeddable":true,"href":"https:\/\/6io.fr\/index.php\/wp-json\/wp\/v2\/users\/1"}],"replies":[{"embeddable":true,"href":"https:\/\/6io.fr\/index.php\/wp-json\/wp\/v2\/comments?post=405"}],"version-history":[{"count":6,"href":"https:\/\/6io.fr\/index.php\/wp-json\/wp\/v2\/pages\/405\/revisions"}],"predecessor-version":[{"id":695,"href":"https:\/\/6io.fr\/index.php\/wp-json\/wp\/v2\/pages\/405\/revisions\/695"}],"wp:attachment":[{"href":"https:\/\/6io.fr\/index.php\/wp-json\/wp\/v2\/media?parent=405"}],"curies":[{"name":"wp","href":"https:\/\/api.w.org\/{rel}","templated":true}]}}