{"id":401,"date":"2020-03-12T17:26:00","date_gmt":"2020-03-12T16:26:00","guid":{"rendered":"http:\/\/6io.fr\/?page_id=401"},"modified":"2021-09-15T12:05:41","modified_gmt":"2021-09-15T10:05:41","slug":"le-jardin","status":"publish","type":"page","link":"https:\/\/6io.fr\/index.php\/le-jardin\/","title":{"rendered":"Le Jardin"},"content":{"rendered":"\n<p>Le jardin est compos\u00e9 de 2 parties. La premi\u00e8re est privative et non accessible pour les h\u00f4tes.  La seconde est ouverte \u00e0 toutes les personnes logeant sur le domaine SITIO. Il s&rsquo;agit d&rsquo;un petit jardin  dot\u00e9 d&rsquo;un <strong>trampoline<\/strong> (sous la responsabilit\u00e9 et la surveillance d&rsquo;une personne l\u00e9galement responsable), d&rsquo;une <strong>petite maison d&rsquo;enfan<\/strong>t avec d\u00eenette et quelques jeux d&rsquo;ext\u00e9rieur mis \u00e0 la disposition des familles (voiture, tricycle&#8230;).<\/p>\n\n\n\n<p>Pour les 3 g\u00eetes, <strong>une table proportionnelle \u00e0 la taille du g\u00eete<\/strong> avec ses chaises d&rsquo;ext\u00e9rieur ou bancs, sont mis \u00e0 disposition de tous. Cependant les occupants des g\u00eetes sont prioritaires pour leur utilisation. Pour les locataires en chambre d&rsquo;h\u00f4tes, d&rsquo;autres tables et chaises sont disponibles sur la plage de la piscine. <br>Un <strong>parasol<\/strong> est disponible sur demande pour chaque table.<\/p>\n\n\n\n<p>Afin de profiter du soleil tout en surveillant vos enfants, des <strong>transats<\/strong> sont disponibles sur demande aupr\u00e8s des propri\u00e9taires.  <\/p>\n\n\n\n<p>D&rsquo;<strong>autres jeux d&rsquo;ext\u00e9rieur<\/strong> sont disponibles pour les clients qui le souhaitent. <\/p>\n\n\n\n<p>Merci \u00e0 chacun de prendre soin de ranger ces accessoires apr\u00e8s leur utilisation, selon les indications donn\u00e9es par le propri\u00e9taire.<\/p>\n\n\n\n<p>Une <strong>poubelle d&rsquo;ext\u00e9rieur<\/strong> est mise \u00e0 disposition de tous. Le sac est chang\u00e9 une fois par semaine. Si vous voyez qu&rsquo;il est n\u00e9cessaire de le faire plus t\u00f4t, n&rsquo;h\u00e9sitez pas \u00e0 en informer le propri\u00e9taire.<\/p>\n\n\n\n<p>Dans le jardin, des <strong>arbres fruitiers<\/strong> sont plant\u00e9s pour la joie du regard ! Les fruits ne sont pas pour les clients. Merci \u00e0 chacun de veiller \u00e0 ce que les enfants ne se servent pas ni n&rsquo;ab\u00eement les fruits avant d&rsquo;\u00eatre cueillis.<\/p>\n\n\n\n<figure class=\"wp-block-gallery columns-2 is-cropped wp-block-gallery-1 is-layout-flex wp-block-gallery-is-layout-flex\"><ul class=\"blocks-gallery-grid\"><li class=\"blocks-gallery-item\"><figure><img fetchpriority=\"high\" decoding=\"async\" width=\"683\" height=\"1024\" src=\"https:\/\/6io.fr\/wp-content\/uploads\/2021\/09\/IMGP6002-683x1024.jpg\" alt=\"\" data-id=\"565\" data-full-url=\"https:\/\/6io.fr\/wp-content\/uploads\/2021\/09\/IMGP6002-scaled.jpg\" data-link=\"https:\/\/6io.fr\/imgp6002\/\" class=\"wp-image-565\" srcset=\"https:\/\/6io.fr\/wp-content\/uploads\/2021\/09\/IMGP6002-683x1024.jpg 683w, https:\/\/6io.fr\/wp-content\/uploads\/2021\/09\/IMGP6002-200x300.jpg 200w, https:\/\/6io.fr\/wp-content\/uploads\/2021\/09\/IMGP6002-768x1152.jpg 768w, https:\/\/6io.fr\/wp-content\/uploads\/2021\/09\/IMGP6002-1024x1536.jpg 1024w, https:\/\/6io.fr\/wp-content\/uploads\/2021\/09\/IMGP6002-1365x2048.jpg 1365w, https:\/\/6io.fr\/wp-content\/uploads\/2021\/09\/IMGP6002-scaled.jpg 1707w\" sizes=\"(max-width: 683px) 100vw, 683px\" \/><figcaption class=\"blocks-gallery-item__caption\">Chemin donnant sur le jardin des H\u00f4tes SITIO Paray le Monial<\/figcaption><\/figure><\/li><li class=\"blocks-gallery-item\"><figure><img decoding=\"async\" width=\"683\" height=\"1024\" src=\"https:\/\/6io.fr\/wp-content\/uploads\/2021\/09\/IMGP6007-683x1024.jpg\" alt=\"\" data-id=\"570\" data-full-url=\"https:\/\/6io.fr\/wp-content\/uploads\/2021\/09\/IMGP6007-scaled.jpg\" data-link=\"https:\/\/6io.fr\/imgp6007\/\" class=\"wp-image-570\" srcset=\"https:\/\/6io.fr\/wp-content\/uploads\/2021\/09\/IMGP6007-683x1024.jpg 683w, https:\/\/6io.fr\/wp-content\/uploads\/2021\/09\/IMGP6007-200x300.jpg 200w, https:\/\/6io.fr\/wp-content\/uploads\/2021\/09\/IMGP6007-768x1152.jpg 768w, https:\/\/6io.fr\/wp-content\/uploads\/2021\/09\/IMGP6007-1024x1536.jpg 1024w, https:\/\/6io.fr\/wp-content\/uploads\/2021\/09\/IMGP6007-1365x2048.jpg 1365w, https:\/\/6io.fr\/wp-content\/uploads\/2021\/09\/IMGP6007-scaled.jpg 1707w\" sizes=\"(max-width: 683px) 100vw, 683px\" \/><figcaption class=\"blocks-gallery-item__caption\">Aire de Jeux enfant jardin des h\u00f4tes Sitio Paray le Monial<\/figcaption><\/figure><\/li><li class=\"blocks-gallery-item\"><figure><img decoding=\"async\" width=\"1024\" height=\"683\" src=\"https:\/\/6io.fr\/wp-content\/uploads\/2021\/09\/IMGP5995-1024x683.jpg\" alt=\"\" data-id=\"558\" data-full-url=\"https:\/\/6io.fr\/wp-content\/uploads\/2021\/09\/IMGP5995-scaled.jpg\" data-link=\"https:\/\/6io.fr\/imgp5995\/\" class=\"wp-image-558\" srcset=\"https:\/\/6io.fr\/wp-content\/uploads\/2021\/09\/IMGP5995-1024x683.jpg 1024w, https:\/\/6io.fr\/wp-content\/uploads\/2021\/09\/IMGP5995-300x200.jpg 300w, https:\/\/6io.fr\/wp-content\/uploads\/2021\/09\/IMGP5995-768x512.jpg 768w, https:\/\/6io.fr\/wp-content\/uploads\/2021\/09\/IMGP5995-1536x1024.jpg 1536w, https:\/\/6io.fr\/wp-content\/uploads\/2021\/09\/IMGP5995-2048x1365.jpg 2048w\" sizes=\"(max-width: 767px) 89vw, (max-width: 1000px) 54vw, (max-width: 1071px) 543px, 580px\" \/><figcaption class=\"blocks-gallery-item__caption\">Jardin des H\u00f4tes SITIO Paray le Monial<\/figcaption><\/figure><\/li><li class=\"blocks-gallery-item\"><figure><img loading=\"lazy\" decoding=\"async\" width=\"1024\" height=\"683\" src=\"https:\/\/6io.fr\/wp-content\/uploads\/2021\/09\/IMGP5984-1024x683.jpg\" alt=\"\" data-id=\"547\" data-full-url=\"https:\/\/6io.fr\/wp-content\/uploads\/2021\/09\/IMGP5984-scaled.jpg\" data-link=\"https:\/\/6io.fr\/imgp5984\/\" class=\"wp-image-547\" srcset=\"https:\/\/6io.fr\/wp-content\/uploads\/2021\/09\/IMGP5984-1024x683.jpg 1024w, https:\/\/6io.fr\/wp-content\/uploads\/2021\/09\/IMGP5984-300x200.jpg 300w, https:\/\/6io.fr\/wp-content\/uploads\/2021\/09\/IMGP5984-768x512.jpg 768w, https:\/\/6io.fr\/wp-content\/uploads\/2021\/09\/IMGP5984-1536x1024.jpg 1536w, https:\/\/6io.fr\/wp-content\/uploads\/2021\/09\/IMGP5984-2048x1365.jpg 2048w\" sizes=\"(max-width: 767px) 89vw, (max-width: 1000px) 54vw, (max-width: 1071px) 543px, 580px\" \/><figcaption class=\"blocks-gallery-item__caption\">Jardin des H\u00f4tes SITIO Paray le Monial<\/figcaption><\/figure><\/li><li class=\"blocks-gallery-item\"><figure><img loading=\"lazy\" decoding=\"async\" width=\"1024\" height=\"683\" src=\"https:\/\/6io.fr\/wp-content\/uploads\/2021\/09\/DJI_0170-1024x683.jpg\" alt=\"\" data-id=\"542\" data-full-url=\"https:\/\/6io.fr\/wp-content\/uploads\/2021\/09\/DJI_0170-scaled.jpg\" data-link=\"https:\/\/6io.fr\/default-7\/\" class=\"wp-image-542\" srcset=\"https:\/\/6io.fr\/wp-content\/uploads\/2021\/09\/DJI_0170-1024x683.jpg 1024w, https:\/\/6io.fr\/wp-content\/uploads\/2021\/09\/DJI_0170-300x200.jpg 300w, https:\/\/6io.fr\/wp-content\/uploads\/2021\/09\/DJI_0170-768x512.jpg 768w, https:\/\/6io.fr\/wp-content\/uploads\/2021\/09\/DJI_0170-1536x1024.jpg 1536w, https:\/\/6io.fr\/wp-content\/uploads\/2021\/09\/DJI_0170-2048x1365.jpg 2048w\" sizes=\"(max-width: 767px) 89vw, (max-width: 1000px) 54vw, (max-width: 1071px) 543px, 580px\" \/><figcaption class=\"blocks-gallery-item__caption\">Jardin SITIO vu du ciel Paray le Monial<\/figcaption><\/figure><\/li><\/ul><\/figure>\n","protected":false},"excerpt":{"rendered":"<p>Le jardin est compos\u00e9 de 2 parties. La premi\u00e8re est privative et non accessible pour les h\u00f4tes. La seconde est ouverte \u00e0 toutes les personnes logeant sur le domaine SITIO. Il s&rsquo;agit d&rsquo;un petit jardin dot\u00e9 d&rsquo;un trampoline (sous la responsabilit\u00e9 et la surveillance d&rsquo;une personne l\u00e9galement responsable), d&rsquo;une petite maison d&rsquo;enfant avec d\u00eenette et &hellip; <\/p>\n<p class=\"link-more\"><a href=\"https:\/\/6io.fr\/index.php\/le-jardin\/\" class=\"more-link\">Continuer la lecture<span class=\"screen-reader-text\"> de &laquo;&nbsp;Le Jardin&nbsp;&raquo;<\/span><\/a><\/p>\n","protected":false},"author":1,"featured_media":0,"parent":0,"menu_order":0,"comment_status":"closed","ping_status":"closed","template":"","meta":{"footnotes":""},"class_list":["post-401","page","type-page","status-publish","hentry"],"_links":{"self":[{"href":"https:\/\/6io.fr\/index.php\/wp-json\/wp\/v2\/pages\/401","targetHints":{"allow":["GET"]}}],"collection":[{"href":"https:\/\/6io.fr\/index.php\/wp-json\/wp\/v2\/pages"}],"about":[{"href":"https:\/\/6io.fr\/index.php\/wp-json\/wp\/v2\/types\/page"}],"author":[{"embeddable":true,"href":"https:\/\/6io.fr\/index.php\/wp-json\/wp\/v2\/users\/1"}],"replies":[{"embeddable":true,"href":"https:\/\/6io.fr\/index.php\/wp-json\/wp\/v2\/comments?post=401"}],"version-history":[{"count":6,"href":"https:\/\/6io.fr\/index.php\/wp-json\/wp\/v2\/pages\/401\/revisions"}],"predecessor-version":[{"id":692,"href":"https:\/\/6io.fr\/index.php\/wp-json\/wp\/v2\/pages\/401\/revisions\/692"}],"wp:attachment":[{"href":"https:\/\/6io.fr\/index.php\/wp-json\/wp\/v2\/media?parent=401"}],"curies":[{"name":"wp","href":"https:\/\/api.w.org\/{rel}","templated":true}]}}