{"id":373,"date":"2020-03-09T23:15:22","date_gmt":"2020-03-09T22:15:22","guid":{"rendered":"http:\/\/6io.fr\/beta\/?page_id=373"},"modified":"2025-10-21T16:09:40","modified_gmt":"2025-10-21T14:09:40","slug":"conditions-generales-de-location-des-gites","status":"publish","type":"page","link":"https:\/\/6io.fr\/index.php\/conditions-generales-de-location-des-gites\/","title":{"rendered":"CGL des g\u00eetes"},"content":{"rendered":"\n<p><strong>LOYER<\/strong><\/p>\n\n\n\n<p><strong>Charges (eau, \u00e9lectricit\u00e9, chauffage) compris dans le prix<\/strong>.<\/p>\n\n\n\n<p>Une\u00a0<strong>caution<\/strong>\u00a0\u00a0sera demand\u00e9e \u00e0 l\u2019entr\u00e9e des lieux et restitu\u00e9e lors de votre d\u00e9part apr\u00e8s un \u00e9tat des lieux. Selon la formule choisie, le m\u00e9nage doit \u00eatre fait par le locataire dans le cadre d\u2019une location simple.<\/p>\n\n\n\n<p><strong>R\u00c8GLEMENT INTERIEUR<\/strong><\/p>\n\n\n\n<p>Le locataire s\u2019engage \u00e0 respecter le r\u00e8glement int\u00e9rieur du g\u00eete, des acc\u00e8s ext\u00e9rieurs, et de l\u2019usage de la piscine, consultables sur place et sur le site www.6io.fr.<\/p>\n\n\n\n<p><strong>Cette location prendra effet<\/strong>\u00a0<strong>\u00e0 r\u00e9ception<\/strong>:<\/p>\n\n\n\n<p>&#8211; d\u2019un exemplaire du pr\u00e9sent contrat dat\u00e9 et sign\u00e9 avec la mention\u00a0<em>\u00ab\u00a0lu et approuv\u00e9\u00a0\u00bb<\/em>\u00a0(le second exemplaire est \u00e0 conserver par le locataire) ;<\/p>\n\n\n\n<p>&#8211; des arrhes encaiss\u00e9es d\u00e8s r\u00e9ception et non remboursables.<\/p>\n\n\n\n<p>Le solde est \u00e0 verser au plus tard 15 jours avant le jour d\u2019arriv\u00e9e.<\/p>\n\n\n\n<p><strong>Taxe de s\u00e9jour\u00a0:<\/strong>\u00a03% du montant total hors taxe (plafonn\u00e9 \u00e0 2,30\u20ac x nombre de nuits x nombre d\u2019adultes) ; elle doit \u00eatre r\u00e9gl\u00e9e au plus tard le jour de l\u2019arriv\u00e9e sur place.<\/p>\n\n\n\n<p><strong>TVA<\/strong>\u00a0:\u00a0non applicable (art 293B du CGI).<\/p>\n\n\n\n<p><strong>Conditions d\u2019annulation<\/strong>&nbsp;:<\/p>\n\n\n\n<p>Plus de 15 jours avant le d\u00e9but du s\u00e9jour\u00a0: le propri\u00e9taire restitue le solde vers\u00e9 (par virement).<\/p>\n\n\n\n<p>Moins de 15 jours avant le d\u00e9but du s\u00e9jour\u00a0: le locataire perd la totalit\u00e9 des sommes vers\u00e9es.<\/p>\n\n\n\n<p>En cas de non-paiement du solde du client moins de 15 jours avant le d\u00e9but du s\u00e9jour le contrat est r\u00e9sili\u00e9\u00a0; le propri\u00e9taire peut alors disposer de la location.<\/p>\n","protected":false},"excerpt":{"rendered":"<p>LOYER Charges (eau, \u00e9lectricit\u00e9, chauffage) compris dans le prix. Une\u00a0caution\u00a0\u00a0sera demand\u00e9e \u00e0 l\u2019entr\u00e9e des lieux et restitu\u00e9e lors de votre d\u00e9part apr\u00e8s un \u00e9tat des lieux. Selon la formule choisie, le m\u00e9nage doit \u00eatre fait par le locataire dans le cadre d\u2019une location simple. R\u00c8GLEMENT INTERIEUR Le locataire s\u2019engage \u00e0 respecter le r\u00e8glement int\u00e9rieur du &hellip; <\/p>\n<p class=\"link-more\"><a href=\"https:\/\/6io.fr\/index.php\/conditions-generales-de-location-des-gites\/\" class=\"more-link\">Continuer la lecture<span class=\"screen-reader-text\"> de &laquo;&nbsp;CGL des g\u00eetes&nbsp;&raquo;<\/span><\/a><\/p>\n","protected":false},"author":1,"featured_media":0,"parent":0,"menu_order":0,"comment_status":"closed","ping_status":"closed","template":"","meta":{"footnotes":""},"class_list":["post-373","page","type-page","status-publish","hentry"],"_links":{"self":[{"href":"https:\/\/6io.fr\/index.php\/wp-json\/wp\/v2\/pages\/373","targetHints":{"allow":["GET"]}}],"collection":[{"href":"https:\/\/6io.fr\/index.php\/wp-json\/wp\/v2\/pages"}],"about":[{"href":"https:\/\/6io.fr\/index.php\/wp-json\/wp\/v2\/types\/page"}],"author":[{"embeddable":true,"href":"https:\/\/6io.fr\/index.php\/wp-json\/wp\/v2\/users\/1"}],"replies":[{"embeddable":true,"href":"https:\/\/6io.fr\/index.php\/wp-json\/wp\/v2\/comments?post=373"}],"version-history":[{"count":5,"href":"https:\/\/6io.fr\/index.php\/wp-json\/wp\/v2\/pages\/373\/revisions"}],"predecessor-version":[{"id":1040,"href":"https:\/\/6io.fr\/index.php\/wp-json\/wp\/v2\/pages\/373\/revisions\/1040"}],"wp:attachment":[{"href":"https:\/\/6io.fr\/index.php\/wp-json\/wp\/v2\/media?parent=373"}],"curies":[{"name":"wp","href":"https:\/\/api.w.org\/{rel}","templated":true}]}}