{"id":274,"date":"2020-03-05T23:57:59","date_gmt":"2020-03-05T22:57:59","guid":{"rendered":"http:\/\/6io.fr\/beta\/?page_id=274"},"modified":"2025-10-23T21:52:23","modified_gmt":"2025-10-23T19:52:23","slug":"chambre-ste-marie","status":"publish","type":"page","link":"https:\/\/6io.fr\/index.php\/chambre-ste-marie\/","title":{"rendered":"Chambre Sainte-Marie"},"content":{"rendered":"\n<p><\/p>\n\n\n\n<figure class=\"wp-block-gallery has-nested-images columns-2 is-cropped wp-block-gallery-1 is-layout-flex wp-block-gallery-is-layout-flex\">\n<figure class=\"wp-block-image size-large\"><img fetchpriority=\"high\" decoding=\"async\" width=\"1024\" height=\"768\" data-id=\"298\" src=\"https:\/\/6io.fr\/wp-content\/uploads\/2020\/03\/B1B8855D-B00C-41FE-A454-421FAED9C61D-1024x768.jpeg\" alt=\"\" class=\"wp-image-298\" srcset=\"https:\/\/6io.fr\/wp-content\/uploads\/2020\/03\/B1B8855D-B00C-41FE-A454-421FAED9C61D-1024x768.jpeg 1024w, https:\/\/6io.fr\/wp-content\/uploads\/2020\/03\/B1B8855D-B00C-41FE-A454-421FAED9C61D-300x225.jpeg 300w, https:\/\/6io.fr\/wp-content\/uploads\/2020\/03\/B1B8855D-B00C-41FE-A454-421FAED9C61D-768x576.jpeg 768w, https:\/\/6io.fr\/wp-content\/uploads\/2020\/03\/B1B8855D-B00C-41FE-A454-421FAED9C61D-1536x1152.jpeg 1536w\" sizes=\"(max-width: 767px) 89vw, (max-width: 1000px) 54vw, (max-width: 1071px) 543px, 580px\" \/><figcaption class=\"wp-element-caption\">Cuisine du g\u00eete B\u00e9thanie SITIO Paray-le-Monial<\/figcaption><\/figure>\n\n\n\n<figure class=\"wp-block-image size-large\"><img decoding=\"async\" width=\"1024\" height=\"683\" data-id=\"297\" src=\"https:\/\/6io.fr\/wp-content\/uploads\/2020\/03\/5A6D75D1-52A5-461B-A31A-BC4598EA5900-1024x683.jpeg\" alt=\"\" class=\"wp-image-297\" srcset=\"https:\/\/6io.fr\/wp-content\/uploads\/2020\/03\/5A6D75D1-52A5-461B-A31A-BC4598EA5900-1024x683.jpeg 1024w, https:\/\/6io.fr\/wp-content\/uploads\/2020\/03\/5A6D75D1-52A5-461B-A31A-BC4598EA5900-300x200.jpeg 300w, https:\/\/6io.fr\/wp-content\/uploads\/2020\/03\/5A6D75D1-52A5-461B-A31A-BC4598EA5900-768x512.jpeg 768w, https:\/\/6io.fr\/wp-content\/uploads\/2020\/03\/5A6D75D1-52A5-461B-A31A-BC4598EA5900-1536x1024.jpeg 1536w, https:\/\/6io.fr\/wp-content\/uploads\/2020\/03\/5A6D75D1-52A5-461B-A31A-BC4598EA5900-2048x1366.jpeg 2048w\" sizes=\"(max-width: 767px) 89vw, (max-width: 1000px) 54vw, (max-width: 1071px) 543px, 580px\" \/><figcaption class=\"wp-element-caption\">Tabl\u00e9e de la salle \u00e0 manger du g\u00eete B\u00e9thanie SITIO Paray-le-Monial<\/figcaption><\/figure>\n\n\n\n<figure class=\"wp-block-image size-large\"><img decoding=\"async\" width=\"1024\" height=\"768\" data-id=\"116\" src=\"https:\/\/6io.fr\/wp-content\/uploads\/2020\/03\/IMG_6499-1024x768.jpeg\" alt=\"grande salle de bain Bethanie\" class=\"wp-image-116\" srcset=\"https:\/\/6io.fr\/wp-content\/uploads\/2020\/03\/IMG_6499-1024x768.jpeg 1024w, https:\/\/6io.fr\/wp-content\/uploads\/2020\/03\/IMG_6499-300x225.jpeg 300w, https:\/\/6io.fr\/wp-content\/uploads\/2020\/03\/IMG_6499-768x576.jpeg 768w, https:\/\/6io.fr\/wp-content\/uploads\/2020\/03\/IMG_6499-1536x1152.jpeg 1536w, https:\/\/6io.fr\/wp-content\/uploads\/2020\/03\/IMG_6499-2048x1536.jpeg 2048w\" sizes=\"(max-width: 767px) 89vw, (max-width: 1000px) 54vw, (max-width: 1071px) 543px, 580px\" \/><figcaption class=\"wp-element-caption\">Double vasque, WC, Baignoire 170cm<\/figcaption><\/figure>\n\n\n\n<figure class=\"wp-block-image size-large\"><img loading=\"lazy\" decoding=\"async\" width=\"683\" height=\"1024\" data-id=\"119\" src=\"https:\/\/6io.fr\/wp-content\/uploads\/2020\/03\/IMGP2255-683x1024.jpeg\" alt=\"Chambre Ste Marie\" class=\"wp-image-119\" srcset=\"https:\/\/6io.fr\/wp-content\/uploads\/2020\/03\/IMGP2255-683x1024.jpeg 683w, https:\/\/6io.fr\/wp-content\/uploads\/2020\/03\/IMGP2255-200x300.jpeg 200w, https:\/\/6io.fr\/wp-content\/uploads\/2020\/03\/IMGP2255-768x1152.jpeg 768w, https:\/\/6io.fr\/wp-content\/uploads\/2020\/03\/IMGP2255-1024x1536.jpeg 1024w, https:\/\/6io.fr\/wp-content\/uploads\/2020\/03\/IMGP2255-1365x2048.jpeg 1365w, https:\/\/6io.fr\/wp-content\/uploads\/2020\/03\/IMGP2255-scaled.jpeg 1707w\" sizes=\"(max-width: 683px) 100vw, 683px\" \/><figcaption class=\"wp-element-caption\">2 lits jumeaux (pouvant se rejoindre pour faire un lit double) + 1 lit simple BZ<\/figcaption><\/figure>\n\n\n\n<figure class=\"wp-block-image size-large\"><img loading=\"lazy\" decoding=\"async\" width=\"683\" height=\"1024\" data-id=\"125\" src=\"https:\/\/6io.fr\/wp-content\/uploads\/2020\/03\/IMGP2269-683x1024.jpeg\" alt=\"RDC Salle d'eau WC\" class=\"wp-image-125\" srcset=\"https:\/\/6io.fr\/wp-content\/uploads\/2020\/03\/IMGP2269-683x1024.jpeg 683w, https:\/\/6io.fr\/wp-content\/uploads\/2020\/03\/IMGP2269-200x300.jpeg 200w, https:\/\/6io.fr\/wp-content\/uploads\/2020\/03\/IMGP2269-768x1152.jpeg 768w, https:\/\/6io.fr\/wp-content\/uploads\/2020\/03\/IMGP2269-1024x1536.jpeg 1024w, https:\/\/6io.fr\/wp-content\/uploads\/2020\/03\/IMGP2269-1365x2048.jpeg 1365w, https:\/\/6io.fr\/wp-content\/uploads\/2020\/03\/IMGP2269-scaled.jpeg 1707w\" sizes=\"(max-width: 683px) 100vw, 683px\" \/><figcaption class=\"wp-element-caption\">Cabine de douche \u00e0 l&rsquo;italienne + 1WC + 1 lavabo<\/figcaption><\/figure>\n\n\n\n<figure class=\"wp-block-image size-large\"><img loading=\"lazy\" decoding=\"async\" width=\"1024\" height=\"768\" data-id=\"130\" src=\"https:\/\/6io.fr\/wp-content\/uploads\/2020\/03\/IMG_6498-1024x768.jpeg\" alt=\"Chambre Ste Marie\" class=\"wp-image-130\" srcset=\"https:\/\/6io.fr\/wp-content\/uploads\/2020\/03\/IMG_6498-1024x768.jpeg 1024w, https:\/\/6io.fr\/wp-content\/uploads\/2020\/03\/IMG_6498-300x225.jpeg 300w, https:\/\/6io.fr\/wp-content\/uploads\/2020\/03\/IMG_6498-768x576.jpeg 768w, https:\/\/6io.fr\/wp-content\/uploads\/2020\/03\/IMG_6498-1536x1152.jpeg 1536w, https:\/\/6io.fr\/wp-content\/uploads\/2020\/03\/IMG_6498-2048x1536.jpeg 2048w\" sizes=\"(max-width: 767px) 89vw, (max-width: 1000px) 54vw, (max-width: 1071px) 543px, 580px\" \/><figcaption class=\"wp-element-caption\">Vue sur le lit BZ repli\u00e9<\/figcaption><\/figure>\n\n\n\n<figure class=\"wp-block-image size-large\"><img loading=\"lazy\" decoding=\"async\" width=\"1024\" height=\"768\" data-id=\"132\" src=\"https:\/\/6io.fr\/wp-content\/uploads\/2020\/03\/IMG_6506-1024x768.jpeg\" alt=\"RDC Bethanie\" class=\"wp-image-132\" srcset=\"https:\/\/6io.fr\/wp-content\/uploads\/2020\/03\/IMG_6506-1024x768.jpeg 1024w, https:\/\/6io.fr\/wp-content\/uploads\/2020\/03\/IMG_6506-300x225.jpeg 300w, https:\/\/6io.fr\/wp-content\/uploads\/2020\/03\/IMG_6506-768x576.jpeg 768w, https:\/\/6io.fr\/wp-content\/uploads\/2020\/03\/IMG_6506-1536x1152.jpeg 1536w, https:\/\/6io.fr\/wp-content\/uploads\/2020\/03\/IMG_6506-2048x1536.jpeg 2048w\" sizes=\"(max-width: 767px) 89vw, (max-width: 1000px) 54vw, (max-width: 1071px) 543px, 580px\" \/><figcaption class=\"wp-element-caption\">Vue sur le coin cuisine<\/figcaption><\/figure>\n\n\n\n<figure class=\"wp-block-image size-large\"><img loading=\"lazy\" decoding=\"async\" width=\"1024\" height=\"768\" data-id=\"128\" src=\"https:\/\/6io.fr\/wp-content\/uploads\/2020\/03\/IMG_6490-1024x768.jpeg\" alt=\"\" class=\"wp-image-128\" srcset=\"https:\/\/6io.fr\/wp-content\/uploads\/2020\/03\/IMG_6490-1024x768.jpeg 1024w, https:\/\/6io.fr\/wp-content\/uploads\/2020\/03\/IMG_6490-300x225.jpeg 300w, https:\/\/6io.fr\/wp-content\/uploads\/2020\/03\/IMG_6490-768x576.jpeg 768w, https:\/\/6io.fr\/wp-content\/uploads\/2020\/03\/IMG_6490-1536x1152.jpeg 1536w, https:\/\/6io.fr\/wp-content\/uploads\/2020\/03\/IMG_6490-2048x1536.jpeg 2048w\" sizes=\"(max-width: 767px) 89vw, (max-width: 1000px) 54vw, (max-width: 1071px) 543px, 580px\" \/><figcaption class=\"wp-element-caption\">Salon du g\u00eete B\u00e9thanie SITIO Paray-le-Monial<\/figcaption><\/figure>\n\n\n\n<figure class=\"wp-block-image size-large\"><img loading=\"lazy\" decoding=\"async\" width=\"1024\" height=\"683\" data-id=\"123\" src=\"https:\/\/6io.fr\/wp-content\/uploads\/2020\/03\/IMGP2262-1024x683.jpeg\" alt=\"\" class=\"wp-image-123\" srcset=\"https:\/\/6io.fr\/wp-content\/uploads\/2020\/03\/IMGP2262-1024x683.jpeg 1024w, https:\/\/6io.fr\/wp-content\/uploads\/2020\/03\/IMGP2262-300x200.jpeg 300w, https:\/\/6io.fr\/wp-content\/uploads\/2020\/03\/IMGP2262-768x512.jpeg 768w, https:\/\/6io.fr\/wp-content\/uploads\/2020\/03\/IMGP2262-1536x1024.jpeg 1536w, https:\/\/6io.fr\/wp-content\/uploads\/2020\/03\/IMGP2262-2048x1365.jpeg 2048w\" sizes=\"(max-width: 767px) 89vw, (max-width: 1000px) 54vw, (max-width: 1071px) 543px, 580px\" \/><figcaption class=\"wp-element-caption\">Salon du g\u00eete B\u00e9thanie SITIO Paray-le-Monial<\/figcaption><\/figure>\n\n\n\n<figure class=\"wp-block-image size-large\"><img loading=\"lazy\" decoding=\"async\" width=\"1024\" height=\"768\" data-id=\"147\" src=\"https:\/\/6io.fr\/wp-content\/uploads\/2020\/03\/IMG_6558-1024x768.jpeg\" alt=\"Chambre Ste Marie\" class=\"wp-image-147\" srcset=\"https:\/\/6io.fr\/wp-content\/uploads\/2020\/03\/IMG_6558-1024x768.jpeg 1024w, https:\/\/6io.fr\/wp-content\/uploads\/2020\/03\/IMG_6558-300x225.jpeg 300w, https:\/\/6io.fr\/wp-content\/uploads\/2020\/03\/IMG_6558-768x576.jpeg 768w, https:\/\/6io.fr\/wp-content\/uploads\/2020\/03\/IMG_6558-1536x1152.jpeg 1536w, https:\/\/6io.fr\/wp-content\/uploads\/2020\/03\/IMG_6558-2048x1536.jpeg 2048w\" sizes=\"(max-width: 767px) 89vw, (max-width: 1000px) 54vw, (max-width: 1071px) 543px, 580px\" \/><figcaption class=\"wp-element-caption\">Lit BZ avec draps de la chambre Ste-Marie g\u00eete B\u00e9thanie Paray-le-Monial<\/figcaption><\/figure>\n\n\n\n<figure class=\"wp-block-image size-large\"><img loading=\"lazy\" decoding=\"async\" width=\"768\" height=\"1024\" data-id=\"148\" src=\"https:\/\/6io.fr\/wp-content\/uploads\/2020\/03\/IMG_6559-768x1024.jpeg\" alt=\"\" class=\"wp-image-148\" srcset=\"https:\/\/6io.fr\/wp-content\/uploads\/2020\/03\/IMG_6559-768x1024.jpeg 768w, https:\/\/6io.fr\/wp-content\/uploads\/2020\/03\/IMG_6559-225x300.jpeg 225w, https:\/\/6io.fr\/wp-content\/uploads\/2020\/03\/IMG_6559-1152x1536.jpeg 1152w, https:\/\/6io.fr\/wp-content\/uploads\/2020\/03\/IMG_6559-1536x2048.jpeg 1536w, https:\/\/6io.fr\/wp-content\/uploads\/2020\/03\/IMG_6559-scaled.jpeg 1920w\" sizes=\"(max-width: 767px) 89vw, (max-width: 1000px) 54vw, (max-width: 1071px) 543px, 580px\" \/><figcaption class=\"wp-element-caption\">Vue sur la chambre Ste-Marie, g\u00eete B\u00e9thanie SITIO Paray-le-Monial<\/figcaption><\/figure>\n<\/figure>\n","protected":false},"excerpt":{"rendered":"","protected":false},"author":1,"featured_media":0,"parent":0,"menu_order":0,"comment_status":"closed","ping_status":"closed","template":"","meta":{"footnotes":""},"class_list":["post-274","page","type-page","status-publish","hentry"],"_links":{"self":[{"href":"https:\/\/6io.fr\/index.php\/wp-json\/wp\/v2\/pages\/274","targetHints":{"allow":["GET"]}}],"collection":[{"href":"https:\/\/6io.fr\/index.php\/wp-json\/wp\/v2\/pages"}],"about":[{"href":"https:\/\/6io.fr\/index.php\/wp-json\/wp\/v2\/types\/page"}],"author":[{"embeddable":true,"href":"https:\/\/6io.fr\/index.php\/wp-json\/wp\/v2\/users\/1"}],"replies":[{"embeddable":true,"href":"https:\/\/6io.fr\/index.php\/wp-json\/wp\/v2\/comments?post=274"}],"version-history":[{"count":10,"href":"https:\/\/6io.fr\/index.php\/wp-json\/wp\/v2\/pages\/274\/revisions"}],"predecessor-version":[{"id":1071,"href":"https:\/\/6io.fr\/index.php\/wp-json\/wp\/v2\/pages\/274\/revisions\/1071"}],"wp:attachment":[{"href":"https:\/\/6io.fr\/index.php\/wp-json\/wp\/v2\/media?parent=274"}],"curies":[{"name":"wp","href":"https:\/\/api.w.org\/{rel}","templated":true}]}}