{"id":266,"date":"2020-03-05T23:56:29","date_gmt":"2020-03-05T22:56:29","guid":{"rendered":"http:\/\/6io.fr\/beta\/?page_id=266"},"modified":"2025-10-23T23:00:26","modified_gmt":"2025-10-23T21:00:26","slug":"gite-bethanie-96m2-t4","status":"publish","type":"page","link":"https:\/\/6io.fr\/index.php\/gite-bethanie-96m2-t4\/","title":{"rendered":"G\u00eete B\u00e9thanie 96m2 T4"},"content":{"rendered":"\n<figure class=\"wp-block-image size-large\"><img fetchpriority=\"high\" decoding=\"async\" width=\"1024\" height=\"683\" src=\"https:\/\/6io.fr\/beta\/wp-content\/uploads\/2020\/03\/IMGP2263-1024x683.jpeg\" alt=\"\" class=\"wp-image-203\" srcset=\"https:\/\/6io.fr\/wp-content\/uploads\/2020\/03\/IMGP2263-1024x683.jpeg 1024w, https:\/\/6io.fr\/wp-content\/uploads\/2020\/03\/IMGP2263-300x200.jpeg 300w, https:\/\/6io.fr\/wp-content\/uploads\/2020\/03\/IMGP2263-768x512.jpeg 768w, https:\/\/6io.fr\/wp-content\/uploads\/2020\/03\/IMGP2263-1536x1024.jpeg 1536w, https:\/\/6io.fr\/wp-content\/uploads\/2020\/03\/IMGP2263-2048x1365.jpeg 2048w\" sizes=\"(max-width: 767px) 89vw, (max-width: 1000px) 54vw, (max-width: 1071px) 543px, 580px\" \/><\/figure>\n\n\n\n<p class=\"has-drop-cap has-background\" style=\"background-color:#dc7931\">Ce g\u00eete occupe 2 niveaux. Au rez-de-chauss\u00e9e, vous aurez acc\u00e8s \u00e0 une grande salle commune de plus de 30m2. Elle distribue la cuisine hyper-\u00e9quip\u00e9e, la salle \u00e0 manger et le salon. Le canap\u00e9 est convertible en un lit double de 140&#215;200. Une salle d&rsquo;eau comportant douche \u00e0 l&rsquo;italienne, lavabo et WC permet d&rsquo;augmenter le nombre de couchages dans la maison. Un paravent permet d&rsquo;isoler ceux qui en profiteront.<br>A l&rsquo;\u00e9tage, vous trouverez 3 chambres de 2 lits jumeaux convertibles en lit double, toutes dot\u00e9es d&rsquo;un 3\u00e8me couchage ou lit d&rsquo;appoint. Vous disposerez aussi de 2 salles de bain dont une avec un WC. Un autre WC ind\u00e9pendant \u00e0 l&rsquo;\u00e9tage apporte un confort suppl\u00e9mentaire aux familles et groupes de voyageurs qui loueront ce g\u00eete.<br>A l&rsquo;ext\u00e9rieur, vous disposerez d&rsquo;un petit jardin commun \u00e0 la r\u00e9sidence, ainsi que d&rsquo;une grande table d&rsquo;ext\u00e9rieur.<br>L&rsquo;acc\u00e8s \u00e0 la piscine aux heures et jours d&rsquo;ouverture  est comprise dans le forfait .<\/p>\n\n\n\n<p><mark style=\"background-color:rgba(0, 0, 0, 0)\" class=\"has-inline-color has-vivid-red-color\"><strong>Les draps et serviettes sont compris dans le tarif de la location. <\/strong><\/mark><\/p>\n\n\n\n<p><strong>Remise selon la dur\u00e9e (durant la basse saison uniquement) :<\/strong><br>Pour 2 et 3 nuits cons\u00e9cutives, une remise de <strong>10%<\/strong> est accord\u00e9e ;<br>Pour 4 et 5 nuits cons\u00e9cutives, une remise de <strong>20%<\/strong> est accord\u00e9e ;<br>Pour 6 nuits cons\u00e9cutives, une remise de <strong>25%<\/strong> est accord\u00e9e ;<br>Pour les s\u00e9jours d&rsquo;une semaine et plus, une remise de<strong> 30%<\/strong> est accord\u00e9e.<br><sub>Ces remises ne sont pas cumulables entre elles.<\/sub><\/p>\n\n\n\n<figure class=\"wp-block-table\"><table><tbody><tr><td><em>Tarif<\/em>s<\/td><td class=\"has-text-align-center\" data-align=\"center\"><strong>Une nuit\u00e9e<\/strong><\/td><td class=\"has-text-align-center\" data-align=\"center\"><strong>Une semaine<\/strong><\/td><\/tr><tr><td><em>Basse saison <\/em><\/td><td class=\"has-text-align-center\" data-align=\"center\">    157,50\u20ac<\/td><td class=\"has-text-align-center\" data-align=\"center\">    771,75\u20ac<\/td><\/tr><tr><td><em>Moyenne saison<\/em><\/td><td class=\"has-text-align-center\" data-align=\"center\">    187,50\u20ac<\/td><td class=\"has-text-align-center\" data-align=\"center\">    918,75\u20ac<\/td><\/tr><tr><td><em>Haute saison<\/em><\/td><td class=\"has-text-align-center\" data-align=\"center\">    210,00\u20ac<\/td><td class=\"has-text-align-center\" data-align=\"center\">  1 029,00\u20ac<\/td><\/tr><tr><td>Tr\u00e8s haute saison<\/td><td class=\"has-text-align-center\" data-align=\"center\">    250,00\u20ac<\/td><td class=\"has-text-align-center\" data-align=\"center\">  1 225,00\u20ac<\/td><\/tr><tr><td>Forfait M\u00e9nage <\/td><td class=\"has-text-align-center\" data-align=\"center\">25,00\u20ac<\/td><td class=\"has-text-align-center\" data-align=\"center\">50,00\u20ac,<\/td><\/tr><tr><td>Kit Petit d\u00e9jeuner\/<sub>pers. (uniquement sur r\u00e9servation \u00e0 certaines p\u00e9riodes)<\/sub><\/td><td class=\"has-text-align-center\" data-align=\"center\">7,50\u20ac<\/td><td class=\"has-text-align-center\" data-align=\"center\">52,50\u20ac<\/td><\/tr><tr><td>Kit repas\/<sub>pers. (uniquement sur r\u00e9servation \u00e0 certaines p\u00e9riodes)<\/sub><\/td><td class=\"has-text-align-center\" data-align=\"center\">15,00\u20ac<\/td><td class=\"has-text-align-center\" data-align=\"center\">105,00\u20ac<\/td><\/tr><\/tbody><\/table><figcaption class=\"wp-element-caption\"><mark style=\"background-color:rgba(0, 0, 0, 0)\" class=\"has-inline-color has-vivid-red-color\">5\u20ac de frais de gestion et la taxe de s\u00e9jour (1,50\u20ac par adulte et par nuit) sont \u00e0 compter en plus.<\/mark><br>BS =&gt; Basse saison : tous les jours (sauf f\u00eates et vacances toutes zone, et hors THS) ;<br>MS =&gt; Moyenne saison : f\u00eates et toutes vacances toutes zones (hors vacances d&rsquo;\u00e9t\u00e9 et THS)<br>HS =&gt; Haute saison : juillet et ao\u00fbt (hors THS)<br>THS=&gt; Tr\u00e8s hautes saisons. Comprend les sessions et \u00e9v\u00e8nements organis\u00e9s sur Paray-le-Monial.<\/figcaption><\/figure>\n\n\n\n\n\n\n\n<p><\/p>\n\n\n\n<p><\/p>\n\n\n\n<div class=\"wp-block-booking-booking\"><\/div>\n\n\n\n<figure class=\"wp-block-gallery has-nested-images columns-default is-cropped wp-block-gallery-1 is-layout-flex wp-block-gallery-is-layout-flex\">\n<figure class=\"wp-block-image size-large\"><img decoding=\"async\" width=\"683\" height=\"1024\" data-id=\"299\" src=\"https:\/\/6io.fr\/wp-content\/uploads\/2020\/03\/A019E41A-F176-4F03-9A85-3F3337F45CF0-683x1024.jpeg\" alt=\"\" class=\"wp-image-299\" srcset=\"https:\/\/6io.fr\/wp-content\/uploads\/2020\/03\/A019E41A-F176-4F03-9A85-3F3337F45CF0-683x1024.jpeg 683w, https:\/\/6io.fr\/wp-content\/uploads\/2020\/03\/A019E41A-F176-4F03-9A85-3F3337F45CF0-200x300.jpeg 200w, https:\/\/6io.fr\/wp-content\/uploads\/2020\/03\/A019E41A-F176-4F03-9A85-3F3337F45CF0-768x1152.jpeg 768w, https:\/\/6io.fr\/wp-content\/uploads\/2020\/03\/A019E41A-F176-4F03-9A85-3F3337F45CF0-1024x1536.jpeg 1024w, https:\/\/6io.fr\/wp-content\/uploads\/2020\/03\/A019E41A-F176-4F03-9A85-3F3337F45CF0-1366x2048.jpeg 1366w, https:\/\/6io.fr\/wp-content\/uploads\/2020\/03\/A019E41A-F176-4F03-9A85-3F3337F45CF0.jpeg 1537w\" sizes=\"(max-width: 683px) 100vw, 683px\" \/><figcaption class=\"wp-element-caption\">Vue sur le jardin en hiver g\u00eete B\u00e9thanie SITIO Paray-le-Monial<\/figcaption><\/figure>\n\n\n\n<figure class=\"wp-block-image size-large\"><img decoding=\"async\" width=\"1024\" height=\"768\" data-id=\"298\" src=\"https:\/\/6io.fr\/wp-content\/uploads\/2020\/03\/B1B8855D-B00C-41FE-A454-421FAED9C61D-1024x768.jpeg\" alt=\"\" class=\"wp-image-298\" srcset=\"https:\/\/6io.fr\/wp-content\/uploads\/2020\/03\/B1B8855D-B00C-41FE-A454-421FAED9C61D-1024x768.jpeg 1024w, https:\/\/6io.fr\/wp-content\/uploads\/2020\/03\/B1B8855D-B00C-41FE-A454-421FAED9C61D-300x225.jpeg 300w, https:\/\/6io.fr\/wp-content\/uploads\/2020\/03\/B1B8855D-B00C-41FE-A454-421FAED9C61D-768x576.jpeg 768w, https:\/\/6io.fr\/wp-content\/uploads\/2020\/03\/B1B8855D-B00C-41FE-A454-421FAED9C61D-1536x1152.jpeg 1536w\" sizes=\"(max-width: 767px) 89vw, (max-width: 1000px) 54vw, (max-width: 1071px) 543px, 580px\" \/><figcaption class=\"wp-element-caption\">Cuisine du g\u00eete B\u00e9thanie SITIO Paray-le-Monial<\/figcaption><\/figure>\n\n\n\n<figure class=\"wp-block-image size-large\"><img loading=\"lazy\" decoding=\"async\" width=\"1024\" height=\"683\" data-id=\"297\" src=\"https:\/\/6io.fr\/wp-content\/uploads\/2020\/03\/5A6D75D1-52A5-461B-A31A-BC4598EA5900-1024x683.jpeg\" alt=\"\" class=\"wp-image-297\" srcset=\"https:\/\/6io.fr\/wp-content\/uploads\/2020\/03\/5A6D75D1-52A5-461B-A31A-BC4598EA5900-1024x683.jpeg 1024w, https:\/\/6io.fr\/wp-content\/uploads\/2020\/03\/5A6D75D1-52A5-461B-A31A-BC4598EA5900-300x200.jpeg 300w, https:\/\/6io.fr\/wp-content\/uploads\/2020\/03\/5A6D75D1-52A5-461B-A31A-BC4598EA5900-768x512.jpeg 768w, https:\/\/6io.fr\/wp-content\/uploads\/2020\/03\/5A6D75D1-52A5-461B-A31A-BC4598EA5900-1536x1024.jpeg 1536w, https:\/\/6io.fr\/wp-content\/uploads\/2020\/03\/5A6D75D1-52A5-461B-A31A-BC4598EA5900-2048x1366.jpeg 2048w\" sizes=\"(max-width: 767px) 89vw, (max-width: 1000px) 54vw, (max-width: 1071px) 543px, 580px\" \/><figcaption class=\"wp-element-caption\">Tabl\u00e9e de la salle \u00e0 manger du g\u00eete B\u00e9thanie SITIO Paray-le-Monial<\/figcaption><\/figure>\n\n\n\n<figure class=\"wp-block-image size-large\"><img loading=\"lazy\" decoding=\"async\" width=\"1024\" height=\"683\" data-id=\"295\" src=\"https:\/\/6io.fr\/wp-content\/uploads\/2020\/03\/C8681CF9-A85A-4381-A33E-8487C40CF573-1024x683.jpeg\" alt=\"\" class=\"wp-image-295\" srcset=\"https:\/\/6io.fr\/wp-content\/uploads\/2020\/03\/C8681CF9-A85A-4381-A33E-8487C40CF573-1024x683.jpeg 1024w, https:\/\/6io.fr\/wp-content\/uploads\/2020\/03\/C8681CF9-A85A-4381-A33E-8487C40CF573-300x200.jpeg 300w, https:\/\/6io.fr\/wp-content\/uploads\/2020\/03\/C8681CF9-A85A-4381-A33E-8487C40CF573-768x512.jpeg 768w, https:\/\/6io.fr\/wp-content\/uploads\/2020\/03\/C8681CF9-A85A-4381-A33E-8487C40CF573-1536x1024.jpeg 1536w, https:\/\/6io.fr\/wp-content\/uploads\/2020\/03\/C8681CF9-A85A-4381-A33E-8487C40CF573-2048x1366.jpeg 2048w\" sizes=\"(max-width: 767px) 89vw, (max-width: 1000px) 54vw, (max-width: 1071px) 543px, 580px\" \/><figcaption class=\"wp-element-caption\">Tabl\u00e9e g\u00eete B\u00e9thanie SITIO Paray-le-Monial<\/figcaption><\/figure>\n\n\n\n<figure class=\"wp-block-image size-large\"><img loading=\"lazy\" decoding=\"async\" width=\"1024\" height=\"683\" data-id=\"207\" src=\"https:\/\/6io.fr\/wp-content\/uploads\/2020\/03\/IMGP2146-1024x683.jpeg\" alt=\"Salle \u00e0 manger Bethanie\" class=\"wp-image-207\" srcset=\"https:\/\/6io.fr\/wp-content\/uploads\/2020\/03\/IMGP2146-1024x683.jpeg 1024w, https:\/\/6io.fr\/wp-content\/uploads\/2020\/03\/IMGP2146-300x200.jpeg 300w, https:\/\/6io.fr\/wp-content\/uploads\/2020\/03\/IMGP2146-768x512.jpeg 768w, https:\/\/6io.fr\/wp-content\/uploads\/2020\/03\/IMGP2146-1536x1024.jpeg 1536w, https:\/\/6io.fr\/wp-content\/uploads\/2020\/03\/IMGP2146-2048x1365.jpeg 2048w\" sizes=\"(max-width: 767px) 89vw, (max-width: 1000px) 54vw, (max-width: 1071px) 543px, 580px\" \/><figcaption class=\"wp-element-caption\">Grande tabl\u00e9e possible<\/figcaption><\/figure>\n\n\n\n<figure class=\"wp-block-image size-large\"><img loading=\"lazy\" decoding=\"async\" width=\"1024\" height=\"768\" data-id=\"201\" src=\"https:\/\/6io.fr\/wp-content\/uploads\/2020\/03\/IMG_6492-1024x768.jpeg\" alt=\"\" class=\"wp-image-201\" srcset=\"https:\/\/6io.fr\/wp-content\/uploads\/2020\/03\/IMG_6492-1024x768.jpeg 1024w, https:\/\/6io.fr\/wp-content\/uploads\/2020\/03\/IMG_6492-300x225.jpeg 300w, https:\/\/6io.fr\/wp-content\/uploads\/2020\/03\/IMG_6492-768x576.jpeg 768w, https:\/\/6io.fr\/wp-content\/uploads\/2020\/03\/IMG_6492-1536x1152.jpeg 1536w, https:\/\/6io.fr\/wp-content\/uploads\/2020\/03\/IMG_6492-2048x1536.jpeg 2048w\" sizes=\"(max-width: 767px) 89vw, (max-width: 1000px) 54vw, (max-width: 1071px) 543px, 580px\" \/><figcaption class=\"wp-element-caption\">Salle \u00e0 manger g\u00eete B\u00e9thanie SITIO Paray-le-Monial<\/figcaption><\/figure>\n\n\n\n<figure class=\"wp-block-image size-large\"><img loading=\"lazy\" decoding=\"async\" width=\"1024\" height=\"768\" data-id=\"131\" src=\"https:\/\/6io.fr\/wp-content\/uploads\/2020\/03\/IMG_6510-1024x768.jpeg\" alt=\"RDC B\u00e9thanie\" class=\"wp-image-131\" srcset=\"https:\/\/6io.fr\/wp-content\/uploads\/2020\/03\/IMG_6510-1024x768.jpeg 1024w, https:\/\/6io.fr\/wp-content\/uploads\/2020\/03\/IMG_6510-300x225.jpeg 300w, https:\/\/6io.fr\/wp-content\/uploads\/2020\/03\/IMG_6510-768x576.jpeg 768w, https:\/\/6io.fr\/wp-content\/uploads\/2020\/03\/IMG_6510-1536x1152.jpeg 1536w, https:\/\/6io.fr\/wp-content\/uploads\/2020\/03\/IMG_6510-2048x1536.jpeg 2048w\" sizes=\"(max-width: 767px) 89vw, (max-width: 1000px) 54vw, (max-width: 1071px) 543px, 580px\" \/><figcaption class=\"wp-element-caption\">Vue sur le coin TV<\/figcaption><\/figure>\n\n\n\n<figure class=\"wp-block-image size-large\"><img loading=\"lazy\" decoding=\"async\" width=\"683\" height=\"1024\" data-id=\"125\" src=\"https:\/\/6io.fr\/wp-content\/uploads\/2020\/03\/IMGP2269-683x1024.jpeg\" alt=\"RDC Salle d'eau WC\" class=\"wp-image-125\" srcset=\"https:\/\/6io.fr\/wp-content\/uploads\/2020\/03\/IMGP2269-683x1024.jpeg 683w, https:\/\/6io.fr\/wp-content\/uploads\/2020\/03\/IMGP2269-200x300.jpeg 200w, https:\/\/6io.fr\/wp-content\/uploads\/2020\/03\/IMGP2269-768x1152.jpeg 768w, https:\/\/6io.fr\/wp-content\/uploads\/2020\/03\/IMGP2269-1024x1536.jpeg 1024w, https:\/\/6io.fr\/wp-content\/uploads\/2020\/03\/IMGP2269-1365x2048.jpeg 1365w, https:\/\/6io.fr\/wp-content\/uploads\/2020\/03\/IMGP2269-scaled.jpeg 1707w\" sizes=\"(max-width: 683px) 100vw, 683px\" \/><figcaption class=\"wp-element-caption\">Cabine de douche \u00e0 l&rsquo;italienne + 1WC + 1 lavabo<\/figcaption><\/figure>\n\n\n\n<figure class=\"wp-block-image size-large\"><img loading=\"lazy\" decoding=\"async\" width=\"683\" height=\"1024\" data-id=\"124\" src=\"https:\/\/6io.fr\/wp-content\/uploads\/2020\/03\/IMGP2265-683x1024.jpeg\" alt=\"\" class=\"wp-image-124\" srcset=\"https:\/\/6io.fr\/wp-content\/uploads\/2020\/03\/IMGP2265-683x1024.jpeg 683w, https:\/\/6io.fr\/wp-content\/uploads\/2020\/03\/IMGP2265-200x300.jpeg 200w, https:\/\/6io.fr\/wp-content\/uploads\/2020\/03\/IMGP2265-768x1152.jpeg 768w, https:\/\/6io.fr\/wp-content\/uploads\/2020\/03\/IMGP2265-1024x1536.jpeg 1024w, https:\/\/6io.fr\/wp-content\/uploads\/2020\/03\/IMGP2265-1365x2048.jpeg 1365w, https:\/\/6io.fr\/wp-content\/uploads\/2020\/03\/IMGP2265-scaled.jpeg 1707w\" sizes=\"(max-width: 683px) 100vw, 683px\" \/><\/figure>\n\n\n\n<figure class=\"wp-block-image size-large\"><img loading=\"lazy\" decoding=\"async\" width=\"1024\" height=\"768\" data-id=\"116\" src=\"https:\/\/6io.fr\/wp-content\/uploads\/2020\/03\/IMG_6499-1024x768.jpeg\" alt=\"grande salle de bain Bethanie\" class=\"wp-image-116\" srcset=\"https:\/\/6io.fr\/wp-content\/uploads\/2020\/03\/IMG_6499-1024x768.jpeg 1024w, https:\/\/6io.fr\/wp-content\/uploads\/2020\/03\/IMG_6499-300x225.jpeg 300w, https:\/\/6io.fr\/wp-content\/uploads\/2020\/03\/IMG_6499-768x576.jpeg 768w, https:\/\/6io.fr\/wp-content\/uploads\/2020\/03\/IMG_6499-1536x1152.jpeg 1536w, https:\/\/6io.fr\/wp-content\/uploads\/2020\/03\/IMG_6499-2048x1536.jpeg 2048w\" sizes=\"(max-width: 767px) 89vw, (max-width: 1000px) 54vw, (max-width: 1071px) 543px, 580px\" \/><figcaption class=\"wp-element-caption\">Meuble double vasque, WC, baignoire 170cm<\/figcaption><\/figure>\n\n\n\n<figure class=\"wp-block-image size-large\"><img loading=\"lazy\" decoding=\"async\" width=\"1024\" height=\"768\" data-id=\"149\" src=\"https:\/\/6io.fr\/wp-content\/uploads\/2020\/03\/IMG_6560-1024x768.jpeg\" alt=\"Chambre St Lazare\" class=\"wp-image-149\" srcset=\"https:\/\/6io.fr\/wp-content\/uploads\/2020\/03\/IMG_6560-1024x768.jpeg 1024w, https:\/\/6io.fr\/wp-content\/uploads\/2020\/03\/IMG_6560-300x225.jpeg 300w, https:\/\/6io.fr\/wp-content\/uploads\/2020\/03\/IMG_6560-768x576.jpeg 768w, https:\/\/6io.fr\/wp-content\/uploads\/2020\/03\/IMG_6560-1536x1152.jpeg 1536w, https:\/\/6io.fr\/wp-content\/uploads\/2020\/03\/IMG_6560-2048x1536.jpeg 2048w\" sizes=\"(max-width: 767px) 89vw, (max-width: 1000px) 54vw, (max-width: 1071px) 543px, 580px\" \/><figcaption class=\"wp-element-caption\">Avec les draps<\/figcaption><\/figure>\n\n\n\n<figure class=\"wp-block-image size-large\"><img loading=\"lazy\" decoding=\"async\" width=\"1024\" height=\"768\" data-id=\"146\" src=\"https:\/\/6io.fr\/wp-content\/uploads\/2020\/03\/IMG_6557-1024x768.jpeg\" alt=\"Chambre Ste Marie\" class=\"wp-image-146\" srcset=\"https:\/\/6io.fr\/wp-content\/uploads\/2020\/03\/IMG_6557-1024x768.jpeg 1024w, https:\/\/6io.fr\/wp-content\/uploads\/2020\/03\/IMG_6557-300x225.jpeg 300w, https:\/\/6io.fr\/wp-content\/uploads\/2020\/03\/IMG_6557-768x576.jpeg 768w, https:\/\/6io.fr\/wp-content\/uploads\/2020\/03\/IMG_6557-1536x1152.jpeg 1536w, https:\/\/6io.fr\/wp-content\/uploads\/2020\/03\/IMG_6557-2048x1536.jpeg 2048w\" sizes=\"(max-width: 767px) 89vw, (max-width: 1000px) 54vw, (max-width: 1071px) 543px, 580px\" \/><figcaption class=\"wp-element-caption\">Avec les draps<\/figcaption><\/figure>\n\n\n\n<figure class=\"wp-block-image size-large\"><img loading=\"lazy\" decoding=\"async\" width=\"1024\" height=\"768\" data-id=\"154\" src=\"https:\/\/6io.fr\/wp-content\/uploads\/2020\/03\/IMG_6565-1024x768.jpeg\" alt=\"\" class=\"wp-image-154\" srcset=\"https:\/\/6io.fr\/wp-content\/uploads\/2020\/03\/IMG_6565-1024x768.jpeg 1024w, https:\/\/6io.fr\/wp-content\/uploads\/2020\/03\/IMG_6565-300x225.jpeg 300w, https:\/\/6io.fr\/wp-content\/uploads\/2020\/03\/IMG_6565-768x576.jpeg 768w, https:\/\/6io.fr\/wp-content\/uploads\/2020\/03\/IMG_6565-1536x1152.jpeg 1536w, https:\/\/6io.fr\/wp-content\/uploads\/2020\/03\/IMG_6565-2048x1536.jpeg 2048w\" sizes=\"(max-width: 767px) 89vw, (max-width: 1000px) 54vw, (max-width: 1071px) 543px, 580px\" \/><figcaption class=\"wp-element-caption\">Chambre St-Lazare du g\u00eete B\u00e9thanie SITIO Paray-le-Monial<\/figcaption><\/figure>\n\n\n\n<figure class=\"wp-block-image size-large\"><img loading=\"lazy\" decoding=\"async\" width=\"1024\" height=\"768\" data-id=\"129\" src=\"https:\/\/6io.fr\/wp-content\/uploads\/2020\/03\/IMG_6489-1024x768.jpeg\" alt=\"\" class=\"wp-image-129\" srcset=\"https:\/\/6io.fr\/wp-content\/uploads\/2020\/03\/IMG_6489-1024x768.jpeg 1024w, https:\/\/6io.fr\/wp-content\/uploads\/2020\/03\/IMG_6489-300x225.jpeg 300w, https:\/\/6io.fr\/wp-content\/uploads\/2020\/03\/IMG_6489-768x576.jpeg 768w, https:\/\/6io.fr\/wp-content\/uploads\/2020\/03\/IMG_6489-1536x1152.jpeg 1536w, https:\/\/6io.fr\/wp-content\/uploads\/2020\/03\/IMG_6489-2048x1536.jpeg 2048w\" sizes=\"(max-width: 767px) 89vw, (max-width: 1000px) 54vw, (max-width: 1071px) 543px, 580px\" \/><\/figure>\n\n\n\n<figure class=\"wp-block-image size-large\"><img loading=\"lazy\" decoding=\"async\" width=\"1024\" height=\"768\" data-id=\"127\" src=\"https:\/\/6io.fr\/wp-content\/uploads\/2020\/03\/IMG_6482-1024x768.jpeg\" alt=\"\" class=\"wp-image-127\" srcset=\"https:\/\/6io.fr\/wp-content\/uploads\/2020\/03\/IMG_6482-1024x768.jpeg 1024w, https:\/\/6io.fr\/wp-content\/uploads\/2020\/03\/IMG_6482-300x225.jpeg 300w, https:\/\/6io.fr\/wp-content\/uploads\/2020\/03\/IMG_6482-768x576.jpeg 768w, https:\/\/6io.fr\/wp-content\/uploads\/2020\/03\/IMG_6482-1536x1152.jpeg 1536w, https:\/\/6io.fr\/wp-content\/uploads\/2020\/03\/IMG_6482-2048x1536.jpeg 2048w\" sizes=\"(max-width: 767px) 89vw, (max-width: 1000px) 54vw, (max-width: 1071px) 543px, 580px\" \/><figcaption class=\"wp-element-caption\">Trampoline SITIO Paray-le-Monial<\/figcaption><\/figure>\n\n\n\n<figure class=\"wp-block-image size-large\"><img loading=\"lazy\" decoding=\"async\" width=\"683\" height=\"1024\" data-id=\"122\" src=\"https:\/\/6io.fr\/wp-content\/uploads\/2020\/03\/IMGP2258-683x1024.jpeg\" alt=\"Chambre St Lazare\" class=\"wp-image-122\" srcset=\"https:\/\/6io.fr\/wp-content\/uploads\/2020\/03\/IMGP2258-683x1024.jpeg 683w, https:\/\/6io.fr\/wp-content\/uploads\/2020\/03\/IMGP2258-200x300.jpeg 200w, https:\/\/6io.fr\/wp-content\/uploads\/2020\/03\/IMGP2258-768x1152.jpeg 768w, https:\/\/6io.fr\/wp-content\/uploads\/2020\/03\/IMGP2258-1024x1536.jpeg 1024w, https:\/\/6io.fr\/wp-content\/uploads\/2020\/03\/IMGP2258-1365x2048.jpeg 1365w, https:\/\/6io.fr\/wp-content\/uploads\/2020\/03\/IMGP2258-scaled.jpeg 1707w\" sizes=\"(max-width: 683px) 100vw, 683px\" \/><figcaption class=\"wp-element-caption\">Vue sur le lit d&rsquo;appoint repli\u00e9.<\/figcaption><\/figure>\n\n\n\n<figure class=\"wp-block-image size-large\"><img loading=\"lazy\" decoding=\"async\" width=\"1024\" height=\"768\" data-id=\"117\" src=\"https:\/\/6io.fr\/wp-content\/uploads\/2020\/03\/IMG_6505-1024x768.jpeg\" alt=\"Petite salle de bain\" class=\"wp-image-117\" srcset=\"https:\/\/6io.fr\/wp-content\/uploads\/2020\/03\/IMG_6505-1024x768.jpeg 1024w, https:\/\/6io.fr\/wp-content\/uploads\/2020\/03\/IMG_6505-300x225.jpeg 300w, https:\/\/6io.fr\/wp-content\/uploads\/2020\/03\/IMG_6505-768x576.jpeg 768w, https:\/\/6io.fr\/wp-content\/uploads\/2020\/03\/IMG_6505-1536x1152.jpeg 1536w, https:\/\/6io.fr\/wp-content\/uploads\/2020\/03\/IMG_6505-2048x1536.jpeg 2048w\" sizes=\"(max-width: 767px) 89vw, (max-width: 1000px) 54vw, (max-width: 1071px) 543px, 580px\" \/><figcaption class=\"wp-element-caption\">Autre vue sur le lavabo<\/figcaption><\/figure>\n\n\n\n<figure class=\"wp-block-image size-large\"><img loading=\"lazy\" decoding=\"async\" width=\"1024\" height=\"768\" data-id=\"14\" src=\"https:\/\/6io.fr\/wp-content\/uploads\/2020\/01\/AC90092F-2937-4451-8F6E-0FE3B2A8473B-1024x768.jpeg\" alt=\"\" class=\"wp-image-14\" srcset=\"https:\/\/6io.fr\/wp-content\/uploads\/2020\/01\/AC90092F-2937-4451-8F6E-0FE3B2A8473B-1024x768.jpeg 1024w, https:\/\/6io.fr\/wp-content\/uploads\/2020\/01\/AC90092F-2937-4451-8F6E-0FE3B2A8473B-300x225.jpeg 300w, https:\/\/6io.fr\/wp-content\/uploads\/2020\/01\/AC90092F-2937-4451-8F6E-0FE3B2A8473B-768x576.jpeg 768w, https:\/\/6io.fr\/wp-content\/uploads\/2020\/01\/AC90092F-2937-4451-8F6E-0FE3B2A8473B-1536x1152.jpeg 1536w, https:\/\/6io.fr\/wp-content\/uploads\/2020\/01\/AC90092F-2937-4451-8F6E-0FE3B2A8473B-1568x1176.jpeg 1568w\" sizes=\"(max-width: 767px) 89vw, (max-width: 1000px) 54vw, (max-width: 1071px) 543px, 580px\" \/><\/figure>\n\n\n\n<figure class=\"wp-block-image size-large\"><img loading=\"lazy\" decoding=\"async\" width=\"1024\" height=\"768\" data-id=\"301\" src=\"https:\/\/6io.fr\/wp-content\/uploads\/2020\/03\/04CC12B1-BF70-4990-8B53-BAC1BCFAA855-1024x768.jpeg\" alt=\"\" class=\"wp-image-301\" srcset=\"https:\/\/6io.fr\/wp-content\/uploads\/2020\/03\/04CC12B1-BF70-4990-8B53-BAC1BCFAA855-1024x768.jpeg 1024w, https:\/\/6io.fr\/wp-content\/uploads\/2020\/03\/04CC12B1-BF70-4990-8B53-BAC1BCFAA855-300x225.jpeg 300w, https:\/\/6io.fr\/wp-content\/uploads\/2020\/03\/04CC12B1-BF70-4990-8B53-BAC1BCFAA855-768x576.jpeg 768w, https:\/\/6io.fr\/wp-content\/uploads\/2020\/03\/04CC12B1-BF70-4990-8B53-BAC1BCFAA855-1536x1152.jpeg 1536w\" sizes=\"(max-width: 767px) 89vw, (max-width: 1000px) 54vw, (max-width: 1071px) 543px, 580px\" \/><figcaption class=\"wp-element-caption\">Chambre Ste-Marthe g\u00eete B\u00e9thanie SITIO Paray-le-Monial<\/figcaption><\/figure>\n<\/figure>\n","protected":false},"excerpt":{"rendered":"<p>Ce g\u00eete occupe 2 niveaux. Au rez-de-chauss\u00e9e, vous aurez acc\u00e8s \u00e0 une grande salle commune de plus de 30m2. Elle distribue la cuisine hyper-\u00e9quip\u00e9e, la salle \u00e0 manger et le salon. Le canap\u00e9 est convertible en un lit double de 140&#215;200. Une salle d&rsquo;eau comportant douche \u00e0 l&rsquo;italienne, lavabo et WC permet d&rsquo;augmenter le nombre &hellip; <\/p>\n<p class=\"link-more\"><a href=\"https:\/\/6io.fr\/index.php\/gite-bethanie-96m2-t4\/\" class=\"more-link\">Continuer la lecture<span class=\"screen-reader-text\"> de &laquo;&nbsp;G\u00eete B\u00e9thanie 96m2 T4&nbsp;&raquo;<\/span><\/a><\/p>\n","protected":false},"author":1,"featured_media":0,"parent":0,"menu_order":0,"comment_status":"closed","ping_status":"closed","template":"","meta":{"footnotes":""},"class_list":["post-266","page","type-page","status-publish","hentry"],"_links":{"self":[{"href":"https:\/\/6io.fr\/index.php\/wp-json\/wp\/v2\/pages\/266","targetHints":{"allow":["GET"]}}],"collection":[{"href":"https:\/\/6io.fr\/index.php\/wp-json\/wp\/v2\/pages"}],"about":[{"href":"https:\/\/6io.fr\/index.php\/wp-json\/wp\/v2\/types\/page"}],"author":[{"embeddable":true,"href":"https:\/\/6io.fr\/index.php\/wp-json\/wp\/v2\/users\/1"}],"replies":[{"embeddable":true,"href":"https:\/\/6io.fr\/index.php\/wp-json\/wp\/v2\/comments?post=266"}],"version-history":[{"count":19,"href":"https:\/\/6io.fr\/index.php\/wp-json\/wp\/v2\/pages\/266\/revisions"}],"predecessor-version":[{"id":1089,"href":"https:\/\/6io.fr\/index.php\/wp-json\/wp\/v2\/pages\/266\/revisions\/1089"}],"wp:attachment":[{"href":"https:\/\/6io.fr\/index.php\/wp-json\/wp\/v2\/media?parent=266"}],"curies":[{"name":"wp","href":"https:\/\/api.w.org\/{rel}","templated":true}]}}