{"id":258,"date":"2020-03-05T23:55:10","date_gmt":"2020-03-05T22:55:10","guid":{"rendered":"http:\/\/6io.fr\/beta\/?page_id=258"},"modified":"2025-10-23T23:02:26","modified_gmt":"2025-10-23T21:02:26","slug":"gite-lorette-21-m2-t1","status":"publish","type":"page","link":"https:\/\/6io.fr\/index.php\/gite-lorette-21-m2-t1\/","title":{"rendered":"G\u00eete Lorette 21 m2 T1"},"content":{"rendered":"\n<div class=\"wp-block-group\"><div class=\"wp-block-group__inner-container is-layout-flow wp-block-group-is-layout-flow\">\n<figure class=\"wp-block-image size-large\"><img fetchpriority=\"high\" decoding=\"async\" width=\"1024\" height=\"768\" src=\"https:\/\/6io.fr\/beta\/wp-content\/uploads\/2020\/03\/IMG_6532-1024x768.jpeg\" alt=\"\" class=\"wp-image-136\" srcset=\"https:\/\/6io.fr\/wp-content\/uploads\/2020\/03\/IMG_6532-1024x768.jpeg 1024w, https:\/\/6io.fr\/wp-content\/uploads\/2020\/03\/IMG_6532-300x225.jpeg 300w, https:\/\/6io.fr\/wp-content\/uploads\/2020\/03\/IMG_6532-768x576.jpeg 768w, https:\/\/6io.fr\/wp-content\/uploads\/2020\/03\/IMG_6532-1536x1152.jpeg 1536w, https:\/\/6io.fr\/wp-content\/uploads\/2020\/03\/IMG_6532-2048x1536.jpeg 2048w\" sizes=\"(max-width: 767px) 89vw, (max-width: 1000px) 54vw, (max-width: 1071px) 543px, 580px\" \/><\/figure>\n\n\n\n<p class=\"has-drop-cap has-background\" style=\"background-color:#f9cb4b\">Petit studio, mais logement autonome complet et de plain-pied. Vous y trouverez une cuisine hyper \u00e9quip\u00e9e, une salle d&rsquo;eau vaste avec douche \u00e0 l&rsquo;italienne, WC et lavabo. Pour rendre la pi\u00e8ce principale plus grande, le lit double (160&#215;200) est escamotable dans la journ\u00e9e. Vous trouverez tout de m\u00eame un lit de 90&#215;200 qui fera soit office de m\u00e9ridienne soit d&rsquo;un lit suppl\u00e9mentaire.<br>La location du g\u00eete donne droit \u00e0 un acc\u00e8s \u00e0 la piscine de la r\u00e9sidence aux heures et jours d&rsquo;ouverture.<\/p>\n\n\n\n<figure class=\"wp-block-table\"><table><tbody><tr><td><em>Tarifs pour 1 personne <\/em><\/td><td class=\"has-text-align-center\" data-align=\"center\"><strong>Une nuit\u00e9e<\/strong><\/td><td class=\"has-text-align-center\" data-align=\"center\"><strong>Une semaine<\/strong><\/td><\/tr><tr><td>Basse saison<\/td><td class=\"has-text-align-center\" data-align=\"center\"><em>60,50\u20ac<\/em><\/td><td class=\"has-text-align-center\" data-align=\"center\"><em>280,10\u20ac<\/em><\/td><\/tr><tr><td><em>Moyenne Saison<\/em><br><\/td><td class=\"has-text-align-center\" data-align=\"center\">71,30\u20ac<\/td><td class=\"has-text-align-center\" data-align=\"center\">333,02\u20ac<\/td><\/tr><tr><td><em>Haute Saison<\/em><\/td><td class=\"has-text-align-center\" data-align=\"center\">78,50\u20ac<\/td><td class=\"has-text-align-center\" data-align=\"center\">519,50\u20ac<\/td><\/tr><tr><td>Tr\u00e8s haute Saison<\/td><td class=\"has-text-align-center\" data-align=\"center\">120,00\u20ac<\/td><td class=\"has-text-align-center\" data-align=\"center\">840,00\u20ac<\/td><\/tr><tr><td>Forfait m\u00e9nage <\/td><td class=\"has-text-align-center\" data-align=\"center\">15,00\u20ac<\/td><td class=\"has-text-align-center\" data-align=\"center\">30,00\u20ac<\/td><\/tr><tr><td>Un adulte suppl\u00e9mentaire<\/td><td class=\"has-text-align-center\" data-align=\"center\">16,50\u20ac<\/td><td class=\"has-text-align-center\" data-align=\"center\">115,50\u20ac<\/td><\/tr><tr><td>Un mineur suppl\u00e9mentaire<\/td><td class=\"has-text-align-center\" data-align=\"center\">15,00\u20ac<\/td><td class=\"has-text-align-center\" data-align=\"center\">105,00\u20ac<\/td><\/tr><tr><td>Kit Petit d\u00e9jeuner\/<sub>pers. (uniquement sur r\u00e9servation \u00e0 certaine p\u00e9riode)<\/sub><\/td><td class=\"has-text-align-center\" data-align=\"center\">7,50\u20ac<\/td><td class=\"has-text-align-center\" data-align=\"center\">52,50\u20ac<\/td><\/tr><tr><td>Kit repas\/<sub>pers. (uniquement sur r\u00e9servation \u00e0 certaine p\u00e9riode)<\/sub><\/td><td class=\"has-text-align-center\" data-align=\"center\">15,00\u20ac<\/td><td class=\"has-text-align-center\" data-align=\"center\">105,00\u20ac<\/td><\/tr><\/tbody><\/table><figcaption class=\"wp-element-caption\">5\u20ac de frais de gestion et la taxe de s\u00e9jour (1,50\u20ac par adulte et par nuit) sont \u00e0 compter en plus.<br>BS => Basse saison : tous les jours (sauf f\u00eates et vacances toutes zone, et hors THS) ;<br>MS => Moyenne saison : f\u00eates et toutes vacances toutes zones (hors vacances d&rsquo;\u00e9t\u00e9 et THS)<br>HS => Haute saison : juillet et ao\u00fbt (hors THS)<br>THS=> Tr\u00e8s hautes saisons. Comprend les sessions et \u00e9v\u00e8nements organis\u00e9s sur Paray-le-Monial.<\/figcaption><\/figure>\n\n\n\n\n<\/div><\/div>\n\n\n\n<div class=\"wp-block-booking-booking\"><\/div>\n\n\n\n<figure class=\"wp-block-gallery has-nested-images columns-default is-cropped wp-block-gallery-1 is-layout-flex wp-block-gallery-is-layout-flex\">\n<figure class=\"wp-block-image size-large\"><img decoding=\"async\" width=\"1024\" height=\"768\" data-id=\"172\" src=\"https:\/\/6io.fr\/wp-content\/uploads\/2020\/03\/IMG_6593-1024x768.jpeg\" alt=\"Vue sur le jardin et l'entr\u00e9e\" class=\"wp-image-172\" srcset=\"https:\/\/6io.fr\/wp-content\/uploads\/2020\/03\/IMG_6593-1024x768.jpeg 1024w, https:\/\/6io.fr\/wp-content\/uploads\/2020\/03\/IMG_6593-300x225.jpeg 300w, https:\/\/6io.fr\/wp-content\/uploads\/2020\/03\/IMG_6593-768x576.jpeg 768w, https:\/\/6io.fr\/wp-content\/uploads\/2020\/03\/IMG_6593-1536x1152.jpeg 1536w, https:\/\/6io.fr\/wp-content\/uploads\/2020\/03\/IMG_6593-2048x1536.jpeg 2048w\" sizes=\"(max-width: 767px) 89vw, (max-width: 1000px) 54vw, (max-width: 1071px) 543px, 580px\" \/><\/figure>\n\n\n\n<figure class=\"wp-block-image size-large\"><img decoding=\"async\" width=\"1024\" height=\"768\" data-id=\"171\" src=\"https:\/\/6io.fr\/wp-content\/uploads\/2020\/03\/IMG_6592-1024x768.jpeg\" alt=\"\" class=\"wp-image-171\" srcset=\"https:\/\/6io.fr\/wp-content\/uploads\/2020\/03\/IMG_6592-1024x768.jpeg 1024w, https:\/\/6io.fr\/wp-content\/uploads\/2020\/03\/IMG_6592-300x225.jpeg 300w, https:\/\/6io.fr\/wp-content\/uploads\/2020\/03\/IMG_6592-768x576.jpeg 768w, https:\/\/6io.fr\/wp-content\/uploads\/2020\/03\/IMG_6592-1536x1152.jpeg 1536w, https:\/\/6io.fr\/wp-content\/uploads\/2020\/03\/IMG_6592-2048x1536.jpeg 2048w\" sizes=\"(max-width: 767px) 89vw, (max-width: 1000px) 54vw, (max-width: 1071px) 543px, 580px\" \/><\/figure>\n\n\n\n<figure class=\"wp-block-image size-large\"><img loading=\"lazy\" decoding=\"async\" width=\"1024\" height=\"768\" data-id=\"161\" src=\"https:\/\/6io.fr\/wp-content\/uploads\/2020\/03\/IMG_6582-1024x768.jpeg\" alt=\"Vue sur le lit double d\u00e9pli\u00e9\" class=\"wp-image-161\" srcset=\"https:\/\/6io.fr\/wp-content\/uploads\/2020\/03\/IMG_6582-1024x768.jpeg 1024w, https:\/\/6io.fr\/wp-content\/uploads\/2020\/03\/IMG_6582-300x225.jpeg 300w, https:\/\/6io.fr\/wp-content\/uploads\/2020\/03\/IMG_6582-768x576.jpeg 768w, https:\/\/6io.fr\/wp-content\/uploads\/2020\/03\/IMG_6582-1536x1152.jpeg 1536w, https:\/\/6io.fr\/wp-content\/uploads\/2020\/03\/IMG_6582-2048x1536.jpeg 2048w\" sizes=\"(max-width: 767px) 89vw, (max-width: 1000px) 54vw, (max-width: 1071px) 543px, 580px\" \/><\/figure>\n\n\n\n<figure class=\"wp-block-image size-large\"><img loading=\"lazy\" decoding=\"async\" width=\"1024\" height=\"768\" data-id=\"160\" src=\"https:\/\/6io.fr\/wp-content\/uploads\/2020\/03\/IMG_6581-1024x768.jpeg\" alt=\"Vue sur le jardin avec lit double d\u00e9pli\u00e9\" class=\"wp-image-160\" srcset=\"https:\/\/6io.fr\/wp-content\/uploads\/2020\/03\/IMG_6581-1024x768.jpeg 1024w, https:\/\/6io.fr\/wp-content\/uploads\/2020\/03\/IMG_6581-300x225.jpeg 300w, https:\/\/6io.fr\/wp-content\/uploads\/2020\/03\/IMG_6581-768x576.jpeg 768w, https:\/\/6io.fr\/wp-content\/uploads\/2020\/03\/IMG_6581-1536x1152.jpeg 1536w, https:\/\/6io.fr\/wp-content\/uploads\/2020\/03\/IMG_6581-2048x1536.jpeg 2048w\" sizes=\"(max-width: 767px) 89vw, (max-width: 1000px) 54vw, (max-width: 1071px) 543px, 580px\" \/><\/figure>\n\n\n\n<figure class=\"wp-block-image size-large\"><img loading=\"lazy\" decoding=\"async\" width=\"1024\" height=\"768\" data-id=\"156\" src=\"https:\/\/6io.fr\/wp-content\/uploads\/2020\/03\/IMG_6577-1024x768.jpeg\" alt=\"\" class=\"wp-image-156\" srcset=\"https:\/\/6io.fr\/wp-content\/uploads\/2020\/03\/IMG_6577-1024x768.jpeg 1024w, https:\/\/6io.fr\/wp-content\/uploads\/2020\/03\/IMG_6577-300x225.jpeg 300w, https:\/\/6io.fr\/wp-content\/uploads\/2020\/03\/IMG_6577-768x576.jpeg 768w, https:\/\/6io.fr\/wp-content\/uploads\/2020\/03\/IMG_6577-1536x1152.jpeg 1536w, https:\/\/6io.fr\/wp-content\/uploads\/2020\/03\/IMG_6577-2048x1536.jpeg 2048w\" sizes=\"(max-width: 767px) 89vw, (max-width: 1000px) 54vw, (max-width: 1071px) 543px, 580px\" \/><\/figure>\n\n\n\n<figure class=\"wp-block-image size-large\"><img loading=\"lazy\" decoding=\"async\" width=\"1024\" height=\"768\" data-id=\"145\" src=\"https:\/\/6io.fr\/wp-content\/uploads\/2020\/03\/IMG_6555-1024x768.jpeg\" alt=\"\" class=\"wp-image-145\" srcset=\"https:\/\/6io.fr\/wp-content\/uploads\/2020\/03\/IMG_6555-1024x768.jpeg 1024w, https:\/\/6io.fr\/wp-content\/uploads\/2020\/03\/IMG_6555-300x225.jpeg 300w, https:\/\/6io.fr\/wp-content\/uploads\/2020\/03\/IMG_6555-768x576.jpeg 768w, https:\/\/6io.fr\/wp-content\/uploads\/2020\/03\/IMG_6555-1536x1152.jpeg 1536w, https:\/\/6io.fr\/wp-content\/uploads\/2020\/03\/IMG_6555-2048x1536.jpeg 2048w\" sizes=\"(max-width: 767px) 89vw, (max-width: 1000px) 54vw, (max-width: 1071px) 543px, 580px\" \/><\/figure>\n\n\n\n<figure class=\"wp-block-image size-large\"><img loading=\"lazy\" decoding=\"async\" width=\"1024\" height=\"768\" data-id=\"144\" src=\"https:\/\/6io.fr\/wp-content\/uploads\/2020\/03\/IMG_6540-1024x768.jpeg\" alt=\"\" class=\"wp-image-144\" srcset=\"https:\/\/6io.fr\/wp-content\/uploads\/2020\/03\/IMG_6540-1024x768.jpeg 1024w, https:\/\/6io.fr\/wp-content\/uploads\/2020\/03\/IMG_6540-300x225.jpeg 300w, https:\/\/6io.fr\/wp-content\/uploads\/2020\/03\/IMG_6540-768x576.jpeg 768w, https:\/\/6io.fr\/wp-content\/uploads\/2020\/03\/IMG_6540-1536x1152.jpeg 1536w, https:\/\/6io.fr\/wp-content\/uploads\/2020\/03\/IMG_6540-2048x1536.jpeg 2048w\" sizes=\"(max-width: 767px) 89vw, (max-width: 1000px) 54vw, (max-width: 1071px) 543px, 580px\" \/><\/figure>\n\n\n\n<figure class=\"wp-block-image size-large\"><img loading=\"lazy\" decoding=\"async\" width=\"1024\" height=\"768\" data-id=\"137\" src=\"https:\/\/6io.fr\/wp-content\/uploads\/2020\/03\/IMG_6533-1024x768.jpeg\" alt=\"Vue de l'entr\u00e9e\" class=\"wp-image-137\" srcset=\"https:\/\/6io.fr\/wp-content\/uploads\/2020\/03\/IMG_6533-1024x768.jpeg 1024w, https:\/\/6io.fr\/wp-content\/uploads\/2020\/03\/IMG_6533-300x225.jpeg 300w, https:\/\/6io.fr\/wp-content\/uploads\/2020\/03\/IMG_6533-768x576.jpeg 768w, https:\/\/6io.fr\/wp-content\/uploads\/2020\/03\/IMG_6533-1536x1152.jpeg 1536w, https:\/\/6io.fr\/wp-content\/uploads\/2020\/03\/IMG_6533-2048x1536.jpeg 2048w\" sizes=\"(max-width: 767px) 89vw, (max-width: 1000px) 54vw, (max-width: 1071px) 543px, 580px\" \/><\/figure>\n\n\n\n<figure class=\"wp-block-image size-large\"><img loading=\"lazy\" decoding=\"async\" width=\"1024\" height=\"768\" data-id=\"136\" src=\"https:\/\/6io.fr\/wp-content\/uploads\/2020\/03\/IMG_6532-1024x768.jpeg\" alt=\"\" class=\"wp-image-136\" srcset=\"https:\/\/6io.fr\/wp-content\/uploads\/2020\/03\/IMG_6532-1024x768.jpeg 1024w, https:\/\/6io.fr\/wp-content\/uploads\/2020\/03\/IMG_6532-300x225.jpeg 300w, https:\/\/6io.fr\/wp-content\/uploads\/2020\/03\/IMG_6532-768x576.jpeg 768w, https:\/\/6io.fr\/wp-content\/uploads\/2020\/03\/IMG_6532-1536x1152.jpeg 1536w, https:\/\/6io.fr\/wp-content\/uploads\/2020\/03\/IMG_6532-2048x1536.jpeg 2048w\" sizes=\"(max-width: 767px) 89vw, (max-width: 1000px) 54vw, (max-width: 1071px) 543px, 580px\" \/><\/figure>\n\n\n\n<figure class=\"wp-block-image size-large\"><img loading=\"lazy\" decoding=\"async\" width=\"1024\" height=\"768\" data-id=\"134\" src=\"https:\/\/6io.fr\/wp-content\/uploads\/2020\/03\/IMG_6529-1024x768.jpeg\" alt=\"Salle de bain Studio\" class=\"wp-image-134\" srcset=\"https:\/\/6io.fr\/wp-content\/uploads\/2020\/03\/IMG_6529-1024x768.jpeg 1024w, https:\/\/6io.fr\/wp-content\/uploads\/2020\/03\/IMG_6529-300x225.jpeg 300w, https:\/\/6io.fr\/wp-content\/uploads\/2020\/03\/IMG_6529-768x576.jpeg 768w, https:\/\/6io.fr\/wp-content\/uploads\/2020\/03\/IMG_6529-1536x1152.jpeg 1536w, https:\/\/6io.fr\/wp-content\/uploads\/2020\/03\/IMG_6529-2048x1536.jpeg 2048w\" sizes=\"(max-width: 767px) 89vw, (max-width: 1000px) 54vw, (max-width: 1071px) 543px, 580px\" \/><\/figure>\n<\/figure>\n","protected":false},"excerpt":{"rendered":"<p>Petit studio, mais logement autonome complet et de plain-pied. Vous y trouverez une cuisine hyper \u00e9quip\u00e9e, une salle d&rsquo;eau vaste avec douche \u00e0 l&rsquo;italienne, WC et lavabo. Pour rendre la pi\u00e8ce principale plus grande, le lit double (160&#215;200) est escamotable dans la journ\u00e9e. Vous trouverez tout de m\u00eame un lit de 90&#215;200 qui fera soit &hellip; <\/p>\n<p class=\"link-more\"><a href=\"https:\/\/6io.fr\/index.php\/gite-lorette-21-m2-t1\/\" class=\"more-link\">Continuer la lecture<span class=\"screen-reader-text\"> de &laquo;&nbsp;G\u00eete Lorette 21 m2 T1&nbsp;&raquo;<\/span><\/a><\/p>\n","protected":false},"author":1,"featured_media":0,"parent":0,"menu_order":0,"comment_status":"closed","ping_status":"closed","template":"","meta":{"footnotes":""},"class_list":["post-258","page","type-page","status-publish","hentry"],"_links":{"self":[{"href":"https:\/\/6io.fr\/index.php\/wp-json\/wp\/v2\/pages\/258","targetHints":{"allow":["GET"]}}],"collection":[{"href":"https:\/\/6io.fr\/index.php\/wp-json\/wp\/v2\/pages"}],"about":[{"href":"https:\/\/6io.fr\/index.php\/wp-json\/wp\/v2\/types\/page"}],"author":[{"embeddable":true,"href":"https:\/\/6io.fr\/index.php\/wp-json\/wp\/v2\/users\/1"}],"replies":[{"embeddable":true,"href":"https:\/\/6io.fr\/index.php\/wp-json\/wp\/v2\/comments?post=258"}],"version-history":[{"count":20,"href":"https:\/\/6io.fr\/index.php\/wp-json\/wp\/v2\/pages\/258\/revisions"}],"predecessor-version":[{"id":1091,"href":"https:\/\/6io.fr\/index.php\/wp-json\/wp\/v2\/pages\/258\/revisions\/1091"}],"wp:attachment":[{"href":"https:\/\/6io.fr\/index.php\/wp-json\/wp\/v2\/media?parent=258"}],"curies":[{"name":"wp","href":"https:\/\/api.w.org\/{rel}","templated":true}]}}