{"id":248,"date":"2020-03-05T23:41:14","date_gmt":"2020-03-05T22:41:14","guid":{"rendered":"http:\/\/6io.fr\/beta\/?page_id=248"},"modified":"2025-10-23T15:43:01","modified_gmt":"2025-10-23T13:43:01","slug":"chambre-saint-augustin","status":"publish","type":"page","link":"https:\/\/6io.fr\/index.php\/chambre-saint-augustin\/","title":{"rendered":"Chambre Saint-Augustin"},"content":{"rendered":"\n<p class=\"has-drop-cap has-background\" style=\"background-color:#e7a677\">Cette chambre est lou\u00e9e en prestation chambre d&rsquo;h\u00f4te, c&rsquo;est-\u00e0-dire avec la fourniture des draps et du petit d\u00e9jeuner.<br>Il s&rsquo;agit d&rsquo;une chambre double avec un lit de 160cm de large et 200cm de long. Le lit peut \u00eatre s\u00e9par\u00e9 en 2 lit jumeaux. La chambre comporte un lavabo privatif. Il est possible de rajouter un ou 3 couchages d&rsquo;appoint. L&rsquo;espace est alors plus restreint, mais cette solution moins co\u00fbteuse est id\u00e9ale pour les familles au moment des sessions.<\/p>\n\n\n\n<p class=\"has-drop-cap has-background\" style=\"background-color:#e7a677\">Le tarif comprend \u00e9galement l&rsquo;acc\u00e8s \u00e0 la piscine de la r\u00e9sidence aux heures et jours d&rsquo;ouverture.<br> Le WC et la douche sont sur le palier, partag\u00e9s avec les autres chambres de l&rsquo;\u00e9tage.<br>Il est possible de l&rsquo;associer avec la chambre mitoyenne pour former une sorte de suite. Nous contacter pour en savoir plus sur les tarifs et la capacit\u00e9 maximale de couchage.<\/p>\n\n\n\n<figure class=\"wp-block-image size-large\"><img fetchpriority=\"high\" decoding=\"async\" width=\"1024\" height=\"768\" src=\"https:\/\/6io.fr\/wp-content\/uploads\/2022\/06\/3F78E71C-ED9C-4321-92F4-89D3F8BEFE91-1024x768.jpeg\" alt=\"\" class=\"wp-image-879\" srcset=\"https:\/\/6io.fr\/wp-content\/uploads\/2022\/06\/3F78E71C-ED9C-4321-92F4-89D3F8BEFE91-1024x768.jpeg 1024w, https:\/\/6io.fr\/wp-content\/uploads\/2022\/06\/3F78E71C-ED9C-4321-92F4-89D3F8BEFE91-300x225.jpeg 300w, https:\/\/6io.fr\/wp-content\/uploads\/2022\/06\/3F78E71C-ED9C-4321-92F4-89D3F8BEFE91-768x576.jpeg 768w, https:\/\/6io.fr\/wp-content\/uploads\/2022\/06\/3F78E71C-ED9C-4321-92F4-89D3F8BEFE91-1536x1152.jpeg 1536w, https:\/\/6io.fr\/wp-content\/uploads\/2022\/06\/3F78E71C-ED9C-4321-92F4-89D3F8BEFE91-2048x1536.jpeg 2048w\" sizes=\"(max-width: 767px) 89vw, (max-width: 1000px) 54vw, (max-width: 1071px) 543px, 580px\" \/><figcaption class=\"wp-element-caption\">Chambre St-Augustin<\/figcaption><\/figure>\n\n\n\n<p><strong>REMISES (en basse et moyenne Saison) <\/strong><\/p>\n\n\n\n<h2 class=\"wp-block-heading\"><mark style=\"background-color:rgba(0, 0, 0, 0)\" class=\"has-inline-color has-luminous-vivid-orange-color\">Pour 2 ou 3 nuit\u00e9es cons\u00e9cutives : une remise de<strong> 10 %<\/strong>  est accord\u00e9e ;<br>Pour 4 ou 5 nuit\u00e9es cons\u00e9cutives : une remise de <strong>20%<\/strong>  est accord\u00e9e ;<br>Pour 6 nuit\u00e9es cons\u00e9cutives : une remise de <strong>25%<\/strong> est accord\u00e9e ;<br>Pour une semaine : une remise de <strong>30%<\/strong> est accord\u00e9e.<\/mark><br><br><sub><mark style=\"background-color:rgba(0, 0, 0, 0)\" class=\"has-inline-color has-cyan-bluish-gray-color\">Ces remises ne sont pas cumulables entre elles et sont \u00e9tablies sur le tarif une personne<\/mark><\/sub><\/h2>\n\n\n\n<p><strong><span class=\"has-inline-color has-vivid-red-color\">Tarifs en chambre d&rsquo;h\u00f4te avec draps, serviettes et petit d\u00e9jeuner compris.<\/span><\/strong><\/p>\n\n\n\n<figure class=\"wp-block-table\"><table><tbody><tr><td class=\"has-text-align-center\" data-align=\"center\">Tarifs haute saison<\/td><td class=\"has-text-align-center\" data-align=\"center\"><strong>Une nuit\u00e9e<\/strong><\/td><td class=\"has-text-align-center\" data-align=\"center\"><strong>Une nuit\u00e9e en demi-pension<\/strong><\/td><\/tr><tr><td class=\"has-text-align-center\" data-align=\"center\"><em>1 personne<\/em><\/td><td class=\"has-text-align-center\" data-align=\"center\">50,00\u20ac<\/td><td class=\"has-text-align-center\" data-align=\"center\">65,00\u20ac<\/td><\/tr><tr><td class=\"has-text-align-center\" data-align=\"center\">2 personnes<\/td><td class=\"has-text-align-center\" data-align=\"center\">65,00\u20ac<\/td><td class=\"has-text-align-center\" data-align=\"center\">95,00\u20ac<\/td><\/tr><tr><td class=\"has-text-align-center\" data-align=\"center\">1 lit parapluie <br><sub><sup>ou<\/sup><\/sub><br>Un petit matelas<sup><sub> uniquement en 3\u00b0 couchage<\/sub><\/sup><\/td><td class=\"has-text-align-center\" data-align=\"center\">10,00\u20ac<\/td><td class=\"has-text-align-center\" data-align=\"center\">20,00\u20ac<\/td><\/tr><tr><td class=\"has-text-align-center\" data-align=\"center\">En basse saison : Tarifs haute saison -25%<br>En moyenne saison : Tarifs haute saison -10%<\/td><td class=\"has-text-align-center\" data-align=\"center\"><\/td><td class=\"has-text-align-center\" data-align=\"center\"><\/td><\/tr><\/tbody><\/table><figcaption class=\"wp-element-caption\">5\u20ac de frais de gestion + 0,80\u20ac par adulte et par nuit de taxe de s\u00e9jour sont \u00e0 compter en plus.<br>BS : Basse saison. Tout au long de l&rsquo;ann\u00e9e (hors vacances scolaires toutes zones, et hors sessions et \u00e9v\u00e9nements sur Paray-le-Monial).<br>MS : Moyenne saison. Toutes vacances scolaires toutes zones (hors \u00e9t\u00e9).<br>HS : Haute saison. Vacances estivales (hors sessions et \u00e9v\u00e9nements sur Paray-le-Monial).<\/figcaption><\/figure>\n\n\n\n<figure class=\"wp-block-gallery has-nested-images columns-default is-cropped wp-block-gallery-1 is-layout-flex wp-block-gallery-is-layout-flex\">\n<figure class=\"wp-block-image size-large\"><img decoding=\"async\" width=\"765\" height=\"1024\" data-id=\"8\" src=\"https:\/\/6io.fr\/wp-content\/uploads\/2020\/01\/B3F93874-7864-414F-BD16-582ACBDFE1C3-765x1024.jpeg\" alt=\"\" class=\"wp-image-8\" srcset=\"https:\/\/6io.fr\/wp-content\/uploads\/2020\/01\/B3F93874-7864-414F-BD16-582ACBDFE1C3-765x1024.jpeg 765w, https:\/\/6io.fr\/wp-content\/uploads\/2020\/01\/B3F93874-7864-414F-BD16-582ACBDFE1C3-224x300.jpeg 224w, https:\/\/6io.fr\/wp-content\/uploads\/2020\/01\/B3F93874-7864-414F-BD16-582ACBDFE1C3-768x1028.jpeg 768w, https:\/\/6io.fr\/wp-content\/uploads\/2020\/01\/B3F93874-7864-414F-BD16-582ACBDFE1C3-1148x1536.jpeg 1148w, https:\/\/6io.fr\/wp-content\/uploads\/2020\/01\/B3F93874-7864-414F-BD16-582ACBDFE1C3-1530x2048.jpeg 1530w, https:\/\/6io.fr\/wp-content\/uploads\/2020\/01\/B3F93874-7864-414F-BD16-582ACBDFE1C3.jpeg 1536w\" sizes=\"(max-width: 706px) 89vw, (max-width: 767px) 82vw, 740px\" \/><\/figure>\n\n\n\n<figure class=\"wp-block-image size-large\"><img decoding=\"async\" width=\"1024\" height=\"768\" data-id=\"663\" src=\"https:\/\/6io.fr\/wp-content\/uploads\/2021\/09\/IMG_7108-1024x768.jpg\" alt=\"\" class=\"wp-image-663\" srcset=\"https:\/\/6io.fr\/wp-content\/uploads\/2021\/09\/IMG_7108-1024x768.jpg 1024w, https:\/\/6io.fr\/wp-content\/uploads\/2021\/09\/IMG_7108-300x225.jpg 300w, https:\/\/6io.fr\/wp-content\/uploads\/2021\/09\/IMG_7108-768x576.jpg 768w, https:\/\/6io.fr\/wp-content\/uploads\/2021\/09\/IMG_7108-1536x1152.jpg 1536w, https:\/\/6io.fr\/wp-content\/uploads\/2021\/09\/IMG_7108-2048x1536.jpg 2048w\" sizes=\"(max-width: 767px) 89vw, (max-width: 1000px) 54vw, (max-width: 1071px) 543px, 580px\" \/><\/figure>\n\n\n\n<figure class=\"wp-block-image size-large\"><img loading=\"lazy\" decoding=\"async\" width=\"1024\" height=\"768\" data-id=\"680\" src=\"https:\/\/6io.fr\/wp-content\/uploads\/2021\/09\/IMG_7224-1024x768.jpg\" alt=\"\" class=\"wp-image-680\" srcset=\"https:\/\/6io.fr\/wp-content\/uploads\/2021\/09\/IMG_7224-1024x768.jpg 1024w, https:\/\/6io.fr\/wp-content\/uploads\/2021\/09\/IMG_7224-300x225.jpg 300w, https:\/\/6io.fr\/wp-content\/uploads\/2021\/09\/IMG_7224-768x576.jpg 768w, https:\/\/6io.fr\/wp-content\/uploads\/2021\/09\/IMG_7224-1536x1152.jpg 1536w, https:\/\/6io.fr\/wp-content\/uploads\/2021\/09\/IMG_7224-2048x1536.jpg 2048w\" sizes=\"(max-width: 767px) 89vw, (max-width: 1000px) 54vw, (max-width: 1071px) 543px, 580px\" \/><\/figure>\n\n\n\n<figure class=\"wp-block-image size-large\"><img loading=\"lazy\" decoding=\"async\" width=\"1024\" height=\"768\" data-id=\"874\" src=\"https:\/\/6io.fr\/wp-content\/uploads\/2022\/06\/B3EF035F-59BC-4EC5-9AF7-51A688FA5CA6-1024x768.jpeg\" alt=\"\" class=\"wp-image-874\" srcset=\"https:\/\/6io.fr\/wp-content\/uploads\/2022\/06\/B3EF035F-59BC-4EC5-9AF7-51A688FA5CA6-1024x768.jpeg 1024w, https:\/\/6io.fr\/wp-content\/uploads\/2022\/06\/B3EF035F-59BC-4EC5-9AF7-51A688FA5CA6-300x225.jpeg 300w, https:\/\/6io.fr\/wp-content\/uploads\/2022\/06\/B3EF035F-59BC-4EC5-9AF7-51A688FA5CA6-768x576.jpeg 768w, https:\/\/6io.fr\/wp-content\/uploads\/2022\/06\/B3EF035F-59BC-4EC5-9AF7-51A688FA5CA6-1536x1152.jpeg 1536w, https:\/\/6io.fr\/wp-content\/uploads\/2022\/06\/B3EF035F-59BC-4EC5-9AF7-51A688FA5CA6-2048x1536.jpeg 2048w\" sizes=\"(max-width: 767px) 89vw, (max-width: 1000px) 54vw, (max-width: 1071px) 543px, 580px\" \/><\/figure>\n\n\n\n<figure class=\"wp-block-image size-large\"><img loading=\"lazy\" decoding=\"async\" width=\"1024\" height=\"768\" data-id=\"876\" src=\"https:\/\/6io.fr\/wp-content\/uploads\/2022\/06\/F0C3F978-BF0F-4418-88D7-94123BED47BC-1024x768.jpeg\" alt=\"\" class=\"wp-image-876\" srcset=\"https:\/\/6io.fr\/wp-content\/uploads\/2022\/06\/F0C3F978-BF0F-4418-88D7-94123BED47BC-1024x768.jpeg 1024w, https:\/\/6io.fr\/wp-content\/uploads\/2022\/06\/F0C3F978-BF0F-4418-88D7-94123BED47BC-300x225.jpeg 300w, https:\/\/6io.fr\/wp-content\/uploads\/2022\/06\/F0C3F978-BF0F-4418-88D7-94123BED47BC-768x576.jpeg 768w, https:\/\/6io.fr\/wp-content\/uploads\/2022\/06\/F0C3F978-BF0F-4418-88D7-94123BED47BC-1536x1152.jpeg 1536w, https:\/\/6io.fr\/wp-content\/uploads\/2022\/06\/F0C3F978-BF0F-4418-88D7-94123BED47BC-2048x1536.jpeg 2048w\" sizes=\"(max-width: 767px) 89vw, (max-width: 1000px) 54vw, (max-width: 1071px) 543px, 580px\" \/><\/figure>\n\n\n\n<figure class=\"wp-block-image size-large\"><img loading=\"lazy\" decoding=\"async\" width=\"1024\" height=\"768\" data-id=\"875\" src=\"https:\/\/6io.fr\/wp-content\/uploads\/2022\/06\/6AAD6C7E-8E2E-40B7-BE08-E951A9B43CFA-1024x768.jpeg\" alt=\"\" class=\"wp-image-875\" srcset=\"https:\/\/6io.fr\/wp-content\/uploads\/2022\/06\/6AAD6C7E-8E2E-40B7-BE08-E951A9B43CFA-1024x768.jpeg 1024w, https:\/\/6io.fr\/wp-content\/uploads\/2022\/06\/6AAD6C7E-8E2E-40B7-BE08-E951A9B43CFA-300x225.jpeg 300w, https:\/\/6io.fr\/wp-content\/uploads\/2022\/06\/6AAD6C7E-8E2E-40B7-BE08-E951A9B43CFA-768x576.jpeg 768w, https:\/\/6io.fr\/wp-content\/uploads\/2022\/06\/6AAD6C7E-8E2E-40B7-BE08-E951A9B43CFA-1536x1152.jpeg 1536w, https:\/\/6io.fr\/wp-content\/uploads\/2022\/06\/6AAD6C7E-8E2E-40B7-BE08-E951A9B43CFA-2048x1536.jpeg 2048w\" sizes=\"(max-width: 767px) 89vw, (max-width: 1000px) 54vw, (max-width: 1071px) 543px, 580px\" \/><\/figure>\n<\/figure>\n","protected":false},"excerpt":{"rendered":"<p>Cette chambre est lou\u00e9e en prestation chambre d&rsquo;h\u00f4te, c&rsquo;est-\u00e0-dire avec la fourniture des draps et du petit d\u00e9jeuner.Il s&rsquo;agit d&rsquo;une chambre double avec un lit de 160cm de large et 200cm de long. Le lit peut \u00eatre s\u00e9par\u00e9 en 2 lit jumeaux. La chambre comporte un lavabo privatif. Il est possible de rajouter un ou &hellip; <\/p>\n<p class=\"link-more\"><a href=\"https:\/\/6io.fr\/index.php\/chambre-saint-augustin\/\" class=\"more-link\">Continuer la lecture<span class=\"screen-reader-text\"> de &laquo;&nbsp;Chambre Saint-Augustin&nbsp;&raquo;<\/span><\/a><\/p>\n","protected":false},"author":1,"featured_media":0,"parent":0,"menu_order":0,"comment_status":"closed","ping_status":"closed","template":"","meta":{"footnotes":""},"class_list":["post-248","page","type-page","status-publish","hentry"],"_links":{"self":[{"href":"https:\/\/6io.fr\/index.php\/wp-json\/wp\/v2\/pages\/248","targetHints":{"allow":["GET"]}}],"collection":[{"href":"https:\/\/6io.fr\/index.php\/wp-json\/wp\/v2\/pages"}],"about":[{"href":"https:\/\/6io.fr\/index.php\/wp-json\/wp\/v2\/types\/page"}],"author":[{"embeddable":true,"href":"https:\/\/6io.fr\/index.php\/wp-json\/wp\/v2\/users\/1"}],"replies":[{"embeddable":true,"href":"https:\/\/6io.fr\/index.php\/wp-json\/wp\/v2\/comments?post=248"}],"version-history":[{"count":20,"href":"https:\/\/6io.fr\/index.php\/wp-json\/wp\/v2\/pages\/248\/revisions"}],"predecessor-version":[{"id":1058,"href":"https:\/\/6io.fr\/index.php\/wp-json\/wp\/v2\/pages\/248\/revisions\/1058"}],"wp:attachment":[{"href":"https:\/\/6io.fr\/index.php\/wp-json\/wp\/v2\/media?parent=248"}],"curies":[{"name":"wp","href":"https:\/\/api.w.org\/{rel}","templated":true}]}}