{"id":240,"date":"2020-03-05T23:38:38","date_gmt":"2020-03-05T22:38:38","guid":{"rendered":"http:\/\/6io.fr\/beta\/?page_id=240"},"modified":"2025-10-23T15:53:57","modified_gmt":"2025-10-23T13:53:57","slug":"chambre-saint-jean-paul-ii","status":"publish","type":"page","link":"https:\/\/6io.fr\/index.php\/chambre-saint-jean-paul-ii\/","title":{"rendered":"Chambre Saint-Jean-Paul-II"},"content":{"rendered":"\n<p class=\"has-drop-cap has-background\" style=\"background-color:#89cbe7\">Cette chambre double se situe au 1er \u00e9tage, elle est compos\u00e9e d&rsquo;un lit double. Il est possible de transformer le lit double en 2 lit jumeaux. Dans la chambre vous disposez d&rsquo;une douche, d&rsquo;un lavabo et d&rsquo;un cabinet WC.<br>La location de cette chambre correspond \u00e0 une prestation chambre d&rsquo;h\u00f4te, c&rsquo;est-\u00e0-dire qu&rsquo;elle comprend la fourniture des draps et des petits d\u00e9jeuners. Vous aurez aussi acc\u00e8s \u00e0 la piscine de la r\u00e9sidence aux heures et jours d&rsquo;ouvertures.<\/p>\n\n\n\n<p>REMISES  en basse saison: <\/p>\n\n\n\n<p><mark style=\"background-color:rgba(0, 0, 0, 0)\" class=\"has-inline-color has-luminous-vivid-orange-color\">Pour 2 ou 3 nuit\u00e9es cons\u00e9cutives : une remise de <strong>10%<\/strong> est accord\u00e9e ;<br>Pour 4 ou 5 nuit\u00e9es cons\u00e9cutives : une remise de <strong>20%<\/strong> est accord\u00e9e ;<br>Pour 6 nuit\u00e9es cons\u00e9cutives : une remise de <strong>25%<\/strong> est accord\u00e9e ;<br>Pour une semaine : une remise de <strong>30%<\/strong> est accord\u00e9e<\/mark>.<br><br><sub><mark style=\"background-color:rgba(0, 0, 0, 0)\" class=\"has-inline-color has-cyan-bluish-gray-color\">Ces remises ne sont pas cumulables entre elles.<\/mark><\/sub><\/p>\n\n\n\n<p><mark style=\"background-color:rgba(0, 0, 0, 0)\" class=\"has-inline-color has-vivid-red-color\"><strong>Tarifs en chambre d&rsquo;h\u00f4te avec draps, serviettes et petit d\u00e9jeuner compris.<\/strong><\/mark><\/p>\n\n\n\n<figure class=\"wp-block-table\"><table><tbody><tr><td class=\"has-text-align-center\" data-align=\"center\">Tarifs pour 1 personne<\/td><td class=\"has-text-align-center\" data-align=\"center\"><strong>1  nuit\u00e9e<\/strong><\/td><td class=\"has-text-align-center\" data-align=\"center\"><strong>1 nuit\u00e9e en demi-pension<\/strong><\/td><\/tr><tr><td class=\"has-text-align-center\" data-align=\"center\">Basse saison<\/td><td class=\"has-text-align-center\" data-align=\"center\">45,00\u20ac<\/td><td class=\"has-text-align-center\" data-align=\"center\">55,00\u20ac<\/td><\/tr><tr><td class=\"has-text-align-center\" data-align=\"center\">Moyenne saison<\/td><td class=\"has-text-align-center\" data-align=\"center\">54,00\u20ac<\/td><td class=\"has-text-align-center\" data-align=\"center\">64,00\u20ac<\/td><\/tr><tr><td class=\"has-text-align-center\" data-align=\"center\">Haute Saison<\/td><td class=\"has-text-align-center\" data-align=\"center\">60,00\u20ac<\/td><td class=\"has-text-align-center\" data-align=\"center\">70,00\u20ac<\/td><\/tr><\/tbody><\/table><figcaption class=\"wp-element-caption\">5\u20ac de frais de gestion + 0,80\u20ac par adulte et par nuit de taxe de s\u00e9jour sont \u00e0 compter en plus.<br>BS : Basse saison. Tout au long de l&rsquo;ann\u00e9e (hors vacances scolaires toutes zones, et hors sessions et \u00e9v\u00e9nements sur Paray-le-Monial).<br>MS : Moyenne saison. Toutes vacances scolaires toutes zones (hors \u00e9t\u00e9).<br>HS : Haute saison. Vacances estivales (hors sessions et \u00e9v\u00e9nements sur Paray-le-Monial).<\/figcaption><\/figure>\n\n\n\n<figure class=\"wp-block-table\"><table><tbody><tr><td class=\"has-text-align-center\" data-align=\"center\">Tarifs pour 2 personnes<\/td><td class=\"has-text-align-center\" data-align=\"center\"><strong>1  nuit\u00e9e<\/strong><\/td><td class=\"has-text-align-center\" data-align=\"center\"><strong>1 nuit\u00e9e en demi-pension<\/strong><\/td><\/tr><tr><td class=\"has-text-align-center\" data-align=\"center\">Basse saison<\/td><td class=\"has-text-align-center\" data-align=\"center\">60,00\u20ac<\/td><td class=\"has-text-align-center\" data-align=\"center\">80,00\u20ac<\/td><\/tr><tr><td class=\"has-text-align-center\" data-align=\"center\">Moyenne Saison<\/td><td class=\"has-text-align-center\" data-align=\"center\">72,00\u20ac<\/td><td class=\"has-text-align-center\" data-align=\"center\">92,00\u20ac<\/td><\/tr><tr><td class=\"has-text-align-center\" data-align=\"center\">Haute Saison<\/td><td class=\"has-text-align-center\" data-align=\"center\">80,00\u20ac<\/td><td class=\"has-text-align-center\" data-align=\"center\">100,00\u20ac<\/td><\/tr><tr><td class=\"has-text-align-center\" data-align=\"center\"><sub><span class=\"has-inline-color has-vivid-cyan-blue-color\">Possibilit\u00e9 d&rsquo;avoir 2 lits jumeaux plut\u00f4t qu&rsquo;un lit double, sur demande au moment de la r\u00e9servation.<br><\/span><\/sub><\/td><td class=\"has-text-align-center\" data-align=\"center\"><\/td><td class=\"has-text-align-center\" data-align=\"center\"><\/td><\/tr><\/tbody><\/table><figcaption class=\"wp-element-caption\">5\u20ac de frais de gestion + 0,80\u20ac par adulte et par nuit de taxe de s\u00e9jour sont \u00e0 compter en plus.<br>BS : Basse saison. Tout au long de l&rsquo;ann\u00e9e (hors vacances scolaires toutes zones, et hors sessions et \u00e9v\u00e9nements sur Paray-le-Monial).<br>MS : Moyenne saison. Toutes vacances scolaires toutes zones (hors \u00e9t\u00e9).<br>HS : Haute saison. Vacances estivales (hors sessions et \u00e9v\u00e9nements sur Paray-le-Monial).<\/figcaption><\/figure>\n\n\n\n<figure class=\"wp-block-gallery has-nested-images columns-default is-cropped wp-block-gallery-1 is-layout-flex wp-block-gallery-is-layout-flex\">\n<figure class=\"wp-block-image size-large\"><img fetchpriority=\"high\" decoding=\"async\" width=\"1024\" height=\"393\" data-id=\"20\" src=\"https:\/\/6io.fr\/wp-content\/uploads\/2020\/01\/BDE34AE8-C2C7-4F42-9DCC-723EFE5CED8B-1024x393.jpeg\" alt=\"\" class=\"wp-image-20\" srcset=\"https:\/\/6io.fr\/wp-content\/uploads\/2020\/01\/BDE34AE8-C2C7-4F42-9DCC-723EFE5CED8B-1024x393.jpeg 1024w, https:\/\/6io.fr\/wp-content\/uploads\/2020\/01\/BDE34AE8-C2C7-4F42-9DCC-723EFE5CED8B-300x115.jpeg 300w, https:\/\/6io.fr\/wp-content\/uploads\/2020\/01\/BDE34AE8-C2C7-4F42-9DCC-723EFE5CED8B-768x295.jpeg 768w, https:\/\/6io.fr\/wp-content\/uploads\/2020\/01\/BDE34AE8-C2C7-4F42-9DCC-723EFE5CED8B-1536x589.jpeg 1536w, https:\/\/6io.fr\/wp-content\/uploads\/2020\/01\/BDE34AE8-C2C7-4F42-9DCC-723EFE5CED8B-2048x786.jpeg 2048w, https:\/\/6io.fr\/wp-content\/uploads\/2020\/01\/BDE34AE8-C2C7-4F42-9DCC-723EFE5CED8B-1568x602.jpeg 1568w\" sizes=\"(max-width: 767px) 89vw, (max-width: 1000px) 54vw, (max-width: 1071px) 543px, 580px\" \/><\/figure>\n\n\n\n<figure class=\"wp-block-image size-large\"><img decoding=\"async\" width=\"1024\" height=\"768\" data-id=\"21\" src=\"https:\/\/6io.fr\/wp-content\/uploads\/2020\/01\/1FE7EC9E-14B0-4735-A0A2-B0B805B7546A-1024x768.jpeg\" alt=\"\" class=\"wp-image-21\" srcset=\"https:\/\/6io.fr\/wp-content\/uploads\/2020\/01\/1FE7EC9E-14B0-4735-A0A2-B0B805B7546A-1024x768.jpeg 1024w, https:\/\/6io.fr\/wp-content\/uploads\/2020\/01\/1FE7EC9E-14B0-4735-A0A2-B0B805B7546A-300x225.jpeg 300w, https:\/\/6io.fr\/wp-content\/uploads\/2020\/01\/1FE7EC9E-14B0-4735-A0A2-B0B805B7546A-768x576.jpeg 768w, https:\/\/6io.fr\/wp-content\/uploads\/2020\/01\/1FE7EC9E-14B0-4735-A0A2-B0B805B7546A-1536x1152.jpeg 1536w, https:\/\/6io.fr\/wp-content\/uploads\/2020\/01\/1FE7EC9E-14B0-4735-A0A2-B0B805B7546A-1568x1176.jpeg 1568w, https:\/\/6io.fr\/wp-content\/uploads\/2020\/01\/1FE7EC9E-14B0-4735-A0A2-B0B805B7546A.jpeg 2048w\" sizes=\"(max-width: 767px) 89vw, (max-width: 1000px) 54vw, (max-width: 1071px) 543px, 580px\" \/><\/figure>\n\n\n\n<figure class=\"wp-block-image size-large\"><img decoding=\"async\" width=\"1024\" height=\"768\" data-id=\"22\" src=\"https:\/\/6io.fr\/wp-content\/uploads\/2020\/01\/FA9FBA52-AA7D-44B6-9CAF-0EE9A98A538D-1024x768.jpeg\" alt=\"\" class=\"wp-image-22\" srcset=\"https:\/\/6io.fr\/wp-content\/uploads\/2020\/01\/FA9FBA52-AA7D-44B6-9CAF-0EE9A98A538D-1024x768.jpeg 1024w, https:\/\/6io.fr\/wp-content\/uploads\/2020\/01\/FA9FBA52-AA7D-44B6-9CAF-0EE9A98A538D-300x225.jpeg 300w, https:\/\/6io.fr\/wp-content\/uploads\/2020\/01\/FA9FBA52-AA7D-44B6-9CAF-0EE9A98A538D-768x576.jpeg 768w, https:\/\/6io.fr\/wp-content\/uploads\/2020\/01\/FA9FBA52-AA7D-44B6-9CAF-0EE9A98A538D-1536x1152.jpeg 1536w, https:\/\/6io.fr\/wp-content\/uploads\/2020\/01\/FA9FBA52-AA7D-44B6-9CAF-0EE9A98A538D-1568x1176.jpeg 1568w, https:\/\/6io.fr\/wp-content\/uploads\/2020\/01\/FA9FBA52-AA7D-44B6-9CAF-0EE9A98A538D.jpeg 2048w\" sizes=\"(max-width: 767px) 89vw, (max-width: 1000px) 54vw, (max-width: 1071px) 543px, 580px\" \/><\/figure>\n\n\n\n<figure class=\"wp-block-image size-large\"><img loading=\"lazy\" decoding=\"async\" width=\"1024\" height=\"768\" data-id=\"18\" src=\"https:\/\/6io.fr\/wp-content\/uploads\/2020\/01\/9721341F-99B8-4DD0-9580-3A2D2470A573-1024x768.jpeg\" alt=\"\" class=\"wp-image-18\" srcset=\"https:\/\/6io.fr\/wp-content\/uploads\/2020\/01\/9721341F-99B8-4DD0-9580-3A2D2470A573-1024x768.jpeg 1024w, https:\/\/6io.fr\/wp-content\/uploads\/2020\/01\/9721341F-99B8-4DD0-9580-3A2D2470A573-300x225.jpeg 300w, https:\/\/6io.fr\/wp-content\/uploads\/2020\/01\/9721341F-99B8-4DD0-9580-3A2D2470A573-768x576.jpeg 768w, https:\/\/6io.fr\/wp-content\/uploads\/2020\/01\/9721341F-99B8-4DD0-9580-3A2D2470A573-1536x1152.jpeg 1536w, https:\/\/6io.fr\/wp-content\/uploads\/2020\/01\/9721341F-99B8-4DD0-9580-3A2D2470A573-1568x1176.jpeg 1568w, https:\/\/6io.fr\/wp-content\/uploads\/2020\/01\/9721341F-99B8-4DD0-9580-3A2D2470A573.jpeg 2048w\" sizes=\"(max-width: 767px) 89vw, (max-width: 1000px) 54vw, (max-width: 1071px) 543px, 580px\" \/><figcaption class=\"wp-element-caption\">gites et chambres d\u2019h\u00f4tes Sitio<\/figcaption><\/figure>\n\n\n\n<figure class=\"wp-block-image size-large\"><img loading=\"lazy\" decoding=\"async\" width=\"1024\" height=\"768\" data-id=\"19\" src=\"https:\/\/6io.fr\/wp-content\/uploads\/2020\/01\/9459CA8A-E521-441F-AED6-1DE4CE06627C-1024x768.jpeg\" alt=\"\" class=\"wp-image-19\" srcset=\"https:\/\/6io.fr\/wp-content\/uploads\/2020\/01\/9459CA8A-E521-441F-AED6-1DE4CE06627C-1024x768.jpeg 1024w, https:\/\/6io.fr\/wp-content\/uploads\/2020\/01\/9459CA8A-E521-441F-AED6-1DE4CE06627C-300x225.jpeg 300w, https:\/\/6io.fr\/wp-content\/uploads\/2020\/01\/9459CA8A-E521-441F-AED6-1DE4CE06627C-768x576.jpeg 768w, https:\/\/6io.fr\/wp-content\/uploads\/2020\/01\/9459CA8A-E521-441F-AED6-1DE4CE06627C-1536x1152.jpeg 1536w, https:\/\/6io.fr\/wp-content\/uploads\/2020\/01\/9459CA8A-E521-441F-AED6-1DE4CE06627C-1568x1176.jpeg 1568w, https:\/\/6io.fr\/wp-content\/uploads\/2020\/01\/9459CA8A-E521-441F-AED6-1DE4CE06627C.jpeg 2048w\" sizes=\"(max-width: 767px) 89vw, (max-width: 1000px) 54vw, (max-width: 1071px) 543px, 580px\" \/><\/figure>\n\n\n\n<figure class=\"wp-block-image size-large\"><img loading=\"lazy\" decoding=\"async\" width=\"765\" height=\"1024\" data-id=\"8\" src=\"https:\/\/6io.fr\/wp-content\/uploads\/2020\/01\/B3F93874-7864-414F-BD16-582ACBDFE1C3-765x1024.jpeg\" alt=\"\" class=\"wp-image-8\" srcset=\"https:\/\/6io.fr\/wp-content\/uploads\/2020\/01\/B3F93874-7864-414F-BD16-582ACBDFE1C3-765x1024.jpeg 765w, https:\/\/6io.fr\/wp-content\/uploads\/2020\/01\/B3F93874-7864-414F-BD16-582ACBDFE1C3-224x300.jpeg 224w, https:\/\/6io.fr\/wp-content\/uploads\/2020\/01\/B3F93874-7864-414F-BD16-582ACBDFE1C3-768x1028.jpeg 768w, https:\/\/6io.fr\/wp-content\/uploads\/2020\/01\/B3F93874-7864-414F-BD16-582ACBDFE1C3-1148x1536.jpeg 1148w, https:\/\/6io.fr\/wp-content\/uploads\/2020\/01\/B3F93874-7864-414F-BD16-582ACBDFE1C3-1530x2048.jpeg 1530w, https:\/\/6io.fr\/wp-content\/uploads\/2020\/01\/B3F93874-7864-414F-BD16-582ACBDFE1C3.jpeg 1536w\" sizes=\"(max-width: 706px) 89vw, (max-width: 767px) 82vw, 740px\" \/><\/figure>\n\n\n\n<figure class=\"wp-block-image size-large\"><img loading=\"lazy\" decoding=\"async\" width=\"1024\" height=\"768\" data-id=\"17\" src=\"https:\/\/6io.fr\/wp-content\/uploads\/2020\/01\/3051A886-ED60-4716-898D-403D5AE91A4C-1024x768.jpeg\" alt=\"\" class=\"wp-image-17\" srcset=\"https:\/\/6io.fr\/wp-content\/uploads\/2020\/01\/3051A886-ED60-4716-898D-403D5AE91A4C-1024x768.jpeg 1024w, https:\/\/6io.fr\/wp-content\/uploads\/2020\/01\/3051A886-ED60-4716-898D-403D5AE91A4C-300x225.jpeg 300w, https:\/\/6io.fr\/wp-content\/uploads\/2020\/01\/3051A886-ED60-4716-898D-403D5AE91A4C-768x576.jpeg 768w, https:\/\/6io.fr\/wp-content\/uploads\/2020\/01\/3051A886-ED60-4716-898D-403D5AE91A4C-1536x1152.jpeg 1536w, https:\/\/6io.fr\/wp-content\/uploads\/2020\/01\/3051A886-ED60-4716-898D-403D5AE91A4C-1568x1176.jpeg 1568w\" sizes=\"(max-width: 767px) 89vw, (max-width: 1000px) 54vw, (max-width: 1071px) 543px, 580px\" \/><\/figure>\n<\/figure>\n","protected":false},"excerpt":{"rendered":"<p>Cette chambre double se situe au 1er \u00e9tage, elle est compos\u00e9e d&rsquo;un lit double. Il est possible de transformer le lit double en 2 lit jumeaux. Dans la chambre vous disposez d&rsquo;une douche, d&rsquo;un lavabo et d&rsquo;un cabinet WC.La location de cette chambre correspond \u00e0 une prestation chambre d&rsquo;h\u00f4te, c&rsquo;est-\u00e0-dire qu&rsquo;elle comprend la fourniture des &hellip; <\/p>\n<p class=\"link-more\"><a href=\"https:\/\/6io.fr\/index.php\/chambre-saint-jean-paul-ii\/\" class=\"more-link\">Continuer la lecture<span class=\"screen-reader-text\"> de &laquo;&nbsp;Chambre Saint-Jean-Paul-II&nbsp;&raquo;<\/span><\/a><\/p>\n","protected":false},"author":1,"featured_media":0,"parent":0,"menu_order":0,"comment_status":"closed","ping_status":"closed","template":"","meta":{"footnotes":""},"class_list":["post-240","page","type-page","status-publish","hentry"],"_links":{"self":[{"href":"https:\/\/6io.fr\/index.php\/wp-json\/wp\/v2\/pages\/240","targetHints":{"allow":["GET"]}}],"collection":[{"href":"https:\/\/6io.fr\/index.php\/wp-json\/wp\/v2\/pages"}],"about":[{"href":"https:\/\/6io.fr\/index.php\/wp-json\/wp\/v2\/types\/page"}],"author":[{"embeddable":true,"href":"https:\/\/6io.fr\/index.php\/wp-json\/wp\/v2\/users\/1"}],"replies":[{"embeddable":true,"href":"https:\/\/6io.fr\/index.php\/wp-json\/wp\/v2\/comments?post=240"}],"version-history":[{"count":15,"href":"https:\/\/6io.fr\/index.php\/wp-json\/wp\/v2\/pages\/240\/revisions"}],"predecessor-version":[{"id":1064,"href":"https:\/\/6io.fr\/index.php\/wp-json\/wp\/v2\/pages\/240\/revisions\/1064"}],"wp:attachment":[{"href":"https:\/\/6io.fr\/index.php\/wp-json\/wp\/v2\/media?parent=240"}],"curies":[{"name":"wp","href":"https:\/\/api.w.org\/{rel}","templated":true}]}}