{"id":232,"date":"2020-03-05T23:37:13","date_gmt":"2020-03-05T22:37:13","guid":{"rendered":"http:\/\/6io.fr\/beta\/?page_id=232"},"modified":"2025-10-23T15:49:02","modified_gmt":"2025-10-23T13:49:02","slug":"chambre-saint-claude-la-colombiere","status":"publish","type":"page","link":"https:\/\/6io.fr\/index.php\/chambre-saint-claude-la-colombiere\/","title":{"rendered":"Chambre Saint-Claude-la-Colombi\u00e8re"},"content":{"rendered":"\n<p class=\"has-drop-cap has-background\" style=\"background-color:#ceebb6\">Cette chambre familiale se situe au 1er \u00e9tage. Elle est compos\u00e9e d&rsquo;un lit double et de 2 lits simples superpos\u00e9s. Il est possible de transformer le lit double en 2 lit jumeaux. Dans cette chambre, vous disposez d&rsquo;un cabinet de toilette privatif avec douche, WC et lavabo.<br>La location de cette chambre correspond \u00e0 une prestation chambre d&rsquo;h\u00f4te, c&rsquo;est-\u00e0-dire qu&rsquo;elle comprend la fourniture des draps et des petits d\u00e9jeuners. Vous aurez aussi acc\u00e8s \u00e0 la piscine de la r\u00e9sidence aux heures et jours d&rsquo;ouvertures.<\/p>\n\n\n\n<p>REMISES en basse saison :<\/p>\n\n\n\n<p><mark style=\"background-color:rgba(0, 0, 0, 0)\" class=\"has-inline-color has-luminous-vivid-orange-color\">Pour 2 ou 3 nuit\u00e9es cons\u00e9cutives : une remise de <strong>10%<\/strong> est accord\u00e9e ;<br>Pour 4 ou 5 nuit\u00e9es cons\u00e9cutives : <mark style=\"background-color:rgba(0, 0, 0, 0)\" class=\"has-inline-color has-luminous-vivid-orange-color\">une remise de<\/mark><\/mark> <mark style=\"background-color:rgba(0, 0, 0, 0)\" class=\"has-inline-color has-luminous-vivid-orange-color\"><strong>20%<\/strong> est accord\u00e9e ;<br>Pour 6 nuit\u00e9es cons\u00e9cutives : <mark style=\"background-color:rgba(0, 0, 0, 0)\" class=\"has-inline-color has-luminous-vivid-orange-color\">une remise de<\/mark><\/mark> <mark style=\"background-color:rgba(0, 0, 0, 0)\" class=\"has-inline-color has-luminous-vivid-orange-color\"><strong>25%<\/strong> est accord\u00e9e ;<br>Pour une semaine : <mark style=\"background-color:rgba(0, 0, 0, 0)\" class=\"has-inline-color has-luminous-vivid-orange-color\">une remise de<\/mark><\/mark> <mark style=\"background-color:rgba(0, 0, 0, 0)\" class=\"has-inline-color has-luminous-vivid-orange-color\"><strong>30%<\/strong> est accord\u00e9e.<br><\/mark><br><sub><mark style=\"background-color:rgba(0, 0, 0, 0)\" class=\"has-inline-color has-cyan-bluish-gray-color\">Ces remises ne sont pas cumulables entre elles.<\/mark><\/sub><\/p>\n\n\n\n<p><strong><span class=\"has-inline-color has-vivid-red-color\">Tarifs en chambre d&rsquo;h\u00f4te avec draps, serviettes et petit d\u00e9jeuner compris.<\/span><\/strong><\/p>\n\n\n\n<figure class=\"wp-block-table\"><table><tbody><tr><td class=\"has-text-align-center\" data-align=\"center\">Tarifs pour 1 personne<\/td><td class=\"has-text-align-center\" data-align=\"center\"><strong>une nuit\u00e9e<\/strong><\/td><td class=\"has-text-align-center\" data-align=\"center\"><strong>une nuit\u00e9e en demi-pension<\/strong><\/td><\/tr><tr><td class=\"has-text-align-center\" data-align=\"center\">Basse saison<\/td><td class=\"has-text-align-center\" data-align=\"center\">50,00\u20ac<\/td><td class=\"has-text-align-center\" data-align=\"center\">65,00\u20ac<\/td><\/tr><tr><td class=\"has-text-align-center\" data-align=\"center\">Haute saison<\/td><td class=\"has-text-align-center\" data-align=\"center\">65,00\u20ac<\/td><td class=\"has-text-align-center\" data-align=\"center\">80,00\u20ac<\/td><\/tr><\/tbody><\/table><figcaption class=\"wp-element-caption\">5\u20ac de frais de gestion + 0,80\u20ac par adulte et par nuit de taxe de s\u00e9jour sont \u00e0 compter en plus.<br>BS : Basse saison. Tout au long de l&rsquo;ann\u00e9e (hors vacances scolaires toutes zones, et hors sessions et \u00e9v\u00e9nements sur Paray-le-Monial).<br>MS : Moyenne saison. Toutes vacances scolaires toutes zones (hors \u00e9t\u00e9).<br>HS : Haute saison. Vacances estivales (hors sessions et \u00e9v\u00e9nements sur Paray-le-Monial).<\/figcaption><\/figure>\n\n\n\n<figure class=\"wp-block-table\"><table><tbody><tr><td class=\"has-text-align-center\" data-align=\"center\">Tarifs pour 2 personnes en haute saison<\/td><td class=\"has-text-align-center\" data-align=\"center\"><strong>une nuit\u00e9e<\/strong><\/td><td class=\"has-text-align-center\" data-align=\"center\"><strong>une nuit\u00e9e en demi-pension<\/strong><\/td><\/tr><tr><td class=\"has-text-align-center\" data-align=\"center\">Haute saison<\/td><td class=\"has-text-align-center\" data-align=\"center\">85,00\u20ac<\/td><td class=\"has-text-align-center\" data-align=\"center\">115,00\u20ac<\/td><\/tr><tr><td class=\"has-text-align-center\" data-align=\"center\">1 personne suppl\u00e9mentaire<\/td><td class=\"has-text-align-center\" data-align=\"center\">20,00\u20ac<\/td><td class=\"has-text-align-center\" data-align=\"center\">35,00\u20ac<\/td><\/tr><tr><td class=\"has-text-align-center\" data-align=\"center\">2 personnes suppl\u00e9mentaires<\/td><td class=\"has-text-align-center\" data-align=\"center\">35,00\u20ac<\/td><td class=\"has-text-align-center\" data-align=\"center\">65,00\u20ac<\/td><\/tr><tr><td class=\"has-text-align-center\" data-align=\"center\">Lit parapluie <br><sup>ou<\/sup><br>Un petit matelas<sub><sup> uniquement en 5\u00e8me couchage<\/sup><\/sub><\/td><td class=\"has-text-align-center\" data-align=\"center\">10,00\u20ac<\/td><td class=\"has-text-align-center\" data-align=\"center\">20,00\u20ac<\/td><\/tr><tr><td class=\"has-text-align-center\" data-align=\"center\"><strong>En basse saison : Tarifs haute saison -25%<\/strong><\/td><td class=\"has-text-align-center\" data-align=\"center\"><\/td><td class=\"has-text-align-center\" data-align=\"center\"><\/td><\/tr><\/tbody><\/table><figcaption class=\"wp-element-caption\">5\u20ac de frais de gestion + 0,80\u20ac par adulte et par nuit de taxe de s\u00e9jour sont \u00e0 compter en plus.<br>BS : Basse saison. Tout au long de l&rsquo;ann\u00e9e (hors vacances scolaires toutes zones, et hors sessions et \u00e9v\u00e9nements sur Paray-le-Monial).<br>MS : Moyenne saison. Toutes vacances scolaires toutes zones (hors \u00e9t\u00e9).<br>HS : Haute saison. Vacances estivales (hors sessions et \u00e9v\u00e9nements sur Paray-le-Monial).<\/figcaption><\/figure>\n\n\n\n\n\n\n\n<figure class=\"wp-block-gallery has-nested-images columns-default is-cropped wp-block-gallery-1 is-layout-flex wp-block-gallery-is-layout-flex\">\n<figure class=\"wp-block-image size-large\"><img fetchpriority=\"high\" decoding=\"async\" width=\"1024\" height=\"575\" data-id=\"27\" src=\"https:\/\/6io.fr\/wp-content\/uploads\/2020\/01\/88954DAA-7636-4DB8-9A01-B8C2B39541B8-1024x575.jpeg\" alt=\"\" class=\"wp-image-27\" srcset=\"https:\/\/6io.fr\/wp-content\/uploads\/2020\/01\/88954DAA-7636-4DB8-9A01-B8C2B39541B8-1024x575.jpeg 1024w, https:\/\/6io.fr\/wp-content\/uploads\/2020\/01\/88954DAA-7636-4DB8-9A01-B8C2B39541B8-300x168.jpeg 300w, https:\/\/6io.fr\/wp-content\/uploads\/2020\/01\/88954DAA-7636-4DB8-9A01-B8C2B39541B8-768x431.jpeg 768w, https:\/\/6io.fr\/wp-content\/uploads\/2020\/01\/88954DAA-7636-4DB8-9A01-B8C2B39541B8.jpeg 1136w\" sizes=\"(max-width: 767px) 89vw, (max-width: 1000px) 54vw, (max-width: 1071px) 543px, 580px\" \/><\/figure>\n\n\n\n<figure class=\"wp-block-image size-large\"><img decoding=\"async\" width=\"1024\" height=\"575\" data-id=\"26\" src=\"https:\/\/6io.fr\/wp-content\/uploads\/2020\/01\/3B7B78B1-F863-4F69-990E-79732E492DEC-1024x575.jpeg\" alt=\"\" class=\"wp-image-26\" srcset=\"https:\/\/6io.fr\/wp-content\/uploads\/2020\/01\/3B7B78B1-F863-4F69-990E-79732E492DEC-1024x575.jpeg 1024w, https:\/\/6io.fr\/wp-content\/uploads\/2020\/01\/3B7B78B1-F863-4F69-990E-79732E492DEC-300x168.jpeg 300w, https:\/\/6io.fr\/wp-content\/uploads\/2020\/01\/3B7B78B1-F863-4F69-990E-79732E492DEC-768x431.jpeg 768w, https:\/\/6io.fr\/wp-content\/uploads\/2020\/01\/3B7B78B1-F863-4F69-990E-79732E492DEC.jpeg 1136w\" sizes=\"(max-width: 767px) 89vw, (max-width: 1000px) 54vw, (max-width: 1071px) 543px, 580px\" \/><\/figure>\n\n\n\n<figure class=\"wp-block-image size-large\"><img decoding=\"async\" width=\"1024\" height=\"768\" data-id=\"25\" src=\"https:\/\/6io.fr\/wp-content\/uploads\/2020\/01\/28A8555E-962A-4EF6-9919-78D5D4351112-1024x768.jpeg\" alt=\"St Claude\" class=\"wp-image-25\" srcset=\"https:\/\/6io.fr\/wp-content\/uploads\/2020\/01\/28A8555E-962A-4EF6-9919-78D5D4351112-1024x768.jpeg 1024w, https:\/\/6io.fr\/wp-content\/uploads\/2020\/01\/28A8555E-962A-4EF6-9919-78D5D4351112-300x225.jpeg 300w, https:\/\/6io.fr\/wp-content\/uploads\/2020\/01\/28A8555E-962A-4EF6-9919-78D5D4351112-768x576.jpeg 768w, https:\/\/6io.fr\/wp-content\/uploads\/2020\/01\/28A8555E-962A-4EF6-9919-78D5D4351112-1536x1152.jpeg 1536w, https:\/\/6io.fr\/wp-content\/uploads\/2020\/01\/28A8555E-962A-4EF6-9919-78D5D4351112-1568x1176.jpeg 1568w, https:\/\/6io.fr\/wp-content\/uploads\/2020\/01\/28A8555E-962A-4EF6-9919-78D5D4351112.jpeg 2048w\" sizes=\"(max-width: 767px) 89vw, (max-width: 1000px) 54vw, (max-width: 1071px) 543px, 580px\" \/><\/figure>\n\n\n\n<figure class=\"wp-block-image size-large\"><img loading=\"lazy\" decoding=\"async\" width=\"768\" height=\"1024\" data-id=\"24\" src=\"https:\/\/6io.fr\/wp-content\/uploads\/2020\/01\/AF3F7651-3DFA-46C7-B045-B8ED3F305DDA-768x1024.jpeg\" alt=\"\" class=\"wp-image-24\" srcset=\"https:\/\/6io.fr\/wp-content\/uploads\/2020\/01\/AF3F7651-3DFA-46C7-B045-B8ED3F305DDA-768x1024.jpeg 768w, https:\/\/6io.fr\/wp-content\/uploads\/2020\/01\/AF3F7651-3DFA-46C7-B045-B8ED3F305DDA-225x300.jpeg 225w, https:\/\/6io.fr\/wp-content\/uploads\/2020\/01\/AF3F7651-3DFA-46C7-B045-B8ED3F305DDA-1152x1536.jpeg 1152w, https:\/\/6io.fr\/wp-content\/uploads\/2020\/01\/AF3F7651-3DFA-46C7-B045-B8ED3F305DDA.jpeg 1536w\" sizes=\"(max-width: 767px) 89vw, (max-width: 1000px) 54vw, (max-width: 1071px) 543px, 580px\" \/><\/figure>\n\n\n\n<figure class=\"wp-block-image size-large\"><img loading=\"lazy\" decoding=\"async\" width=\"768\" height=\"1024\" data-id=\"28\" src=\"https:\/\/6io.fr\/wp-content\/uploads\/2020\/01\/63895283-6B21-4A1F-9475-3D7872A0DEEA-768x1024.jpeg\" alt=\"\" class=\"wp-image-28\" srcset=\"https:\/\/6io.fr\/wp-content\/uploads\/2020\/01\/63895283-6B21-4A1F-9475-3D7872A0DEEA-768x1024.jpeg 768w, https:\/\/6io.fr\/wp-content\/uploads\/2020\/01\/63895283-6B21-4A1F-9475-3D7872A0DEEA-225x300.jpeg 225w, https:\/\/6io.fr\/wp-content\/uploads\/2020\/01\/63895283-6B21-4A1F-9475-3D7872A0DEEA-1152x1536.jpeg 1152w, https:\/\/6io.fr\/wp-content\/uploads\/2020\/01\/63895283-6B21-4A1F-9475-3D7872A0DEEA.jpeg 1536w\" sizes=\"(max-width: 767px) 89vw, (max-width: 1000px) 54vw, (max-width: 1071px) 543px, 580px\" \/><\/figure>\n\n\n\n<figure class=\"wp-block-image size-large\"><img loading=\"lazy\" decoding=\"async\" width=\"1024\" height=\"768\" data-id=\"14\" src=\"https:\/\/6io.fr\/wp-content\/uploads\/2020\/01\/AC90092F-2937-4451-8F6E-0FE3B2A8473B-1024x768.jpeg\" alt=\"\" class=\"wp-image-14\" srcset=\"https:\/\/6io.fr\/wp-content\/uploads\/2020\/01\/AC90092F-2937-4451-8F6E-0FE3B2A8473B-1024x768.jpeg 1024w, https:\/\/6io.fr\/wp-content\/uploads\/2020\/01\/AC90092F-2937-4451-8F6E-0FE3B2A8473B-300x225.jpeg 300w, https:\/\/6io.fr\/wp-content\/uploads\/2020\/01\/AC90092F-2937-4451-8F6E-0FE3B2A8473B-768x576.jpeg 768w, https:\/\/6io.fr\/wp-content\/uploads\/2020\/01\/AC90092F-2937-4451-8F6E-0FE3B2A8473B-1536x1152.jpeg 1536w, https:\/\/6io.fr\/wp-content\/uploads\/2020\/01\/AC90092F-2937-4451-8F6E-0FE3B2A8473B-1568x1176.jpeg 1568w\" sizes=\"(max-width: 767px) 89vw, (max-width: 1000px) 54vw, (max-width: 1071px) 543px, 580px\" \/><\/figure>\n\n\n\n<figure class=\"wp-block-image size-large\"><img loading=\"lazy\" decoding=\"async\" width=\"765\" height=\"1024\" data-id=\"8\" src=\"https:\/\/6io.fr\/wp-content\/uploads\/2020\/01\/B3F93874-7864-414F-BD16-582ACBDFE1C3-765x1024.jpeg\" alt=\"\" class=\"wp-image-8\" srcset=\"https:\/\/6io.fr\/wp-content\/uploads\/2020\/01\/B3F93874-7864-414F-BD16-582ACBDFE1C3-765x1024.jpeg 765w, https:\/\/6io.fr\/wp-content\/uploads\/2020\/01\/B3F93874-7864-414F-BD16-582ACBDFE1C3-224x300.jpeg 224w, https:\/\/6io.fr\/wp-content\/uploads\/2020\/01\/B3F93874-7864-414F-BD16-582ACBDFE1C3-768x1028.jpeg 768w, https:\/\/6io.fr\/wp-content\/uploads\/2020\/01\/B3F93874-7864-414F-BD16-582ACBDFE1C3-1148x1536.jpeg 1148w, https:\/\/6io.fr\/wp-content\/uploads\/2020\/01\/B3F93874-7864-414F-BD16-582ACBDFE1C3-1530x2048.jpeg 1530w, https:\/\/6io.fr\/wp-content\/uploads\/2020\/01\/B3F93874-7864-414F-BD16-582ACBDFE1C3.jpeg 1536w\" sizes=\"(max-width: 706px) 89vw, (max-width: 767px) 82vw, 740px\" \/><\/figure>\n<\/figure>\n","protected":false},"excerpt":{"rendered":"<p>Cette chambre familiale se situe au 1er \u00e9tage. Elle est compos\u00e9e d&rsquo;un lit double et de 2 lits simples superpos\u00e9s. Il est possible de transformer le lit double en 2 lit jumeaux. Dans cette chambre, vous disposez d&rsquo;un cabinet de toilette privatif avec douche, WC et lavabo.La location de cette chambre correspond \u00e0 une prestation &hellip; <\/p>\n<p class=\"link-more\"><a href=\"https:\/\/6io.fr\/index.php\/chambre-saint-claude-la-colombiere\/\" class=\"more-link\">Continuer la lecture<span class=\"screen-reader-text\"> de &laquo;&nbsp;Chambre Saint-Claude-la-Colombi\u00e8re&nbsp;&raquo;<\/span><\/a><\/p>\n","protected":false},"author":1,"featured_media":0,"parent":0,"menu_order":0,"comment_status":"closed","ping_status":"closed","template":"","meta":{"footnotes":""},"class_list":["post-232","page","type-page","status-publish","hentry"],"_links":{"self":[{"href":"https:\/\/6io.fr\/index.php\/wp-json\/wp\/v2\/pages\/232","targetHints":{"allow":["GET"]}}],"collection":[{"href":"https:\/\/6io.fr\/index.php\/wp-json\/wp\/v2\/pages"}],"about":[{"href":"https:\/\/6io.fr\/index.php\/wp-json\/wp\/v2\/types\/page"}],"author":[{"embeddable":true,"href":"https:\/\/6io.fr\/index.php\/wp-json\/wp\/v2\/users\/1"}],"replies":[{"embeddable":true,"href":"https:\/\/6io.fr\/index.php\/wp-json\/wp\/v2\/comments?post=232"}],"version-history":[{"count":19,"href":"https:\/\/6io.fr\/index.php\/wp-json\/wp\/v2\/pages\/232\/revisions"}],"predecessor-version":[{"id":1062,"href":"https:\/\/6io.fr\/index.php\/wp-json\/wp\/v2\/pages\/232\/revisions\/1062"}],"wp:attachment":[{"href":"https:\/\/6io.fr\/index.php\/wp-json\/wp\/v2\/media?parent=232"}],"curies":[{"name":"wp","href":"https:\/\/api.w.org\/{rel}","templated":true}]}}