{"id":1015,"date":"2025-03-18T18:29:49","date_gmt":"2025-03-18T17:29:49","guid":{"rendered":"https:\/\/6io.fr\/?page_id=1015"},"modified":"2025-03-18T18:29:49","modified_gmt":"2025-03-18T17:29:49","slug":"lien-vers-la-plate-forme-de-reservation","status":"publish","type":"page","link":"https:\/\/6io.fr\/index.php\/lien-vers-la-plate-forme-de-reservation\/","title":{"rendered":"Lien vers la plate-forme de r\u00e9servation"},"content":{"rendered":"\n<p>pour voir le planning des r\u00e9servations et des disponibilit\u00e9s ou pour r\u00e9server directement cliquer sur le lien suivant : <a href=\"https:\/\/secure.reservit.com\/fo\/booking\/2\/440584?langcode=FR\">https:\/\/secure.reservit.com\/fo\/booking\/2\/440584?langcode=FR<\/a><\/p>\n","protected":false},"excerpt":{"rendered":"<p>pour voir le planning des r\u00e9servations et des disponibilit\u00e9s ou pour r\u00e9server directement cliquer sur le lien suivant : https:\/\/secure.reservit.com\/fo\/booking\/2\/440584?langcode=FR<\/p>\n","protected":false},"author":1,"featured_media":0,"parent":0,"menu_order":0,"comment_status":"closed","ping_status":"closed","template":"","meta":{"footnotes":""},"class_list":["post-1015","page","type-page","status-publish","hentry"],"_links":{"self":[{"href":"https:\/\/6io.fr\/index.php\/wp-json\/wp\/v2\/pages\/1015","targetHints":{"allow":["GET"]}}],"collection":[{"href":"https:\/\/6io.fr\/index.php\/wp-json\/wp\/v2\/pages"}],"about":[{"href":"https:\/\/6io.fr\/index.php\/wp-json\/wp\/v2\/types\/page"}],"author":[{"embeddable":true,"href":"https:\/\/6io.fr\/index.php\/wp-json\/wp\/v2\/users\/1"}],"replies":[{"embeddable":true,"href":"https:\/\/6io.fr\/index.php\/wp-json\/wp\/v2\/comments?post=1015"}],"version-history":[{"count":1,"href":"https:\/\/6io.fr\/index.php\/wp-json\/wp\/v2\/pages\/1015\/revisions"}],"predecessor-version":[{"id":1018,"href":"https:\/\/6io.fr\/index.php\/wp-json\/wp\/v2\/pages\/1015\/revisions\/1018"}],"wp:attachment":[{"href":"https:\/\/6io.fr\/index.php\/wp-json\/wp\/v2\/media?parent=1015"}],"curies":[{"name":"wp","href":"https:\/\/api.w.org\/{rel}","templated":true}]}}